{"id":778,"date":"2022-08-20T11:38:52","date_gmt":"2022-08-20T03:38:52","guid":{"rendered":"https:\/\/atlatl.wpkz.cc\/?page_id=778"},"modified":"2022-09-26T13:40:43","modified_gmt":"2022-09-26T05:40:43","slug":"schedule-a-tour","status":"publish","type":"page","link":"https:\/\/www.atlatl.center\/fr\/contact\/schedule-a-tour\/","title":{"rendered":"Planifier une visite"},"content":{"rendered":"<div data-elementor-type=\"wp-page\" data-elementor-id=\"778\" class=\"elementor elementor-778\">\n\t\t\t\t\t\t<section class=\"elementor-section elementor-top-section elementor-element elementor-element-1bbe357 elementor-hidden-mobile elementor-section-boxed elementor-section-height-default elementor-section-height-default\" data-id=\"1bbe357\" data-element_type=\"section\" data-e-type=\"section\" data-settings=\"{&quot;background_background&quot;:&quot;classic&quot;}\">\n\t\t\t\t\t\t<div class=\"elementor-container elementor-column-gap-default\">\n\t\t\t\t\t<div class=\"elementor-column elementor-col-100 elementor-top-column elementor-element elementor-element-b727526\" data-id=\"b727526\" data-element_type=\"column\" data-e-type=\"column\">\n\t\t\t<div class=\"elementor-widget-wrap elementor-element-populated\">\n\t\t\t\t\t\t<div class=\"elementor-element elementor-element-c481a0d uael-nav-menu__breakpoint-none uael-nav-menu__align-left uael-submenu-open-hover uael-submenu-icon-arrow uael-submenu-animation-none uael-link-redirect-child elementor-widget elementor-widget-uael-nav-menu\" data-id=\"c481a0d\" data-element_type=\"widget\" data-e-type=\"widget\" data-settings=\"{&quot;distance_from_menu&quot;:{&quot;unit&quot;:&quot;px&quot;,&quot;size&quot;:&quot;&quot;,&quot;sizes&quot;:[]},&quot;distance_from_menu_tablet&quot;:{&quot;unit&quot;:&quot;px&quot;,&quot;size&quot;:&quot;&quot;,&quot;sizes&quot;:[]},&quot;distance_from_menu_mobile&quot;:{&quot;unit&quot;:&quot;px&quot;,&quot;size&quot;:&quot;&quot;,&quot;sizes&quot;:[]}}\" data-widget_type=\"uael-nav-menu.default\">\n\t\t\t\t<div class=\"elementor-widget-container\">\n\t\t\t\t\t\t\t<div class=\"uael-nav-menu uael-layout-horizontal uael-nav-menu-layout uael-pointer__none\" data-layout=\"horizontal\">\n\t\t\t\t<div role=\"button\" class=\"uael-nav-menu__toggle elementor-clickable\">\n\t\t\t\t\t<span class=\"screen-reader-text\">Menu principal<\/span>\n\t\t\t\t\t<div class=\"uael-nav-menu-icon\">\n\t\t\t\t\t\t\t\t\t\t\t<\/div>\n\t\t\t\t\t\t\t\t\t<\/div>\n\t\t\t\t\t\t\t<nav class=\"uael-nav-menu__layout-horizontal uael-nav-menu__submenu-arrow\" data-toggle-icon=\"\" data-close-icon=\"\" data-full-width=\"\"><ul id=\"menu-1-c481a0d\" class=\"uael-nav-menu\"><li id=\"menu-item-2327\" class=\"menu-item menu-item-type-post_type menu-item-object-page parent uael-creative-menu\"><a href=\"https:\/\/www.atlatl.center\/fr\/contact\/schedule-a-tour\/\" class = \"uael-menu-item\">Planifier une visite<\/a><\/li>\n<li id=\"menu-item-1897\" class=\"menu-item menu-item-type-post_type menu-item-object-page parent uael-creative-menu\"><a href=\"https:\/\/www.atlatl.center\/fr\/contact\/apply-for-a-space\/\" class = \"uael-menu-item\">Demande d'espace<\/a><\/li>\n<li id=\"menu-item-1898\" class=\"menu-item menu-item-type-post_type menu-item-object-page parent uael-creative-menu\"><a href=\"https:\/\/www.atlatl.center\/fr\/contact\/r-d-services\/\" class = \"uael-menu-item\">Services de R&amp;D<\/a><\/li>\n<li id=\"menu-item-1249\" class=\"menu-item menu-item-type-post_type menu-item-object-page parent uael-creative-menu\"><a href=\"https:\/\/www.atlatl.center\/fr\/contact\/partnership\/\" class = \"uael-menu-item\">Partenariat<\/a><\/li>\n<li id=\"menu-item-1250\" class=\"menu-item menu-item-type-post_type menu-item-object-page parent uael-creative-menu\"><a href=\"https:\/\/www.atlatl.center\/fr\/contact\/career\/\" class = \"uael-menu-item\">Carri\u00e8re<\/a><\/li>\n<\/ul><\/nav>\n\t\t\t\t\t<\/div>\n\t\t\t\t\t\t\t<\/div>\n\t\t\t\t<\/div>\n\t\t\t\t\t<\/div>\n\t\t<\/div>\n\t\t\t\t\t<\/div>\n\t\t<\/section>\n\t\t\t\t<section class=\"elementor-section elementor-top-section elementor-element elementor-element-97a0db9 elementor-section-boxed elementor-section-height-default elementor-section-height-default elementor-invisible\" data-id=\"97a0db9\" data-element_type=\"section\" data-e-type=\"section\" data-settings=\"{&quot;animation&quot;:&quot;fadeInUp&quot;}\">\n\t\t\t\t\t\t<div class=\"elementor-container elementor-column-gap-default\">\n\t\t\t\t\t<div class=\"elementor-column elementor-col-100 elementor-top-column elementor-element elementor-element-0603990\" data-id=\"0603990\" data-element_type=\"column\" data-e-type=\"column\" data-settings=\"{&quot;background_background&quot;:&quot;classic&quot;}\">\n\t\t\t<div class=\"elementor-widget-wrap elementor-element-populated\">\n\t\t\t\t\t\t<div class=\"elementor-element elementor-element-852286f elementor-widget elementor-widget-image\" data-id=\"852286f\" data-element_type=\"widget\" data-e-type=\"widget\" data-widget_type=\"image.default\">\n\t\t\t\t<div class=\"elementor-widget-container\">\n\t\t\t\t\t\t\t\t\t\t\t\t\t\t\t<img alt=\"\" fetchpriority=\"high\" decoding=\"async\" width=\"1520\" height=\"358\" src=\"https:\/\/www.atlatl.center\/wp-content\/uploads\/2022\/09\/Schedule-a-Tour.jpg\" class=\"attachment-full size-full wp-image-2288\" \/>\t\t\t\t\t\t\t\t\t\t\t\t\t\t\t<\/div>\n\t\t\t\t<\/div>\n\t\t\t\t<section class=\"elementor-section elementor-inner-section elementor-element elementor-element-9e55cc9 elementor-section-boxed elementor-section-height-default elementor-section-height-default\" data-id=\"9e55cc9\" data-element_type=\"section\" data-e-type=\"section\">\n\t\t\t\t\t\t<div class=\"elementor-container elementor-column-gap-default\">\n\t\t\t\t\t<div class=\"elementor-column elementor-col-100 elementor-inner-column elementor-element elementor-element-53d7cce\" data-id=\"53d7cce\" data-element_type=\"column\" data-e-type=\"column\" data-settings=\"{&quot;background_background&quot;:&quot;classic&quot;}\">\n\t\t\t<div class=\"elementor-widget-wrap elementor-element-populated\">\n\t\t\t\t\t\t<div class=\"elementor-element elementor-element-f478b81 elementor-widget elementor-widget-heading\" data-id=\"f478b81\" data-element_type=\"widget\" data-e-type=\"widget\" data-widget_type=\"heading.default\">\n\t\t\t\t<div class=\"elementor-widget-container\">\n\t\t\t\t\t<h2 class=\"elementor-heading-title elementor-size-default\">Planifier une visite<\/h2>\t\t\t\t<\/div>\n\t\t\t\t<\/div>\n\t\t\t\t<div class=\"elementor-element elementor-element-8838e45 elementor-widget elementor-widget-text-editor\" data-id=\"8838e45\" data-element_type=\"widget\" data-e-type=\"widget\" data-widget_type=\"text-editor.default\">\n\t\t\t\t<div class=\"elementor-widget-container\">\n\t\t\t\t\t\t\t\t\t<p>Que vous souhaitiez devenir membre d'ATLATL ou simplement d\u00e9couvrir les installations les plus innovantes, nous sommes toujours heureux de vous accueillir !<\/p>\t\t\t\t\t\t\t\t<\/div>\n\t\t\t\t<\/div>\n\t\t\t\t<div class=\"elementor-element elementor-element-1a40777 elementor-widget elementor-widget-shortcode\" data-id=\"1a40777\" data-element_type=\"widget\" data-e-type=\"widget\" data-widget_type=\"shortcode.default\">\n\t\t\t\t<div class=\"elementor-widget-container\">\n\t\t\t\t\t\t\t<div class=\"elementor-shortcode\"><div class=\"forminator-ui forminator-custom-form forminator-custom-form-2252 forminator-design--default  forminator_ajax\" data-forminator-render=\"0\" data-form=\"forminator-module-2252\" data-uid=\"69df09f193cc1\"><br\/><\/div><form\n\t\t\t\tid=\"forminator-module-2252\"\n\t\t\t\tclass=\"forminator-ui forminator-custom-form forminator-custom-form-2252 forminator-design--default  forminator_ajax\"\n\t\t\t\tmethod=\"post\"\n\t\t\t\tdata-forminator-render=\"0\"\n\t\t\t\tdata-form-id=\"2252\"\n\t\t\t\t data-color-option=\"default\" data-design=\"default\" data-grid=\"open\" style=\"display: none;\"\n\t\t\t\tdata-uid=\"69df09f193cc1\" action=\"\"\n\t\t\t><div role=\"alert\" aria-live=\"polite\" class=\"forminator-response-message forminator-error\" aria-hidden=\"true\"><\/div><div class=\"forminator-row\"><div id=\"name-1\" class=\"forminator-field-name forminator-col forminator-col-12\"><div class=\"forminator-field\"><label for=\"forminator-field-name-1_69df09f193cc1\" id=\"forminator-field-name-1_69df09f193cc1-label\" class=\"forminator-label\">Nom <span class=\"forminator-required\">*<\/span><\/label><input type=\"text\" name=\"name-1\" value=\"\" placeholder=\"Par exemple, John Doe\" id=\"forminator-field-name-1_69df09f193cc1\" class=\"forminator-input forminator-name--field\" aria-required=\"true\" autocomplete=\"name\" \/><\/div><\/div><\/div><div class=\"forminator-row\"><div id=\"text-1\" class=\"forminator-field-text forminator-col forminator-col-12\"><div class=\"forminator-field\"><label for=\"forminator-field-text-1_69df09f193cc1\" id=\"forminator-field-text-1_69df09f193cc1-label\" class=\"forminator-label\">Entreprise <span class=\"forminator-required\">*<\/span><\/label><input type=\"text\" name=\"text-1\" value=\"\" placeholder=\"Saisissez le nom de votre entreprise\" id=\"forminator-field-text-1_69df09f193cc1\" class=\"forminator-input forminator-name--field\" data-required=\"1\" \/><\/div><\/div><\/div><div class=\"forminator-row\"><div id=\"text-2\" class=\"forminator-field-text forminator-col forminator-col-12\"><div class=\"forminator-field\"><label for=\"forminator-field-text-2_69df09f193cc1\" id=\"forminator-field-text-2_69df09f193cc1-label\" class=\"forminator-label\">Position <span class=\"forminator-required\">*<\/span><\/label><input type=\"text\" name=\"text-2\" value=\"\" placeholder=\"Saisissez votre position\" id=\"forminator-field-text-2_69df09f193cc1\" class=\"forminator-input forminator-name--field\" data-required=\"1\" \/><\/div><\/div><\/div><div class=\"forminator-row\"><div id=\"email-1\" class=\"forminator-field-email forminator-col forminator-col-12\"><div class=\"forminator-field\"><label for=\"forminator-field-email-1_69df09f193cc1\" id=\"forminator-field-email-1_69df09f193cc1-label\" class=\"forminator-label\">Courriel <span class=\"forminator-required\">*<\/span><\/label><input type=\"email\" name=\"email-1\" value=\"\" placeholder=\"Par exemple : john@doe.com\" id=\"forminator-field-email-1_69df09f193cc1\" class=\"forminator-input forminator-email--field\" data-required=\"1\" aria-required=\"true\" autocomplete=\"email\" \/><\/div><\/div><\/div><div class=\"forminator-row\"><div id=\"text-3\" class=\"forminator-field-text forminator-col forminator-col-12\"><div class=\"forminator-field\"><label for=\"forminator-field-text-3_69df09f193cc1\" id=\"forminator-field-text-3_69df09f193cc1-label\" class=\"forminator-label\">Autre contact<\/label><input type=\"text\" name=\"text-3\" value=\"\" placeholder=\"Indiquez-nous l&#039;autre moyen de vous joindre : num\u00e9ro de t\u00e9l\u00e9phone \/ ID WeChat\" id=\"forminator-field-text-3_69df09f193cc1\" class=\"forminator-input forminator-name--field\" data-required=\"\" \/><\/div><\/div><\/div><div class=\"forminator-row\"><div id=\"radio-1\" class=\"forminator-field-radio forminator-col forminator-col-12\"><div role=\"radiogroup\" class=\"forminator-field\" aria-labelledby=\"forminator-radiogroup-radio-1-69df09f193cc1-label\"><span id=\"forminator-radiogroup-radio-1-69df09f193cc1-label\" class=\"forminator-label\">Le site ATLATL que vous pr\u00e9f\u00e9rez visiter <span class=\"forminator-required\">*<\/span><\/span><label id=\"forminator-field-radio-1-label-1\" for=\"forminator-field-radio-1-1-69df09f193cc1\" class=\"forminator-radio forminator-has_image forminator-has_bullet\" title=\"Centre d&#039;innovation ATLATL (HQ)\"><input type=\"radio\" name=\"radio-1\" value=\"ATLATL-Innovation-Center-HQ\" id=\"forminator-field-radio-1-1-69df09f193cc1\" aria-labelledby=\"forminator-field-radio-1-label-1\" data-calculation=\"0\"  \/><span class=\"forminator-radio-bullet\" aria-hidden=\"true\"><\/span><span class=\"forminator-radio-label\">Centre d'innovation ATLATL (HQ)<\/span><span class=\"forminator-radio-image\" aria-hidden=\"true\"><span style=\"background-image: url(https:\/\/www.atlatl.center\/wp-content\/uploads\/2022\/09\/tuor001.jpg);\"><\/span><\/span><\/label><label id=\"forminator-field-radio-1-label-2\" for=\"forminator-field-radio-1-2-69df09f193cc1\" class=\"forminator-radio forminator-has_image forminator-has_bullet\" title=\"Bourse de l&#039;innovation ATLATL\"><input type=\"radio\" name=\"radio-1\" value=\"ATLATL-Innovation-Exchange\" id=\"forminator-field-radio-1-2-69df09f193cc1\" aria-labelledby=\"forminator-field-radio-1-label-2\" data-calculation=\"0\"  \/><span class=\"forminator-radio-bullet\" aria-hidden=\"true\"><\/span><span class=\"forminator-radio-label\">Bourse de l'innovation ATLATL<\/span><span class=\"forminator-radio-image\" aria-hidden=\"true\"><span style=\"background-image: url(https:\/\/www.atlatl.center\/wp-content\/uploads\/2022\/09\/tuor002.jpg);\"><\/span><\/span><\/label><label id=\"forminator-field-radio-1-label-3\" for=\"forminator-field-radio-1-3-69df09f193cc1\" class=\"forminator-radio forminator-has_image forminator-has_bullet\" title=\"Plate-forme internationale d&#039;innovation ATLATL de P\u00e9kin\"><input type=\"radio\" name=\"radio-1\" value=\"Beijing-ATLATL-International-Innovation-Platform\" id=\"forminator-field-radio-1-3-69df09f193cc1\" aria-labelledby=\"forminator-field-radio-1-label-3\" data-calculation=\"0\"  \/><span class=\"forminator-radio-bullet\" aria-hidden=\"true\"><\/span><span class=\"forminator-radio-label\">Plate-forme internationale d'innovation ATLATL de P\u00e9kin<\/span><span class=\"forminator-radio-image\" aria-hidden=\"true\"><span style=\"background-image: url(https:\/\/www.atlatl.center\/wp-content\/uploads\/2022\/09\/tuor003.jpg);\"><\/span><\/span><\/label><label id=\"forminator-field-radio-1-label-4\" for=\"forminator-field-radio-1-4-69df09f193cc1\" class=\"forminator-radio forminator-has_image forminator-has_bullet\" title=\"Acc\u00e9l\u00e9rateur ATLATL Suzhou\"><input type=\"radio\" name=\"radio-1\" value=\"ATLATL-Suzhou-Accelerator\" id=\"forminator-field-radio-1-4-69df09f193cc1\" aria-labelledby=\"forminator-field-radio-1-label-4\" data-calculation=\"0\"  \/><span class=\"forminator-radio-bullet\" aria-hidden=\"true\"><\/span><span class=\"forminator-radio-label\">Acc\u00e9l\u00e9rateur ATLATL Suzhou<\/span><span class=\"forminator-radio-image\" aria-hidden=\"true\"><span style=\"background-image: url(https:\/\/www.atlatl.center\/wp-content\/uploads\/2022\/09\/tuor004.jpg);\"><\/span><\/span><\/label><\/div><\/div><\/div><div class=\"forminator-row\"><div id=\"radio-2\" class=\"forminator-field-radio forminator-col forminator-col-12\"><div role=\"radiogroup\" class=\"forminator-field\" aria-labelledby=\"forminator-radiogroup-radio-2-69df09f193cc1-label\"><span id=\"forminator-radiogroup-radio-2-69df09f193cc1-label\" class=\"forminator-label\">Combien d'invit\u00e9s vont visiter ATLATL ? <span class=\"forminator-required\">*<\/span><\/span><label id=\"forminator-field-radio-2-label-1\" for=\"forminator-field-radio-2-1-69df09f193cc1\" class=\"forminator-radio forminator-radio-inline\" title=\"1-5\"><input type=\"radio\" name=\"radio-2\" value=\"1-5\" id=\"forminator-field-radio-2-1-69df09f193cc1\" aria-labelledby=\"forminator-field-radio-2-label-1\" data-calculation=\"0\"  \/><span class=\"forminator-radio-bullet\" aria-hidden=\"true\"><\/span><span class=\"forminator-radio-label\">1-5<\/span><\/label><label id=\"forminator-field-radio-2-label-2\" for=\"forminator-field-radio-2-2-69df09f193cc1\" class=\"forminator-radio forminator-radio-inline\" title=\"6-10\"><input type=\"radio\" name=\"radio-2\" value=\"6-10\" id=\"forminator-field-radio-2-2-69df09f193cc1\" aria-labelledby=\"forminator-field-radio-2-label-2\" data-calculation=\"0\"  \/><span class=\"forminator-radio-bullet\" aria-hidden=\"true\"><\/span><span class=\"forminator-radio-label\">6-10<\/span><\/label><label id=\"forminator-field-radio-2-label-3\" for=\"forminator-field-radio-2-3-69df09f193cc1\" class=\"forminator-radio forminator-radio-inline\" title=\"10 ou plus\"><input type=\"radio\" name=\"radio-2\" value=\"10-or-above\" id=\"forminator-field-radio-2-3-69df09f193cc1\" aria-labelledby=\"forminator-field-radio-2-label-3\" data-calculation=\"0\"  \/><span class=\"forminator-radio-bullet\" aria-hidden=\"true\"><\/span><span class=\"forminator-radio-label\">10 ou plus<\/span><\/label><\/div><\/div><\/div><div class=\"forminator-row\"><div id=\"checkbox-1\" class=\"forminator-field-checkbox forminator-col forminator-col-12\"><div role=\"group\" class=\"forminator-field required\" aria-labelledby=\"forminator-checkbox-group-forminator-field-checkbox-1-69df09f193cc1-label\"><span id=\"forminator-checkbox-group-forminator-field-checkbox-1-69df09f193cc1-label\" class=\"forminator-label\">Qu'est-ce qui vous int\u00e9resse le plus ? <span class=\"forminator-required\">*<\/span><\/span><label id=\"forminator-field-checkbox-1-1-69df09f193cc1-label\" for=\"forminator-field-checkbox-1-1-69df09f193cc1\" class=\"forminator-checkbox\" title=\"Laboratoire central et \u00e9quipements\"><input type=\"checkbox\" name=\"checkbox-1[]\" value=\"Central-Lab-and-Equipments\" id=\"forminator-field-checkbox-1-1-69df09f193cc1\" aria-labelledby=\"forminator-field-checkbox-1-1-69df09f193cc1-label\" data-calculation=\"0\"  \/><span class=\"forminator-checkbox-box\" aria-hidden=\"true\"><\/span><span class=\"forminator-checkbox-label\">Laboratoire central et \u00e9quipements<\/span><\/label><label id=\"forminator-field-checkbox-1-2-69df09f193cc1-label\" for=\"forminator-field-checkbox-1-2-69df09f193cc1\" class=\"forminator-checkbox\" title=\"Espace de laboratoire priv\u00e9\"><input type=\"checkbox\" name=\"checkbox-1[]\" value=\"Private-Lab-Space\" id=\"forminator-field-checkbox-1-2-69df09f193cc1\" aria-labelledby=\"forminator-field-checkbox-1-2-69df09f193cc1-label\" data-calculation=\"0\"  \/><span class=\"forminator-checkbox-box\" aria-hidden=\"true\"><\/span><span class=\"forminator-checkbox-label\">Espace de laboratoire priv\u00e9<\/span><\/label><label id=\"forminator-field-checkbox-1-3-69df09f193cc1-label\" for=\"forminator-field-checkbox-1-3-69df09f193cc1\" class=\"forminator-checkbox\" title=\"Espace professionnel et bureaux\"><input type=\"checkbox\" name=\"checkbox-1[]\" value=\"Business-Space-and-Offices\" id=\"forminator-field-checkbox-1-3-69df09f193cc1\" aria-labelledby=\"forminator-field-checkbox-1-3-69df09f193cc1-label\" data-calculation=\"0\"  \/><span class=\"forminator-checkbox-box\" aria-hidden=\"true\"><\/span><span class=\"forminator-checkbox-label\">Espace professionnel et bureaux<\/span><\/label><label id=\"forminator-field-checkbox-1-4-69df09f193cc1-label\" for=\"forminator-field-checkbox-1-4-69df09f193cc1\" class=\"forminator-checkbox\" title=\"Amenties\"><input type=\"checkbox\" name=\"checkbox-1[]\" value=\"Amenties\" id=\"forminator-field-checkbox-1-4-69df09f193cc1\" aria-labelledby=\"forminator-field-checkbox-1-4-69df09f193cc1-label\" data-calculation=\"0\"  \/><span class=\"forminator-checkbox-box\" aria-hidden=\"true\"><\/span><span class=\"forminator-checkbox-label\">Amenties<\/span><\/label><label id=\"forminator-field-checkbox-1-5-69df09f193cc1-label\" for=\"forminator-field-checkbox-1-5-69df09f193cc1\" class=\"forminator-checkbox\" title=\"Services de R&amp;D\"><input type=\"checkbox\" name=\"checkbox-1[]\" value=\"R&amp;D-services\" id=\"forminator-field-checkbox-1-5-69df09f193cc1\" aria-labelledby=\"forminator-field-checkbox-1-5-69df09f193cc1-label\" data-calculation=\"0\"  \/><span class=\"forminator-checkbox-box\" aria-hidden=\"true\"><\/span><span class=\"forminator-checkbox-label\">Services de R&amp;D<\/span><\/label><label id=\"forminator-field-checkbox-1-6-69df09f193cc1-label\" for=\"forminator-field-checkbox-1-6-69df09f193cc1\" class=\"forminator-checkbox\" title=\"Autres\"><input type=\"checkbox\" name=\"checkbox-1[]\" value=\"Other\" id=\"forminator-field-checkbox-1-6-69df09f193cc1\" aria-labelledby=\"forminator-field-checkbox-1-6-69df09f193cc1-label\" data-calculation=\"0\"  \/><span class=\"forminator-checkbox-box\" aria-hidden=\"true\"><\/span><span class=\"forminator-checkbox-label\">Autres<\/span><\/label><\/div><\/div><\/div><div class=\"forminator-row\"><div id=\"date-1\" class=\"forminator-field-date forminator-col forminator-col-12\"><div class=\"forminator-field\"><label for=\"forminator-field-date-1-picker_69df09f193cc1\" id=\"forminator-field-date-1-picker_69df09f193cc1-label\" class=\"forminator-label\">Quand pr\u00e9voyez-vous de vous rendre sur place ? <span class=\"forminator-required\">*<\/span><\/label><div class=\"forminator-input-with-icon\"><span class=\"forminator-icon-calendar\" aria-hidden=\"true\"><\/span><input autocomplete=\"off\" type=\"text\" size=\"1\" name=\"date-1\" value=\"\" placeholder=\"Choisir la date\" id=\"forminator-field-date-1-picker_69df09f193cc1\" class=\"forminator-input forminator-datepicker\" data-required=\"1\" data-format=\"mm\/dd\/yy\" data-restrict-type=\"\" data-restrict=\"\" data-start-year=\"2026\" data-end-year=\"2126\" data-past-dates=\"enable\" data-start-of-week=\"1\" data-start-date=\"2026-04-15\" data-end-date=\"\" data-start-field=\"\" data-end-field=\"\" data-start-offset=\"\" data-end-offset=\"\" data-disable-date=\"\" data-disable-range=\"\" \/><\/div><\/div><\/div><\/div><input type=\"hidden\" name=\"referer_url\" value=\"\" \/><div class=\"forminator-row forminator-row-last\"><div class=\"forminator-col\"><div class=\"forminator-field\"><button class=\"forminator-button forminator-button-submit\">Soumettre<\/button><\/div><\/div><\/div><input type=\"hidden\" id=\"forminator_nonce\" name=\"forminator_nonce\" value=\"ed605de40f\" \/><input type=\"hidden\" name=\"_wp_http_referer\" value=\"\/fr\/wp-json\/wp\/v2\/pages\/778\" \/><input type=\"hidden\" name=\"form_id\" value=\"2252\"><input type=\"hidden\" name=\"page_id\" value=\"778\"><input type=\"hidden\" name=\"form_type\" value=\"default\"><input type=\"hidden\" name=\"current_url\" value=\"https:\/\/www.atlatl.center\/fr\/contact\/schedule-a-tour\/\"><input type=\"hidden\" name=\"render_id\" value=\"0\"><input type=\"hidden\" name=\"action\" value=\"forminator_submit_form_custom-forms\"><input type=\"hidden\" name=\"trp-form-language\" value=\"fr\"\/><\/form><\/div>\n\t\t\t\t\t\t<\/div>\n\t\t\t\t<\/div>\n\t\t\t\t\t<\/div>\n\t\t<\/div>\n\t\t\t\t\t<\/div>\n\t\t<\/section>\n\t\t\t\t\t<\/div>\n\t\t<\/div>\n\t\t\t\t\t<\/div>\n\t\t<\/section>\n\t\t\t\t<\/div>","protected":false},"excerpt":{"rendered":"<p>Demander un espace Services de R&amp;D Partenariat Carri\u00e8re Planifier une visite Que vous souhaitiez devenir membre d'ATLATL ou que vous vouliez simplement voir l'installation d'innovation la plus cool, nous sommes toujours heureux de vous accueillir !<\/p>","protected":false},"author":1,"featured_media":0,"parent":34,"menu_order":0,"comment_status":"closed","ping_status":"closed","template":"","meta":{"_seopress_robots_primary_cat":"","_seopress_titles_title":"","_seopress_titles_desc":"","_seopress_robots_index":"","site-sidebar-layout":"no-sidebar","site-content-layout":"page-builder","ast-site-content-layout":"default","site-content-style":"default","site-sidebar-style":"default","ast-global-header-display":"","ast-banner-title-visibility":"","ast-main-header-display":"","ast-hfb-above-header-display":"","ast-hfb-below-header-display":"","ast-hfb-mobile-header-display":"","site-post-title":"disabled","ast-breadcrumbs-content":"","ast-featured-img":"disabled","footer-sml-layout":"","ast-disable-related-posts":"","theme-transparent-header-meta":"","adv-header-id-meta":"","stick-header-meta":"","header-above-stick-meta":"","header-main-stick-meta":"","header-below-stick-meta":"","astra-migrate-meta-layouts":"default","ast-page-background-enabled":"default","ast-page-background-meta":{"desktop":{"background-color":"var(--ast-global-color-4)","background-image":"","background-repeat":"repeat","background-position":"center center","background-size":"auto","background-attachment":"scroll","background-type":"","background-media":"","overlay-type":"","overlay-color":"","overlay-opacity":"","overlay-gradient":""},"tablet":{"background-color":"","background-image":"","background-repeat":"repeat","background-position":"center center","background-size":"auto","background-attachment":"scroll","background-type":"","background-media":"","overlay-type":"","overlay-color":"","overlay-opacity":"","overlay-gradient":""},"mobile":{"background-color":"","background-image":"","background-repeat":"repeat","background-position":"center center","background-size":"auto","background-attachment":"scroll","background-type":"","background-media":"","overlay-type":"","overlay-color":"","overlay-opacity":"","overlay-gradient":""}},"ast-content-background-meta":{"desktop":{"background-color":"var(--ast-global-color-5)","background-image":"","background-repeat":"repeat","background-position":"center center","background-size":"auto","background-attachment":"scroll","background-type":"","background-media":"","overlay-type":"","overlay-color":"","overlay-opacity":"","overlay-gradient":""},"tablet":{"background-color":"var(--ast-global-color-5)","background-image":"","background-repeat":"repeat","background-position":"center center","background-size":"auto","background-attachment":"scroll","background-type":"","background-media":"","overlay-type":"","overlay-color":"","overlay-opacity":"","overlay-gradient":""},"mobile":{"background-color":"var(--ast-global-color-5)","background-image":"","background-repeat":"repeat","background-position":"center center","background-size":"auto","background-attachment":"scroll","background-type":"","background-media":"","overlay-type":"","overlay-color":"","overlay-opacity":"","overlay-gradient":""}},"footnotes":""},"class_list":["post-778","page","type-page","status-publish"],"acf":[],"_links":{"self":[{"href":"https:\/\/www.atlatl.center\/fr\/wp-json\/wp\/v2\/pages\/778","targetHints":{"allow":["GET"]}}],"collection":[{"href":"https:\/\/www.atlatl.center\/fr\/wp-json\/wp\/v2\/pages"}],"about":[{"href":"https:\/\/www.atlatl.center\/fr\/wp-json\/wp\/v2\/types\/page"}],"author":[{"embeddable":true,"href":"https:\/\/www.atlatl.center\/fr\/wp-json\/wp\/v2\/users\/1"}],"replies":[{"embeddable":true,"href":"https:\/\/www.atlatl.center\/fr\/wp-json\/wp\/v2\/comments?post=778"}],"version-history":[{"count":0,"href":"https:\/\/www.atlatl.center\/fr\/wp-json\/wp\/v2\/pages\/778\/revisions"}],"up":[{"embeddable":true,"href":"https:\/\/www.atlatl.center\/fr\/wp-json\/wp\/v2\/pages\/34"}],"wp:attachment":[{"href":"https:\/\/www.atlatl.center\/fr\/wp-json\/wp\/v2\/media?parent=778"}],"curies":[{"name":"wp","href":"https:\/\/api.w.org\/{rel}","templated":true}]}}