{"id":758,"date":"2022-08-20T11:30:01","date_gmt":"2022-08-20T03:30:01","guid":{"rendered":"https:\/\/atlatl.wpkz.cc\/?page_id=758"},"modified":"2026-04-21T00:03:05","modified_gmt":"2026-04-20T16:03:05","slug":"animal-center","status":"publish","type":"page","link":"https:\/\/www.atlatl.center\/fr\/r-d-solutions\/animal-center\/","title":{"rendered":"Centre animalier"},"content":{"rendered":"<div data-elementor-type=\"wp-page\" data-elementor-id=\"758\" class=\"elementor elementor-758\">\n\t\t\t\t<div class=\"elementor-element elementor-element-5370a8a e-flex e-con-boxed e-con e-parent\" data-id=\"5370a8a\" data-element_type=\"container\" data-e-type=\"container\">\n\t\t\t\t\t<div class=\"e-con-inner\">\n\t\t\t\t<div class=\"elementor-element elementor-element-d3f71a6 elementor-widget elementor-widget-text-editor\" data-id=\"d3f71a6\" data-element_type=\"widget\" data-e-type=\"widget\" data-widget_type=\"text-editor.default\">\n\t\t\t\t<div class=\"elementor-widget-container\">\n\t\t\t\t\t\t\t\t\t<p data-start=\"79\" data-end=\"153\"><span style=\"font-style: inherit; font-weight: inherit; text-align: var(--text-align); background-color: var(--ast-global-color-5); color: var(--ast-global-color-3);\">La recherche sur les animaux est essentielle \u00e0 toutes les \u00e9tapes du d\u00e9veloppement biom\u00e9dical \u2013 de la d\u00e9couverte \u00e0 la s\u00e9curit\u00e9 pr\u00e9clinique \u2013 en raison de la forte pertinence biologique et immunologique des mod\u00e8les animaux.<\/span><\/p><p data-start=\"346\" data-end=\"660\">Chez CRADL, nous fournissons des installations de vivarium enti\u00e8rement \u00e9quip\u00e9es ainsi qu'un support technique complet, vous permettant de vous concentrer sur l'avancement de vos programmes pr\u00e9cliniques. Nos solutions flexibles prennent en charge \u00e0 la fois les \u00e9tudes pr\u00e9coces et l'expansion de programmes pour les startups ainsi que les entreprises de biotechnologie et pharmaceutiques \u00e9tablies.<\/p><p data-start=\"662\" data-end=\"992\">Les clients peuvent choisir parmi des espaces de vivarium au niveau des racks, au niveau des salles ou des suites priv\u00e9es, avec la possibilit\u00e9 d'adapter leurs besoins \u00e0 mesure que la recherche \u00e9volue. Des contrats flexibles et \u00e0 court terme permettent de lancer rapidement des \u00e9tudes sans investissement initial important, tandis que nos \u00e9quipes techniques sur place garantissent une ex\u00e9cution efficace et des soins aux animaux de haute qualit\u00e9.<\/p>\t\t\t\t\t\t\t\t<\/div>\n\t\t\t\t<\/div>\n\t\t\t\t<div class=\"elementor-element elementor-element-bd24245 elementor-widget elementor-widget-image\" data-id=\"bd24245\" data-element_type=\"widget\" data-e-type=\"widget\" data-widget_type=\"image.default\">\n\t\t\t\t<div class=\"elementor-widget-container\">\n\t\t\t\t\t\t\t\t\t\t\t\t\t\t\t<img fetchpriority=\"high\" decoding=\"async\" width=\"1024\" height=\"287\" src=\"https:\/\/www.atlatl.center\/wp-content\/uploads\/2026\/04\/1-Introduction-Picture-1024x287.jpg\" class=\"attachment-large size-large wp-image-3276\" alt=\"1 image d&#039;introduction\" srcset=\"https:\/\/www.atlatl.center\/wp-content\/uploads\/2026\/04\/1-Introduction-Picture-1024x287.jpg 1024w, https:\/\/www.atlatl.center\/wp-content\/uploads\/2026\/04\/1-Introduction-Picture-768x215.jpg 768w, https:\/\/www.atlatl.center\/wp-content\/uploads\/2026\/04\/1-Introduction-Picture-18x5.jpg 18w\" sizes=\"(max-width: 1024px) 100vw, 1024px\" \/>\t\t\t\t\t\t\t\t\t\t\t\t\t\t\t<\/div>\n\t\t\t\t<\/div>\n\t\t\t\t\t<\/div>\n\t\t\t\t<\/div>\n\t\t<div class=\"elementor-element elementor-element-c1c444e e-flex e-con-boxed e-con e-parent\" data-id=\"c1c444e\" data-element_type=\"container\" data-e-type=\"container\">\n\t\t\t\t\t<div class=\"e-con-inner\">\n\t\t\t\t<div class=\"elementor-element elementor-element-9bf7945 elementor-widget-divider--view-line elementor-widget elementor-widget-divider\" data-id=\"9bf7945\" data-element_type=\"widget\" data-e-type=\"widget\" data-widget_type=\"divider.default\">\n\t\t\t\t<div class=\"elementor-widget-container\">\n\t\t\t\t\t\t\t<div class=\"elementor-divider\">\n\t\t\t<span class=\"elementor-divider-separator\">\n\t\t\t\t\t\t<\/span>\n\t\t<\/div>\n\t\t\t\t\t\t<\/div>\n\t\t\t\t<\/div>\n\t\t\t\t\t<\/div>\n\t\t\t\t<\/div>\n\t\t\t\t<section class=\"elementor-section elementor-top-section elementor-element elementor-element-2de9c49 elementor-section-boxed elementor-section-height-default elementor-section-height-default elementor-invisible\" data-id=\"2de9c49\" data-element_type=\"section\" data-e-type=\"section\" data-settings=\"{&quot;animation&quot;:&quot;fadeInUp&quot;}\">\n\t\t\t\t\t\t<div class=\"elementor-container elementor-column-gap-default\">\n\t\t\t\t\t<div class=\"elementor-column elementor-col-100 elementor-top-column elementor-element elementor-element-522fbaf\" data-id=\"522fbaf\" data-element_type=\"column\" data-e-type=\"column\">\n\t\t\t<div class=\"elementor-widget-wrap elementor-element-populated\">\n\t\t\t\t\t\t<div class=\"elementor-element elementor-element-76991ea elementor-widget elementor-widget-heading\" data-id=\"76991ea\" data-element_type=\"widget\" data-e-type=\"widget\" data-widget_type=\"heading.default\">\n\t\t\t\t<div class=\"elementor-widget-container\">\n\t\t\t\t\t<h4 class=\"elementor-heading-title elementor-size-default\">Capacit\u00e9s de base :<\/h4>\t\t\t\t<\/div>\n\t\t\t\t<\/div>\n\t\t\t\t\t<\/div>\n\t\t<\/div>\n\t\t\t\t\t<\/div>\n\t\t<\/section>\n\t\t<div class=\"elementor-element elementor-element-fbdfeb6 e-flex e-con-boxed e-con e-parent\" data-id=\"fbdfeb6\" data-element_type=\"container\" data-e-type=\"container\">\n\t\t\t\t\t<div class=\"e-con-inner\">\n\t\t<div class=\"elementor-element elementor-element-cc13510 e-con-full e-flex e-con e-child\" data-id=\"cc13510\" data-element_type=\"container\" data-e-type=\"container\">\n\t\t\t\t<div class=\"elementor-element elementor-element-0b7e6db elementor-widget elementor-widget-text-editor\" data-id=\"0b7e6db\" data-element_type=\"widget\" data-e-type=\"widget\" data-widget_type=\"text-editor.default\">\n\t\t\t\t<div class=\"elementor-widget-container\">\n\t\t\t\t\t\t\t\t\t<p><b>Mod\u00e8les de recherche<\/b><br \/>Mod\u00e8les standard et immunod\u00e9prim\u00e9s<br \/>Mod\u00e8les chirurgicaux et induits<br \/>Mod\u00e8les humanis\u00e9s<br \/>Acc\u00e8s \u00e0 de nouveaux mod\u00e8les<br \/><b>Services de recherche in vivo<\/b><br \/>Reproduction et expansion de la colonie<br \/>Dosage et administration<br \/>Autopsie et pr\u00e9l\u00e8vement de tissus<br \/>Ex\u00e9cution de l'\u00e9tude et support technique<br \/><b>Capacit\u00e9s de support<\/b><br \/>Plateformes d'oncologie<br \/>Mod\u00e8les animaux \u00e2g\u00e9s<br \/>Cellules d\u00e9riv\u00e9es de l'homme<br \/>Services d'importation d'animaux<\/p><p><b>Espace vivarium<\/b><br \/>Des installations de vivarium flexibles et enti\u00e8rement \u00e9quip\u00e9es, adapt\u00e9es \u00e0 vos besoins \u2014 des modules \u00e0 plusieurs niveaux de rack et des salles individuelles aux suites priv\u00e9es \u2014 avec des options \u00e9volutives pour soutenir des projets de toute taille.<\/p>\t\t\t\t\t\t\t\t<\/div>\n\t\t\t\t<\/div>\n\t\t\t\t<\/div>\n\t\t<div class=\"elementor-element elementor-element-0f17066 e-con-full e-flex e-con e-child\" data-id=\"0f17066\" data-element_type=\"container\" data-e-type=\"container\">\n\t\t\t\t<div class=\"elementor-element elementor-element-90e898e elementor-widget elementor-widget-image\" data-id=\"90e898e\" data-element_type=\"widget\" data-e-type=\"widget\" data-widget_type=\"image.default\">\n\t\t\t\t<div class=\"elementor-widget-container\">\n\t\t\t\t\t\t\t\t\t\t\t\t\t\t\t<img decoding=\"async\" width=\"302\" height=\"234\" src=\"https:\/\/www.atlatl.center\/wp-content\/uploads\/2026\/04\/Picture6.png\" class=\"attachment-2048x2048 size-2048x2048 wp-image-3206\" alt=\"image6\" srcset=\"https:\/\/www.atlatl.center\/wp-content\/uploads\/2026\/04\/Picture6.png 302w, https:\/\/www.atlatl.center\/wp-content\/uploads\/2026\/04\/Picture6-15x12.png 15w\" sizes=\"(max-width: 302px) 100vw, 302px\" \/>\t\t\t\t\t\t\t\t\t\t\t\t\t\t\t<\/div>\n\t\t\t\t<\/div>\n\t\t\t\t<div class=\"elementor-element elementor-element-4fca48a elementor-widget elementor-widget-image\" data-id=\"4fca48a\" data-element_type=\"widget\" data-e-type=\"widget\" data-widget_type=\"image.default\">\n\t\t\t\t<div class=\"elementor-widget-container\">\n\t\t\t\t\t\t\t\t\t\t\t\t\t\t\t<img decoding=\"async\" width=\"300\" height=\"267\" src=\"https:\/\/www.atlatl.center\/wp-content\/uploads\/2026\/04\/Picture5-300x267.png\" class=\"attachment-medium size-medium wp-image-3207\" alt=\"image5\" \/>\t\t\t\t\t\t\t\t\t\t\t\t\t\t\t<\/div>\n\t\t\t\t<\/div>\n\t\t\t\t<\/div>\n\t\t\t\t\t<\/div>\n\t\t\t\t<\/div>\n\t\t\t\t<\/div>","protected":false},"excerpt":{"rendered":"<p>Animal research is essential across all stages of biomedical development\u2014from discovery through preclinical safety\u2014due to the strong biological and immunological relevance of animal models. At CRADL, we provide fully equipped vivarium facilities along with comprehensive technical support, allowing you to [&hellip;]<\/p>\n","protected":false},"author":1,"featured_media":0,"parent":744,"menu_order":2,"comment_status":"closed","ping_status":"closed","template":"","meta":{"_seopress_robots_primary_cat":"","_seopress_titles_title":"","_seopress_titles_desc":"","_seopress_robots_index":"","site-sidebar-layout":"left-sidebar","site-content-layout":"","ast-site-content-layout":"default","site-content-style":"default","site-sidebar-style":"boxed","ast-global-header-display":"","ast-banner-title-visibility":"","ast-main-header-display":"","ast-hfb-above-header-display":"","ast-hfb-below-header-display":"","ast-hfb-mobile-header-display":"","site-post-title":"","ast-breadcrumbs-content":"","ast-featured-img":"","footer-sml-layout":"","ast-disable-related-posts":"","theme-transparent-header-meta":"","adv-header-id-meta":"659","stick-header-meta":"","header-above-stick-meta":"","header-main-stick-meta":"","header-below-stick-meta":"","astra-migrate-meta-layouts":"set","ast-page-background-enabled":"default","ast-page-background-meta":{"desktop":{"background-color":"var(--ast-global-color-4)","background-image":"","background-repeat":"repeat","background-position":"center center","background-size":"auto","background-attachment":"scroll","background-type":"","background-media":"","overlay-type":"","overlay-color":"","overlay-opacity":"","overlay-gradient":""},"tablet":{"background-color":"","background-image":"","background-repeat":"repeat","background-position":"center center","background-size":"auto","background-attachment":"scroll","background-type":"","background-media":"","overlay-type":"","overlay-color":"","overlay-opacity":"","overlay-gradient":""},"mobile":{"background-color":"","background-image":"","background-repeat":"repeat","background-position":"center center","background-size":"auto","background-attachment":"scroll","background-type":"","background-media":"","overlay-type":"","overlay-color":"","overlay-opacity":"","overlay-gradient":""}},"ast-content-background-meta":{"desktop":{"background-color":"var(--ast-global-color-5)","background-image":"","background-repeat":"repeat","background-position":"center center","background-size":"auto","background-attachment":"scroll","background-type":"","background-media":"","overlay-type":"","overlay-color":"","overlay-opacity":"","overlay-gradient":""},"tablet":{"background-color":"var(--ast-global-color-5)","background-image":"","background-repeat":"repeat","background-position":"center center","background-size":"auto","background-attachment":"scroll","background-type":"","background-media":"","overlay-type":"","overlay-color":"","overlay-opacity":"","overlay-gradient":""},"mobile":{"background-color":"var(--ast-global-color-5)","background-image":"","background-repeat":"repeat","background-position":"center center","background-size":"auto","background-attachment":"scroll","background-type":"","background-media":"","overlay-type":"","overlay-color":"","overlay-opacity":"","overlay-gradient":""}},"footnotes":""},"class_list":["post-758","page","type-page","status-publish"],"acf":[],"_links":{"self":[{"href":"https:\/\/www.atlatl.center\/fr\/wp-json\/wp\/v2\/pages\/758","targetHints":{"allow":["GET"]}}],"collection":[{"href":"https:\/\/www.atlatl.center\/fr\/wp-json\/wp\/v2\/pages"}],"about":[{"href":"https:\/\/www.atlatl.center\/fr\/wp-json\/wp\/v2\/types\/page"}],"author":[{"embeddable":true,"href":"https:\/\/www.atlatl.center\/fr\/wp-json\/wp\/v2\/users\/1"}],"replies":[{"embeddable":true,"href":"https:\/\/www.atlatl.center\/fr\/wp-json\/wp\/v2\/comments?post=758"}],"version-history":[{"count":4,"href":"https:\/\/www.atlatl.center\/fr\/wp-json\/wp\/v2\/pages\/758\/revisions"}],"predecessor-version":[{"id":3639,"href":"https:\/\/www.atlatl.center\/fr\/wp-json\/wp\/v2\/pages\/758\/revisions\/3639"}],"up":[{"embeddable":true,"href":"https:\/\/www.atlatl.center\/fr\/wp-json\/wp\/v2\/pages\/744"}],"wp:attachment":[{"href":"https:\/\/www.atlatl.center\/fr\/wp-json\/wp\/v2\/media?parent=758"}],"curies":[{"name":"wp","href":"https:\/\/api.w.org\/{rel}","templated":true}]}}