{"id":750,"date":"2022-08-20T11:28:16","date_gmt":"2022-08-20T03:28:16","guid":{"rendered":"https:\/\/atlatl.wpkz.cc\/?page_id=750"},"modified":"2026-04-13T00:45:09","modified_gmt":"2026-04-12T16:45:09","slug":"locations","status":"publish","type":"page","link":"https:\/\/www.atlatl.center\/fr\/about\/locations\/","title":{"rendered":"Localisation des sites"},"content":{"rendered":"<div data-elementor-type=\"wp-page\" data-elementor-id=\"750\" class=\"elementor elementor-750\">\n\t\t\t\t\t\t<section class=\"elementor-section elementor-top-section elementor-element elementor-element-1ad5d93 elementor-hidden-mobile elementor-section-boxed elementor-section-height-default elementor-section-height-default\" data-id=\"1ad5d93\" data-element_type=\"section\" data-e-type=\"section\" data-settings=\"{&quot;background_background&quot;:&quot;classic&quot;}\">\n\t\t\t\t\t\t<div class=\"elementor-container elementor-column-gap-default\">\n\t\t\t\t\t<div class=\"elementor-column elementor-col-100 elementor-top-column elementor-element elementor-element-e40c764\" data-id=\"e40c764\" data-element_type=\"column\" data-e-type=\"column\">\n\t\t\t<div class=\"elementor-widget-wrap elementor-element-populated\">\n\t\t\t\t\t\t<div class=\"elementor-element elementor-element-bbe5ee8 uael-nav-menu__breakpoint-none uael-nav-menu__align-left uael-submenu-open-hover uael-submenu-icon-arrow uael-submenu-animation-none uael-link-redirect-child elementor-widget elementor-widget-uael-nav-menu\" data-id=\"bbe5ee8\" data-element_type=\"widget\" data-e-type=\"widget\" data-settings=\"{&quot;distance_from_menu&quot;:{&quot;unit&quot;:&quot;px&quot;,&quot;size&quot;:&quot;&quot;,&quot;sizes&quot;:[]},&quot;distance_from_menu_tablet&quot;:{&quot;unit&quot;:&quot;px&quot;,&quot;size&quot;:&quot;&quot;,&quot;sizes&quot;:[]},&quot;distance_from_menu_mobile&quot;:{&quot;unit&quot;:&quot;px&quot;,&quot;size&quot;:&quot;&quot;,&quot;sizes&quot;:[]}}\" data-widget_type=\"uael-nav-menu.default\">\n\t\t\t\t<div class=\"elementor-widget-container\">\n\t\t\t\t\t\t\t<div class=\"uael-nav-menu uael-layout-horizontal uael-nav-menu-layout uael-pointer__none\" data-layout=\"horizontal\">\n\t\t\t\t<div role=\"button\" class=\"uael-nav-menu__toggle elementor-clickable\">\n\t\t\t\t\t<span class=\"screen-reader-text\">Menu principal<\/span>\n\t\t\t\t\t<div class=\"uael-nav-menu-icon\">\n\t\t\t\t\t\t\t\t\t\t\t<\/div>\n\t\t\t\t\t\t\t\t\t<\/div>\n\t\t\t\t\t\t\t<nav class=\"uael-nav-menu__layout-horizontal uael-nav-menu__submenu-arrow\" data-toggle-icon=\"\" data-close-icon=\"\" data-full-width=\"\"><ul id=\"menu-1-bbe5ee8\" class=\"uael-nav-menu\"><li id=\"menu-item-545\" class=\"menu-item menu-item-type-post_type menu-item-object-page parent uael-creative-menu\"><a href=\"https:\/\/www.atlatl.center\/fr\/about\/\" class = \"uael-menu-item\">Qu'est-ce que ATLATL ?<\/a><\/li>\n<li id=\"menu-item-841\" class=\"menu-item menu-item-type-post_type menu-item-object-page parent uael-creative-menu\"><a href=\"https:\/\/www.atlatl.center\/fr\/about\/locations\/\" class = \"uael-menu-item\">Localisation des sites<\/a><\/li>\n<li id=\"menu-item-1358\" class=\"menu-item menu-item-type-post_type menu-item-object-page parent uael-creative-menu\"><a href=\"https:\/\/www.atlatl.center\/fr\/contact\/\" class = \"uael-menu-item\">Contact<\/a><\/li>\n<\/ul><\/nav>\n\t\t\t\t\t<\/div>\n\t\t\t\t\t\t\t<\/div>\n\t\t\t\t<\/div>\n\t\t\t\t\t<\/div>\n\t\t<\/div>\n\t\t\t\t\t<\/div>\n\t\t<\/section>\n\t\t\t\t<section class=\"elementor-section elementor-top-section elementor-element elementor-element-a35d65d elementor-section-boxed elementor-section-height-default elementor-section-height-default\" data-id=\"a35d65d\" data-element_type=\"section\" data-e-type=\"section\">\n\t\t\t\t\t\t<div class=\"elementor-container elementor-column-gap-default\">\n\t\t\t\t\t<div class=\"elementor-column elementor-col-100 elementor-top-column elementor-element elementor-element-beda85d\" data-id=\"beda85d\" data-element_type=\"column\" data-e-type=\"column\">\n\t\t\t<div class=\"elementor-widget-wrap elementor-element-populated\">\n\t\t\t\t\t\t<div class=\"elementor-element elementor-element-440d164 elementor-invisible elementor-widget elementor-widget-heading\" data-id=\"440d164\" data-element_type=\"widget\" data-e-type=\"widget\" data-settings=\"{&quot;_animation&quot;:&quot;fadeInUp&quot;}\" data-widget_type=\"heading.default\">\n\t\t\t\t<div class=\"elementor-widget-container\">\n\t\t\t\t\t<h2 class=\"elementor-heading-title elementor-size-default\">ATLATL (Zhangjiang) Center<\/h2>\t\t\t\t<\/div>\n\t\t\t\t<\/div>\n\t\t\t\t<div class=\"elementor-element elementor-element-9c7aaf5 elementor-invisible elementor-widget elementor-widget-text-editor\" data-id=\"9c7aaf5\" data-element_type=\"widget\" data-e-type=\"widget\" data-settings=\"{&quot;_animation&quot;:&quot;fadeInUp&quot;}\" data-widget_type=\"text-editor.default\">\n\t\t\t\t<div class=\"elementor-widget-container\">\n\t\t\t\t\t\t\t\t\t<p><img alt=\"\" fetchpriority=\"high\" decoding=\"async\" class=\"alignleft wp-image-1935\" src=\"https:\/\/www.atlatl.center\/wp-content\/uploads\/2022\/08\/headquarters-e1776006025744.jpg\" width=\"300\" height=\"210\" \/><\/p><p data-start=\"51\" data-end=\"513\">ATLATL Zhangjiang Center is the first site to expand the Boston model into APAC, spanning 270,000 sq ft and located in the heart of Zhangjiang Pharma Valley, one of Shanghai\u2019s premier high-tech zones. It offers the largest shared Class A laboratory space designed to support high-potential life sciences companies. As part of ATLATL&#8217;s next-generation innovation center, we\u2019ve developed the first AI-based lab operation system in the industry.<\/p><p data-start=\"515\" data-end=\"803\">We provide state-of-the-art facilities, advanced instruments, professional operational support, skilled personnel, on-site CROs, and flexible Module research services. This setup serves both early-stage startups and fast-growing teams that need immediate lab capabilities.<\/p><p data-start=\"805\" data-end=\"1177\">The ATLATL Innovation Cluster fosters a dynamic ecosystem, bringing together educational centers, research institutes, CROs, venture capital, and life sciences companies. By increasing research density and accelerating commercialization, we enable innovative teams to leverage resources efficiently, jumpstart projects, and reach milestones faster.<\/p>\t\t\t\t\t\t\t\t<\/div>\n\t\t\t\t<\/div>\n\t\t\t\t\t<\/div>\n\t\t<\/div>\n\t\t\t\t\t<\/div>\n\t\t<\/section>\n\t\t\t\t<section class=\"elementor-section elementor-top-section elementor-element elementor-element-4bff22d elementor-section-boxed elementor-section-height-default elementor-section-height-default\" data-id=\"4bff22d\" data-element_type=\"section\" data-e-type=\"section\">\n\t\t\t\t\t\t<div class=\"elementor-container elementor-column-gap-default\">\n\t\t\t\t\t<div class=\"elementor-column elementor-col-100 elementor-top-column elementor-element elementor-element-2e89b56\" data-id=\"2e89b56\" data-element_type=\"column\" data-e-type=\"column\">\n\t\t\t<div class=\"elementor-widget-wrap elementor-element-populated\">\n\t\t\t\t\t\t<div class=\"elementor-element elementor-element-3b0354b elementor-invisible elementor-widget elementor-widget-heading\" data-id=\"3b0354b\" data-element_type=\"widget\" data-e-type=\"widget\" data-settings=\"{&quot;_animation&quot;:&quot;fadeInUp&quot;}\" data-widget_type=\"heading.default\">\n\t\t\t\t<div class=\"elementor-widget-container\">\n\t\t\t\t\t<h2 class=\"elementor-heading-title elementor-size-default\">LinGang ATLATL Innovation Exchange<\/h2>\t\t\t\t<\/div>\n\t\t\t\t<\/div>\n\t\t\t\t<div class=\"elementor-element elementor-element-a84db30 elementor-invisible elementor-widget elementor-widget-text-editor\" data-id=\"a84db30\" data-element_type=\"widget\" data-e-type=\"widget\" data-settings=\"{&quot;_animation&quot;:&quot;fadeInUp&quot;}\" data-widget_type=\"text-editor.default\">\n\t\t\t\t<div class=\"elementor-widget-container\">\n\t\t\t\t\t\t\t\t\t<p><img alt=\"\" decoding=\"async\" class=\"alignleft wp-image-2256\" src=\"https:\/\/www.atlatl.center\/wp-content\/uploads\/2022\/09\/tuor002-e1776005994138.jpg\" width=\"300\" height=\"195\" \/><\/p><p data-start=\"69\" data-end=\"242\">ATLATL has formed a strategic partnership with <strong data-start=\"116\" data-end=\"133\">Lingang Group<\/strong>, leveraging its infrastructure, financial support, and broad industry reach to drive innovation.<\/p><p data-start=\"244\" data-end=\"838\">Lingang, with 28 industrial parks covering over 200 square kilometers, hosts more than 24,000 companies, including 200+ listed companies and Fortune Global 500 affiliates. This partnership combines ATLATL&#8217;s biotech expertise with Lingang\u2019s scale and resources, fostering innovation in biology, AI in life sciences, brain-computer interaction, and medical devices. The ATLATL-Lingang Innovation Exchange will create an ecosystem that helps emerging companies scale quickly, access cutting-edge technologies, and transform the future of healthcare.<\/p>\t\t\t\t\t\t\t\t<\/div>\n\t\t\t\t<\/div>\n\t\t\t\t\t<\/div>\n\t\t<\/div>\n\t\t\t\t\t<\/div>\n\t\t<\/section>\n\t\t\t\t<section class=\"elementor-section elementor-top-section elementor-element elementor-element-bb6b23e elementor-section-boxed elementor-section-height-default elementor-section-height-default elementor-invisible\" data-id=\"bb6b23e\" data-element_type=\"section\" data-e-type=\"section\" data-settings=\"{&quot;background_background&quot;:&quot;classic&quot;,&quot;animation&quot;:&quot;fadeInUp&quot;}\">\n\t\t\t\t\t\t<div class=\"elementor-container elementor-column-gap-default\">\n\t\t\t\t\t<div class=\"elementor-column elementor-col-100 elementor-top-column elementor-element elementor-element-eaa29be\" data-id=\"eaa29be\" data-element_type=\"column\" data-e-type=\"column\">\n\t\t\t<div class=\"elementor-widget-wrap elementor-element-populated\">\n\t\t\t\t\t\t<div class=\"elementor-element elementor-element-bf1b683 elementor-widget elementor-widget-heading\" data-id=\"bf1b683\" data-element_type=\"widget\" data-e-type=\"widget\" data-widget_type=\"heading.default\">\n\t\t\t\t<div class=\"elementor-widget-container\">\n\t\t\t\t\t<h2 class=\"elementor-heading-title elementor-size-default\">ATLATL (Beijing) Frontier Innovation Center<\/h2>\t\t\t\t<\/div>\n\t\t\t\t<\/div>\n\t\t\t\t<div class=\"elementor-element elementor-element-bdb573f elementor-widget elementor-widget-text-editor\" data-id=\"bdb573f\" data-element_type=\"widget\" data-e-type=\"widget\" data-widget_type=\"text-editor.default\">\n\t\t\t\t<div class=\"elementor-widget-container\">\n\t\t\t\t\t\t\t\t\t<p><img decoding=\"async\" class=\"alignleft wp-image-3117 size-full\" src=\"https:\/\/www.atlatl.center\/wp-content\/uploads\/2026\/04\/ATLATL-Beijing-e1776008783572.jpg\" alt=\"atlatl beijing\" width=\"300\" height=\"169\" \/><\/p><p style=\"text-align: left;\">La plateforme internationale d'innovation ATLATL de P\u00e9kin, alias ATLATL P\u00e9kin, est un acc\u00e9l\u00e9rateur de recherche biom\u00e9dicale de premier ordre, situ\u00e9 dans le parc des sciences de la vie de Zhongguancun, \u00e0 P\u00e9kin. ATLATL Beijing est financ\u00e9 conjointement par Dade Chuangtong (Shanghai) Technology Co, LTD, Beijing Changping Science Park Investment Management Co, LTD et Beijing ZGC Science and Technology Service Co, LTD. En int\u00e9grant organiquement des laboratoires de classe A, des installations de base ultramodernes, des ressources de R&amp;D de pointe, un fonctionnement dynamique et une expertise de premier plan sur le site, ATLATL Beijing fournit non seulement un espace de laboratoire cl\u00e9 en main, mais aussi des solutions professionnelles et personnalis\u00e9es pour permettre aux innovateurs biom\u00e9dicaux de lancer des projets de d\u00e9marrage plus rapidement que jamais et de franchir des \u00e9tapes importantes en un temps record.<\/p>\t\t\t\t\t\t\t\t<\/div>\n\t\t\t\t<\/div>\n\t\t\t\t\t<\/div>\n\t\t<\/div>\n\t\t\t\t\t<\/div>\n\t\t<\/section>\n\t\t\t\t<section class=\"elementor-section elementor-top-section elementor-element elementor-element-75f2677 elementor-section-boxed elementor-section-height-default elementor-section-height-default\" data-id=\"75f2677\" data-element_type=\"section\" data-e-type=\"section\">\n\t\t\t\t\t\t<div class=\"elementor-container elementor-column-gap-default\">\n\t\t\t\t\t<div class=\"elementor-column elementor-col-100 elementor-top-column elementor-element elementor-element-a318ee9\" data-id=\"a318ee9\" data-element_type=\"column\" data-e-type=\"column\">\n\t\t\t<div class=\"elementor-widget-wrap elementor-element-populated\">\n\t\t\t\t\t\t<div class=\"elementor-element elementor-element-211f364 elementor-invisible elementor-widget elementor-widget-heading\" data-id=\"211f364\" data-element_type=\"widget\" data-e-type=\"widget\" data-settings=\"{&quot;_animation&quot;:&quot;fadeInUp&quot;}\" data-widget_type=\"heading.default\">\n\t\t\t\t<div class=\"elementor-widget-container\">\n\t\t\t\t\t<h2 class=\"elementor-heading-title elementor-size-default\">ATLATL Great-Bay Center<\/h2>\t\t\t\t<\/div>\n\t\t\t\t<\/div>\n\t\t\t\t<div class=\"elementor-element elementor-element-61b61aa elementor-invisible elementor-widget elementor-widget-text-editor\" data-id=\"61b61aa\" data-element_type=\"widget\" data-e-type=\"widget\" data-settings=\"{&quot;_animation&quot;:&quot;fadeInUp&quot;}\" data-widget_type=\"text-editor.default\">\n\t\t\t\t<div class=\"elementor-widget-container\">\n\t\t\t\t\t\t\t\t\t<p><img loading=\"lazy\" decoding=\"async\" class=\"alignleft wp-image-3119 size-full\" src=\"https:\/\/www.atlatl.center\/wp-content\/uploads\/2026\/04\/shen-zhen-e1776010057111.jpeg\" alt=\"shen zhen\" width=\"300\" height=\"192\"><\/p>\n<p data-start=\"68\" data-end=\"370\">ATLATL BayLab is located in Nanshan, Shenzhen, and is the largest Class A biotech R&amp;D innovation center in the Greater Bay Area (GBA). Spanning about 50,000 sq ft, the center offers professional services to support start-ups and early-stage biotechs.&nbsp;<span style=\"font-style: inherit; font-weight: inherit;\">It provides shared lab equipment, R&amp;D platforms, and specialized labs with on-site R&amp;D teams. This setup helps companies move from bench to bedside.<\/span><\/p>\n<p data-start=\"68\" data-end=\"370\">\n<\/p><p data-start=\"68\" data-end=\"370\">The center partners with leading pharma companies, instrument providers, and CROs. It also collaborates with Shenzhen Angel FoF, HKSTP, HKU, CUHK, etc., while hosting regular high-level collaboration events.<\/p>\n<p data-start=\"68\" data-end=\"370\">\n<\/p><p data-start=\"68\" data-end=\"370\">With the center\u2019s support, ATLATL has launched ATLATL Innovation Seed Fund, which will further accelerate the growth of membered biotechs, speeding up the industry transfer of cutting-edge technologies in GBA and helping GBA become a global leader in biotech innovation.<\/p>\t\t\t\t\t\t\t\t<\/div>\n\t\t\t\t<\/div>\n\t\t\t\t\t<\/div>\n\t\t<\/div>\n\t\t\t\t\t<\/div>\n\t\t<\/section>\n\t\t\t\t<section class=\"elementor-section elementor-top-section elementor-element elementor-element-62c7905 elementor-section-boxed elementor-section-height-default elementor-section-height-default\" data-id=\"62c7905\" data-element_type=\"section\" data-e-type=\"section\">\n\t\t\t\t\t\t<div class=\"elementor-container elementor-column-gap-default\">\n\t\t\t\t\t<div class=\"elementor-column elementor-col-100 elementor-top-column elementor-element elementor-element-e2b09d8\" data-id=\"e2b09d8\" data-element_type=\"column\" data-e-type=\"column\">\n\t\t\t<div class=\"elementor-widget-wrap elementor-element-populated\">\n\t\t\t\t\t\t<div class=\"elementor-element elementor-element-911b41e elementor-invisible elementor-widget elementor-widget-heading\" data-id=\"911b41e\" data-element_type=\"widget\" data-e-type=\"widget\" data-settings=\"{&quot;_animation&quot;:&quot;fadeInUp&quot;}\" data-widget_type=\"heading.default\">\n\t\t\t\t<div class=\"elementor-widget-container\">\n\t\t\t\t\t<h2 class=\"elementor-heading-title elementor-size-default\">ATLATL HongKong Accelerator<\/h2>\t\t\t\t<\/div>\n\t\t\t\t<\/div>\n\t\t\t\t<div class=\"elementor-element elementor-element-1f4f44e elementor-invisible elementor-widget elementor-widget-text-editor\" data-id=\"1f4f44e\" data-element_type=\"widget\" data-e-type=\"widget\" data-settings=\"{&quot;_animation&quot;:&quot;fadeInUp&quot;}\" data-widget_type=\"text-editor.default\">\n\t\t\t\t<div class=\"elementor-widget-container\">\n\t\t\t\t\t\t\t\t\t<p><img loading=\"lazy\" decoding=\"async\" class=\"alignleft wp-image-3120 size-full\" src=\"https:\/\/www.atlatl.center\/wp-content\/uploads\/2026\/04\/HKSTP-e1776010120247.jpg\" alt=\"hkstp\" width=\"300\" height=\"154\" \/><\/p><p data-start=\"80\" data-end=\"568\">ATLATL has formed a strategic partnership with Hong Kong Science and Technology Park (HKSTP), combining professional operations, cutting-edge technologies, and on-site collaborative R&amp;D execution. HKSTP manages world-class facilities and provides value-added services to support the technology and R&amp;D sectors in Hong Kong. As the flagship technology infrastructure in the region, Hong Kong Science Park spans 3.3 million sq ft of R&amp;D office space.<\/p><p>\u00a0<\/p><p data-start=\"570\" data-end=\"753\">This partnership underscores both parties\u2019 commitment to advancing cooperation in life sciences and further contributing to the thriving biomedical ecosystem in Hong Kong.<\/p>\t\t\t\t\t\t\t\t<\/div>\n\t\t\t\t<\/div>\n\t\t\t\t\t<\/div>\n\t\t<\/div>\n\t\t\t\t\t<\/div>\n\t\t<\/section>\n\t\t\t\t<section class=\"elementor-section elementor-top-section elementor-element elementor-element-13d151e elementor-section-boxed elementor-section-height-default elementor-section-height-default\" data-id=\"13d151e\" data-element_type=\"section\" data-e-type=\"section\">\n\t\t\t\t\t\t<div class=\"elementor-container elementor-column-gap-default\">\n\t\t\t\t\t<div class=\"elementor-column elementor-col-100 elementor-top-column elementor-element elementor-element-4439c6f\" data-id=\"4439c6f\" data-element_type=\"column\" data-e-type=\"column\">\n\t\t\t<div class=\"elementor-widget-wrap elementor-element-populated\">\n\t\t\t\t\t\t<div class=\"elementor-element elementor-element-0c18653 elementor-invisible elementor-widget elementor-widget-heading\" data-id=\"0c18653\" data-element_type=\"widget\" data-e-type=\"widget\" data-settings=\"{&quot;_animation&quot;:&quot;fadeInUp&quot;}\" data-widget_type=\"heading.default\">\n\t\t\t\t<div class=\"elementor-widget-container\">\n\t\t\t\t\t<h2 class=\"elementor-heading-title elementor-size-default\">ATLATL Singapore Center<\/h2>\t\t\t\t<\/div>\n\t\t\t\t<\/div>\n\t\t\t\t<div class=\"elementor-element elementor-element-6dc532e elementor-invisible elementor-widget elementor-widget-text-editor\" data-id=\"6dc532e\" data-element_type=\"widget\" data-e-type=\"widget\" data-settings=\"{&quot;_animation&quot;:&quot;fadeInUp&quot;}\" data-widget_type=\"text-editor.default\">\n\t\t\t\t<div class=\"elementor-widget-container\">\n\t\t\t\t\t\t\t\t\t<p><img loading=\"lazy\" decoding=\"async\" class=\"alignleft wp-image-3121 size-full\" src=\"https:\/\/www.atlatl.center\/wp-content\/uploads\/2026\/04\/SG-e1776010950176.jpg\" alt=\"sg\" width=\"300\" height=\"169\" \/><\/p><p data-start=\"50\" data-end=\"500\">ATLATL has formed a strategic partnership with ASTAR and leading universities in Singapore, alongside a collaboration with Altea in Singapore\u2019s innovation incubator. This partnership combines professional operations, cutting-edge technologies, and on-site collaborative R&amp;D execution. Altea manages world-class facilities and provides value-added services to support the technology and R&amp;D sectors across APAC.<\/p><p data-start=\"502\" data-end=\"729\">This collaboration reflects a strong commitment from all parties to advance cooperation in life sciences and contribute to the growth of the thriving biomedical ecosystem in APAC, with Singapore as the regional hub.<\/p>\t\t\t\t\t\t\t\t<\/div>\n\t\t\t\t<\/div>\n\t\t\t\t\t<\/div>\n\t\t<\/div>\n\t\t\t\t\t<\/div>\n\t\t<\/section>\n\t\t\t\t<section class=\"elementor-section elementor-top-section elementor-element elementor-element-a416008 elementor-section-boxed elementor-section-height-default elementor-section-height-default\" data-id=\"a416008\" data-element_type=\"section\" data-e-type=\"section\">\n\t\t\t\t\t\t<div class=\"elementor-container elementor-column-gap-default\">\n\t\t\t\t\t<div class=\"elementor-column elementor-col-100 elementor-top-column elementor-element elementor-element-d8ac7bf\" data-id=\"d8ac7bf\" data-element_type=\"column\" data-e-type=\"column\">\n\t\t\t<div class=\"elementor-widget-wrap elementor-element-populated\">\n\t\t\t\t\t\t<div class=\"elementor-element elementor-element-e5ed145 elementor-invisible elementor-widget elementor-widget-heading\" data-id=\"e5ed145\" data-element_type=\"widget\" data-e-type=\"widget\" data-settings=\"{&quot;_animation&quot;:&quot;fadeInUp&quot;}\" data-widget_type=\"heading.default\">\n\t\t\t\t<div class=\"elementor-widget-container\">\n\t\t\t\t\t<h2 class=\"elementor-heading-title elementor-size-default\">ATLATL BioSPAC Accelerator<\/h2>\t\t\t\t<\/div>\n\t\t\t\t<\/div>\n\t\t\t\t<div class=\"elementor-element elementor-element-64ebacf elementor-invisible elementor-widget elementor-widget-text-editor\" data-id=\"64ebacf\" data-element_type=\"widget\" data-e-type=\"widget\" data-settings=\"{&quot;_animation&quot;:&quot;fadeInUp&quot;}\" data-widget_type=\"text-editor.default\">\n\t\t\t\t<div class=\"elementor-widget-container\">\n\t\t\t\t\t\t\t\t\t<p><img loading=\"lazy\" decoding=\"async\" class=\"alignleft wp-image-3118 size-full\" src=\"https:\/\/www.atlatl.center\/wp-content\/uploads\/2026\/04\/Biosparc-e1776009333867.jpg\" alt=\"biosparc\" width=\"300\" height=\"168\" \/><\/p><p>ATLATL Suzhou Accelerator (abr\u00e9viation de Suzhou ATLATL), situ\u00e9 \u00e0 BioBAY, dans le parc industriel de Suzhou, est affili\u00e9 \u00e0 Dade chuangtong (Shanghai) Technology Co., Ltd. S'appuyant sur le p\u00f4le biopharmaceutique BioBAY et les ressources biotechnologiques de premier ordre au niveau mondial, Suzhou ATLATL se consacre \u00e0 l'innovation scientifique et technologique, acc\u00e9l\u00e8re la transformation des r\u00e9sultats de la recherche scientifique et am\u00e9liore l'efficacit\u00e9 de la recherche et du d\u00e9veloppement.<\/p><p>Afin de cr\u00e9er un \u00e9cosyst\u00e8me propice \u00e0 l'innovation en mati\u00e8re de nouveaux m\u00e9dicaments, les services propos\u00e9s par Suzhou ATLATL couvrent la p\u00e9riode de R&amp;D, de l'incubation \u00e0 la transformation. En outre, ATLATL peut \u00e9galement fournir de l'espace, des \u00e9quipements, un service CRO sur site, une gestion op\u00e9rationnelle et un capital-risque de la phase de d\u00e9veloppement pr\u00e9coce \u00e0 la phase clinique pour les clients impliqu\u00e9s dans le d\u00e9veloppement de nouveaux m\u00e9dicaments.<\/p>\t\t\t\t\t\t\t\t<\/div>\n\t\t\t\t<\/div>\n\t\t\t\t\t<\/div>\n\t\t<\/div>\n\t\t\t\t\t<\/div>\n\t\t<\/section>\n\t\t\t\t<\/div>","protected":false},"excerpt":{"rendered":"<p>Main Menu What is ATLATL Locations Contact ATLATL (Zhangjiang) Center ATLATL Zhangjiang Center is the first site to expand the Boston model into APAC, spanning 270,000 sq ft and located in the heart of Zhangjiang Pharma Valley, one of Shanghai\u2019s [&hellip;]<\/p>\n","protected":false},"author":1,"featured_media":0,"parent":27,"menu_order":0,"comment_status":"closed","ping_status":"closed","template":"","meta":{"_seopress_robots_primary_cat":"","_seopress_titles_title":"","_seopress_titles_desc":"","_seopress_robots_index":"","site-sidebar-layout":"no-sidebar","site-content-layout":"page-builder","ast-site-content-layout":"default","site-content-style":"default","site-sidebar-style":"default","ast-global-header-display":"","ast-banner-title-visibility":"","ast-main-header-display":"","ast-hfb-above-header-display":"","ast-hfb-below-header-display":"","ast-hfb-mobile-header-display":"","site-post-title":"disabled","ast-breadcrumbs-content":"","ast-featured-img":"disabled","footer-sml-layout":"","ast-disable-related-posts":"","theme-transparent-header-meta":"","adv-header-id-meta":"","stick-header-meta":"","header-above-stick-meta":"","header-main-stick-meta":"","header-below-stick-meta":"","astra-migrate-meta-layouts":"default","ast-page-background-enabled":"default","ast-page-background-meta":{"desktop":{"background-color":"var(--ast-global-color-4)","background-image":"","background-repeat":"repeat","background-position":"center center","background-size":"auto","background-attachment":"scroll","background-type":"","background-media":"","overlay-type":"","overlay-color":"","overlay-opacity":"","overlay-gradient":""},"tablet":{"background-color":"","background-image":"","background-repeat":"repeat","background-position":"center center","background-size":"auto","background-attachment":"scroll","background-type":"","background-media":"","overlay-type":"","overlay-color":"","overlay-opacity":"","overlay-gradient":""},"mobile":{"background-color":"","background-image":"","background-repeat":"repeat","background-position":"center center","background-size":"auto","background-attachment":"scroll","background-type":"","background-media":"","overlay-type":"","overlay-color":"","overlay-opacity":"","overlay-gradient":""}},"ast-content-background-meta":{"desktop":{"background-color":"var(--ast-global-color-5)","background-image":"","background-repeat":"repeat","background-position":"center center","background-size":"auto","background-attachment":"scroll","background-type":"","background-media":"","overlay-type":"","overlay-color":"","overlay-opacity":"","overlay-gradient":""},"tablet":{"background-color":"var(--ast-global-color-5)","background-image":"","background-repeat":"repeat","background-position":"center center","background-size":"auto","background-attachment":"scroll","background-type":"","background-media":"","overlay-type":"","overlay-color":"","overlay-opacity":"","overlay-gradient":""},"mobile":{"background-color":"var(--ast-global-color-5)","background-image":"","background-repeat":"repeat","background-position":"center center","background-size":"auto","background-attachment":"scroll","background-type":"","background-media":"","overlay-type":"","overlay-color":"","overlay-opacity":"","overlay-gradient":""}},"footnotes":""},"class_list":["post-750","page","type-page","status-publish"],"acf":[],"_links":{"self":[{"href":"https:\/\/www.atlatl.center\/fr\/wp-json\/wp\/v2\/pages\/750","targetHints":{"allow":["GET"]}}],"collection":[{"href":"https:\/\/www.atlatl.center\/fr\/wp-json\/wp\/v2\/pages"}],"about":[{"href":"https:\/\/www.atlatl.center\/fr\/wp-json\/wp\/v2\/types\/page"}],"author":[{"embeddable":true,"href":"https:\/\/www.atlatl.center\/fr\/wp-json\/wp\/v2\/users\/1"}],"replies":[{"embeddable":true,"href":"https:\/\/www.atlatl.center\/fr\/wp-json\/wp\/v2\/comments?post=750"}],"version-history":[{"count":6,"href":"https:\/\/www.atlatl.center\/fr\/wp-json\/wp\/v2\/pages\/750\/revisions"}],"predecessor-version":[{"id":3127,"href":"https:\/\/www.atlatl.center\/fr\/wp-json\/wp\/v2\/pages\/750\/revisions\/3127"}],"up":[{"embeddable":true,"href":"https:\/\/www.atlatl.center\/fr\/wp-json\/wp\/v2\/pages\/27"}],"wp:attachment":[{"href":"https:\/\/www.atlatl.center\/fr\/wp-json\/wp\/v2\/media?parent=750"}],"curies":[{"name":"wp","href":"https:\/\/api.w.org\/{rel}","templated":true}]}}