{"id":4232,"date":"2026-04-25T21:39:04","date_gmt":"2026-04-25T13:39:04","guid":{"rendered":"https:\/\/www.atlatl.center\/?page_id=4232"},"modified":"2026-04-26T21:39:17","modified_gmt":"2026-04-26T13:39:17","slug":"servier","status":"publish","type":"page","link":"https:\/\/www.atlatl.center\/fr\/servier\/","title":{"rendered":"Servier"},"content":{"rendered":"<div data-elementor-type=\"wp-page\" data-elementor-id=\"4232\" class=\"elementor elementor-4232\">\n\t\t\t\t<div class=\"elementor-element elementor-element-9613572 e-flex e-con-boxed elementor-invisible e-con e-parent\" data-id=\"9613572\" data-element_type=\"container\" data-e-type=\"container\" data-settings=\"{&quot;animation&quot;:&quot;fadeInUp&quot;,&quot;background_background&quot;:&quot;classic&quot;}\">\n\t\t\t\t\t<div class=\"e-con-inner\">\n\t\t\t\t<div class=\"elementor-element elementor-element-2d23942 elementor-widget elementor-widget-image\" data-id=\"2d23942\" data-element_type=\"widget\" data-e-type=\"widget\" data-widget_type=\"image.default\">\n\t\t\t\t<div class=\"elementor-widget-container\">\n\t\t\t\t\t\t\t\t\t\t\t\t\t\t\t<img fetchpriority=\"high\" decoding=\"async\" width=\"894\" height=\"1024\" src=\"https:\/\/www.atlatl.center\/wp-content\/uploads\/2026\/04\/IMG_2519-894x1024.jpg\" class=\"attachment-large size-large wp-image-4322\" alt=\"capture d&#039;\u00e9cran\" srcset=\"https:\/\/www.atlatl.center\/wp-content\/uploads\/2026\/04\/IMG_2519-894x1024.jpg 894w, https:\/\/www.atlatl.center\/wp-content\/uploads\/2026\/04\/IMG_2519-768x879.jpg 768w, https:\/\/www.atlatl.center\/wp-content\/uploads\/2026\/04\/IMG_2519-10x12.jpg 10w, https:\/\/www.atlatl.center\/wp-content\/uploads\/2026\/04\/IMG_2519.jpg 1206w\" sizes=\"(max-width: 894px) 100vw, 894px\" \/>\t\t\t\t\t\t\t\t\t\t\t\t\t\t\t<\/div>\n\t\t\t\t<\/div>\n\t\t\t\t<div class=\"elementor-element elementor-element-b89125d elementor-widget elementor-widget-heading\" data-id=\"b89125d\" data-element_type=\"widget\" data-e-type=\"widget\" data-widget_type=\"heading.default\">\n\t\t\t\t<div class=\"elementor-widget-container\">\n\t\t\t\t\t<h4 class=\"elementor-heading-title elementor-size-default\">\nObjectifs<\/h4>\t\t\t\t<\/div>\n\t\t\t\t<\/div>\n\t\t\t\t<div class=\"elementor-element elementor-element-f384e5c elementor-widget elementor-widget-text-editor\" data-id=\"f384e5c\" data-element_type=\"widget\" data-e-type=\"widget\" data-widget_type=\"text-editor.default\">\n\t\t\t\t<div class=\"elementor-widget-container\">\n\t\t\t\t\t\t\t\t\t<ul><li>Identifier des projets prometteurs d'innovation en R&amp;D pharmaceutique \u00e0 un stade pr\u00e9coce au sein de l'\u00e9cosyst\u00e8me des sciences de la vie en Chine<\/li><li>Explorer des opportunit\u00e9s de collaboration et de partenariat innovantes<\/li><li>Soutenir la strat\u00e9gie R&amp;D de Servier Chine pour 2030<\/li><\/ul>\t\t\t\t\t\t\t\t<\/div>\n\t\t\t\t<\/div>\n\t\t\t\t<div class=\"elementor-element elementor-element-aa548a2 elementor-widget elementor-widget-heading\" data-id=\"aa548a2\" data-element_type=\"widget\" data-e-type=\"widget\" data-widget_type=\"heading.default\">\n\t\t\t\t<div class=\"elementor-widget-container\">\n\t\t\t\t\t<h4 class=\"elementor-heading-title elementor-size-default\">Participants<\/h4>\t\t\t\t<\/div>\n\t\t\t\t<\/div>\n\t\t\t\t<div class=\"elementor-element elementor-element-3905a77 elementor-widget elementor-widget-text-editor\" data-id=\"3905a77\" data-element_type=\"widget\" data-e-type=\"widget\" data-widget_type=\"text-editor.default\">\n\t\t\t\t<div class=\"elementor-widget-container\">\n\t\t\t\t\t\t\t\t\t<ul><li>Biotechs et start-ups en Grande Chine<\/li><li>Universit\u00e9s, instituts de recherche et \u00e9tablissements m\u00e9dicaux<\/li><\/ul>\t\t\t\t\t\t\t\t<\/div>\n\t\t\t\t<\/div>\n\t\t\t\t<div class=\"elementor-element elementor-element-a81d007 elementor-widget elementor-widget-heading\" data-id=\"a81d007\" data-element_type=\"widget\" data-e-type=\"widget\" data-widget_type=\"heading.default\">\n\t\t\t\t<div class=\"elementor-widget-container\">\n\t\t\t\t\t<h4 class=\"elementor-heading-title elementor-size-default\">Port\u00e9e de la proposition<\/h4>\t\t\t\t<\/div>\n\t\t\t\t<\/div>\n\t\t\t\t<div class=\"elementor-element elementor-element-f64e7ac elementor-widget elementor-widget-text-editor\" data-id=\"f64e7ac\" data-element_type=\"widget\" data-e-type=\"widget\" data-widget_type=\"text-editor.default\">\n\t\t\t\t<div class=\"elementor-widget-container\">\n\t\t\t\t\t\t\t\t\t<p>Nous accueillons les propositions innovantes \u00e0 un stade pr\u00e9coce dans les domaines suivants :<\/p><ul><li>Les programmes de m\u00e9decine de pr\u00e9cision en oncologie et en neurosciences<\/li><li>Nouvelles modalit\u00e9s th\u00e9rapeutiques et technologies de plateforme<\/li><li>Technologies habilitantes pour la d\u00e9couverte et le d\u00e9veloppement de m\u00e9dicaments, y compris des applications d'IA et num\u00e9riques<\/li><\/ul><p>En savoir plus : https:\/\/servier.com\/en\/partnering\/<\/p>\t\t\t\t\t\t\t\t<\/div>\n\t\t\t\t<\/div>\n\t\t\t\t<div class=\"elementor-element elementor-element-5359c01 elementor-widget elementor-widget-heading\" data-id=\"5359c01\" data-element_type=\"widget\" data-e-type=\"widget\" data-widget_type=\"heading.default\">\n\t\t\t\t<div class=\"elementor-widget-container\">\n\t\t\t\t\t<h4 class=\"elementor-heading-title elementor-size-default\">Exigences de soumission\n<\/h4>\t\t\t\t<\/div>\n\t\t\t\t<\/div>\n\t\t\t\t<div class=\"elementor-element elementor-element-986d827 elementor-widget elementor-widget-text-editor\" data-id=\"986d827\" data-element_type=\"widget\" data-e-type=\"widget\" data-widget_type=\"text-editor.default\">\n\t\t\t\t<div class=\"elementor-widget-container\">\n\t\t\t\t\t\t\t\t\t<p>Mat\u00e9riel requis<\/p><ul><li>R\u00e9sum\u00e9 et diapositives de pr\u00e9sentation du projet non confidentiels<\/li><li>Points saillants des innovations cl\u00e9s<\/li><\/ul><p>Langue\u00a0<\/p><ul><li>Anglais<\/li><\/ul>\t\t\t\t\t\t\t\t<\/div>\n\t\t\t\t<\/div>\n\t\t\t\t<div class=\"elementor-element elementor-element-5c7a5f2 elementor-widget elementor-widget-heading\" data-id=\"5c7a5f2\" data-element_type=\"widget\" data-e-type=\"widget\" data-widget_type=\"heading.default\">\n\t\t\t\t<div class=\"elementor-widget-container\">\n\t\t\t\t\t<h4 class=\"elementor-heading-title elementor-size-default\">Chronologie<\/h4>\t\t\t\t<\/div>\n\t\t\t\t<\/div>\n\t\t\t\t<div class=\"elementor-element elementor-element-e605b44 elementor-widget elementor-widget-text-editor\" data-id=\"e605b44\" data-element_type=\"widget\" data-e-type=\"widget\" data-widget_type=\"text-editor.default\">\n\t\t\t\t<div class=\"elementor-widget-container\">\n\t\t\t\t\t\t\t\t\t<ul><li><span style=\"font-size: 16px;\">Mi-juillet : ouverture des candidatures\u00a0<\/span><\/li><li>Fin ao\u00fbt : Date limite de soumission\u00a0<\/li><li>Mi-octobre : Notification de la liste restreinte\u00a0<\/li><li>D\u00e9but novembre : Dernier roadshow \/ journ\u00e9e de pr\u00e9sentation<\/li><\/ul>\t\t\t\t\t\t\t\t<\/div>\n\t\t\t\t<\/div>\n\t\t\t\t<div class=\"elementor-element elementor-element-ab67682 elementor-widget elementor-widget-heading\" data-id=\"ab67682\" data-element_type=\"widget\" data-e-type=\"widget\" data-widget_type=\"heading.default\">\n\t\t\t\t<div class=\"elementor-widget-container\">\n\t\t\t\t\t<h4 class=\"elementor-heading-title elementor-size-default\">Prix du gagnant et opportunit\u00e9s\n<\/h4>\t\t\t\t<\/div>\n\t\t\t\t<\/div>\n\t\t\t\t<div class=\"elementor-element elementor-element-a697bdd elementor-widget elementor-widget-text-editor\" data-id=\"a697bdd\" data-element_type=\"widget\" data-e-type=\"widget\" data-widget_type=\"text-editor.default\">\n\t\t\t\t<div class=\"elementor-widget-container\">\n\t\t\t\t\t\t\t\t\t<ul><li>800 000 RMB pour financer l'acc\u00e8s aux installations et services de RD cl\u00e9s en main ATLATL\u00a0<\/li><li>Opportunit\u00e9 de se connecter avec des scientifiques seniors de la R&amp;D mondiale de Servier pour une collaboration future potentielle\u00a0<\/li><li>Invitation \u00e0 pr\u00e9senter lors de la Journ\u00e9e R&amp;D Servier Chine ou d'autres \u00e9v\u00e9nements conjoints organis\u00e9s par Servier et ATLATL<\/li><\/ul>\t\t\t\t\t\t\t\t<\/div>\n\t\t\t\t<\/div>\n\t\t\t\t\t<\/div>\n\t\t\t\t<\/div>\n\t\t<div class=\"elementor-element elementor-element-d1e664d e-flex e-con-boxed e-con e-parent\" data-id=\"d1e664d\" data-element_type=\"container\" data-e-type=\"container\">\n\t\t\t\t\t<div class=\"e-con-inner\">\n\t\t\t\t<div class=\"elementor-element elementor-element-6206c01 elementor-widget elementor-widget-heading\" data-id=\"6206c01\" data-element_type=\"widget\" data-e-type=\"widget\" data-widget_type=\"heading.default\">\n\t\t\t\t<div class=\"elementor-widget-container\">\n\t\t\t\t\t<h2 class=\"elementor-heading-title elementor-size-default\">Nous contacter<\/h2>\t\t\t\t<\/div>\n\t\t\t\t<\/div>\n\t\t\t\t\t<\/div>\n\t\t\t\t<\/div>\n\t\t<div class=\"elementor-element elementor-element-6860f16 e-flex e-con-boxed e-con e-parent\" data-id=\"6860f16\" data-element_type=\"container\" data-e-type=\"container\">\n\t\t\t\t\t<div class=\"e-con-inner\">\n\t\t\t\t<div class=\"elementor-element elementor-element-f0650d1 elementor-widget elementor-widget-shortcode\" data-id=\"f0650d1\" data-element_type=\"widget\" data-e-type=\"widget\" data-widget_type=\"shortcode.default\">\n\t\t\t\t<div class=\"elementor-widget-container\">\n\t\t\t\t\t\t\t<div class=\"elementor-shortcode\"><div class=\"forminator-ui forminator-custom-form forminator-custom-form-2197 forminator-design--default  forminator_ajax\" data-forminator-render=\"0\" data-form=\"forminator-module-2197\" data-uid=\"69ee390617eee\"><br\/><\/div><form\n\t\t\t\tid=\"forminator-module-2197\"\n\t\t\t\tclass=\"forminator-ui forminator-custom-form forminator-custom-form-2197 forminator-design--default  forminator_ajax\"\n\t\t\t\tmethod=\"post\"\n\t\t\t\tdata-forminator-render=\"0\"\n\t\t\t\tdata-form-id=\"2197\"\n\t\t\t\t data-color-option=\"default\" data-design=\"default\" data-grid=\"open\" style=\"display: none;\"\n\t\t\t\tdata-uid=\"69ee390617eee\" action=\"\"\n\t\t\t><div role=\"alert\" aria-live=\"polite\" class=\"forminator-response-message forminator-error\" aria-hidden=\"true\"><\/div><div class=\"forminator-row\"><div id=\"name-1\" class=\"forminator-field-name forminator-col forminator-col-12\"><div class=\"forminator-field\"><label for=\"forminator-field-name-1_69ee390617eee\" id=\"forminator-field-name-1_69ee390617eee-label\" class=\"forminator-label\">Nom <span class=\"forminator-required\">*<\/span><\/label><input type=\"text\" name=\"name-1\" value=\"\" placeholder=\"Par exemple, John\" id=\"forminator-field-name-1_69ee390617eee\" class=\"forminator-input forminator-name--field\" aria-required=\"true\" autocomplete=\"name\" \/><\/div><\/div><\/div><div class=\"forminator-row\"><div id=\"email-1\" class=\"forminator-field-email forminator-col forminator-col-12\"><div class=\"forminator-field\"><label for=\"forminator-field-email-1_69ee390617eee\" id=\"forminator-field-email-1_69ee390617eee-label\" class=\"forminator-label\">Courriel <span class=\"forminator-required\">*<\/span><\/label><input type=\"email\" name=\"email-1\" value=\"\" placeholder=\"Par exemple : john@doe.com\" id=\"forminator-field-email-1_69ee390617eee\" class=\"forminator-input forminator-email--field\" data-required=\"true\" aria-required=\"true\" autocomplete=\"email\" \/><\/div><\/div><\/div><div class=\"forminator-row\"><div id=\"phone-1\" class=\"forminator-field-phone forminator-col forminator-col-12\"><div class=\"forminator-field\"><label for=\"forminator-field-phone-1_69ee390617eee\" id=\"forminator-field-phone-1_69ee390617eee-label\" class=\"forminator-label\">T\u00e9l\u00e9phone<\/label><input type=\"text\" name=\"phone-1\" value=\"\" placeholder=\"Par exemple : +1 300 400 5000\" id=\"forminator-field-phone-1_69ee390617eee\" class=\"forminator-input forminator-field--phone\" data-required=\"\" aria-required=\"false\" autocomplete=\"off\" \/><\/div><\/div><\/div><div class=\"forminator-row\"><div id=\"textarea-1\" class=\"forminator-field-textarea forminator-col forminator-col-12\"><div class=\"forminator-field\"><label for=\"forminator-field-textarea-1_69ee390617eee\" id=\"forminator-field-textarea-1_69ee390617eee-label\" class=\"forminator-label\">Message <span class=\"forminator-required\">*<\/span><\/label><textarea name=\"textarea-1\" placeholder=\"Saisissez votre message...\" id=\"forminator-field-textarea-1_69ee390617eee\" class=\"forminator-textarea\" rows=\"6\" style=\"min-height:120px;\" ><\/textarea><span id=\"forminator-field-textarea-1_69ee390617eee-description\" class=\"forminator-description\"><span data-limit=\"300\" data-type=\"words\" data-editor=\"\">0 \/ 300<\/span><\/span><\/div><\/div><\/div><input type=\"hidden\" name=\"referer_url\" value=\"\" \/><div class=\"forminator-row forminator-row-last\"><div class=\"forminator-col\"><div class=\"forminator-field\"><button class=\"forminator-button forminator-button-submit\">Envoyer un message<\/button><\/div><\/div><\/div><input type=\"hidden\" id=\"forminator_nonce\" name=\"forminator_nonce\" value=\"a9c637fcbe\" \/><input type=\"hidden\" name=\"_wp_http_referer\" value=\"\/fr\/wp-json\/wp\/v2\/pages\/4232\" \/><input type=\"hidden\" name=\"form_id\" value=\"2197\"><input type=\"hidden\" name=\"page_id\" value=\"4232\"><input type=\"hidden\" name=\"form_type\" value=\"default\"><input type=\"hidden\" name=\"current_url\" value=\"https:\/\/www.atlatl.center\/fr\/servier\/\"><input type=\"hidden\" name=\"render_id\" value=\"0\"><input type=\"hidden\" name=\"action\" value=\"forminator_submit_form_custom-forms\"><label for=\"input_5\" class=\"forminator-hidden\" aria-hidden=\"true\">Veuillez ne pas remplir ce champ. <input id=\"input_5\" type=\"text\" name=\"input_5\" value=\"\" autocomplete=\"off\"><\/label><input type=\"hidden\" name=\"trp-form-language\" value=\"fr\"\/><\/form><\/div>\n\t\t\t\t\t\t<\/div>\n\t\t\t\t<\/div>\n\t\t\t\t\t<\/div>\n\t\t\t\t<\/div>\n\t\t\t\t<\/div>","protected":false},"excerpt":{"rendered":"<p>Objectives Identify promising early-stage pharmaceutical R&amp;Dinnovation projects within China&#8217;s life sciencesecosystem Explore innovative collaboration and partneringopportunities Support Servier China&#8217;s 2030 R&amp;D Strategy Participants Biotech companies and start-ups in Greater China Universities, research institutes, and medical institutions Scope of Proposal We [&hellip;]<\/p>\n","protected":false},"author":6,"featured_media":4321,"parent":0,"menu_order":0,"comment_status":"closed","ping_status":"closed","template":"","meta":{"_seopress_robots_primary_cat":"","_seopress_titles_title":"","_seopress_titles_desc":"","_seopress_robots_index":"","site-sidebar-layout":"no-sidebar","site-content-layout":"page-builder","ast-site-content-layout":"normal-width-container","site-content-style":"default","site-sidebar-style":"default","ast-global-header-display":"","ast-banner-title-visibility":"","ast-main-header-display":"","ast-hfb-above-header-display":"","ast-hfb-below-header-display":"","ast-hfb-mobile-header-display":"","site-post-title":"","ast-breadcrumbs-content":"","ast-featured-img":"disabled","footer-sml-layout":"","ast-disable-related-posts":"","theme-transparent-header-meta":"","adv-header-id-meta":"659","stick-header-meta":"","header-above-stick-meta":"","header-main-stick-meta":"","header-below-stick-meta":"","astra-migrate-meta-layouts":"set","ast-page-background-enabled":"default","ast-page-background-meta":{"desktop":{"background-color":"var(--ast-global-color-4)","background-image":"","background-repeat":"repeat","background-position":"center center","background-size":"auto","background-attachment":"scroll","background-type":"","background-media":"","overlay-type":"","overlay-color":"","overlay-opacity":"","overlay-gradient":""},"tablet":{"background-color":"","background-image":"","background-repeat":"repeat","background-position":"center center","background-size":"auto","background-attachment":"scroll","background-type":"","background-media":"","overlay-type":"","overlay-color":"","overlay-opacity":"","overlay-gradient":""},"mobile":{"background-color":"","background-image":"","background-repeat":"repeat","background-position":"center center","background-size":"auto","background-attachment":"scroll","background-type":"","background-media":"","overlay-type":"","overlay-color":"","overlay-opacity":"","overlay-gradient":""}},"ast-content-background-meta":{"desktop":{"background-color":"var(--ast-global-color-5)","background-image":"","background-repeat":"repeat","background-position":"center center","background-size":"auto","background-attachment":"scroll","background-type":"","background-media":"","overlay-type":"","overlay-color":"","overlay-opacity":"","overlay-gradient":""},"tablet":{"background-color":"var(--ast-global-color-5)","background-image":"","background-repeat":"repeat","background-position":"center center","background-size":"auto","background-attachment":"scroll","background-type":"","background-media":"","overlay-type":"","overlay-color":"","overlay-opacity":"","overlay-gradient":""},"mobile":{"background-color":"var(--ast-global-color-5)","background-image":"","background-repeat":"repeat","background-position":"center center","background-size":"auto","background-attachment":"scroll","background-type":"","background-media":"","overlay-type":"","overlay-color":"","overlay-opacity":"","overlay-gradient":""}},"footnotes":""},"class_list":["post-4232","page","type-page","status-publish","has-post-thumbnail"],"acf":[],"_links":{"self":[{"href":"https:\/\/www.atlatl.center\/fr\/wp-json\/wp\/v2\/pages\/4232","targetHints":{"allow":["GET"]}}],"collection":[{"href":"https:\/\/www.atlatl.center\/fr\/wp-json\/wp\/v2\/pages"}],"about":[{"href":"https:\/\/www.atlatl.center\/fr\/wp-json\/wp\/v2\/types\/page"}],"author":[{"embeddable":true,"href":"https:\/\/www.atlatl.center\/fr\/wp-json\/wp\/v2\/users\/6"}],"replies":[{"embeddable":true,"href":"https:\/\/www.atlatl.center\/fr\/wp-json\/wp\/v2\/comments?post=4232"}],"version-history":[{"count":10,"href":"https:\/\/www.atlatl.center\/fr\/wp-json\/wp\/v2\/pages\/4232\/revisions"}],"predecessor-version":[{"id":4424,"href":"https:\/\/www.atlatl.center\/fr\/wp-json\/wp\/v2\/pages\/4232\/revisions\/4424"}],"wp:featuredmedia":[{"embeddable":true,"href":"https:\/\/www.atlatl.center\/fr\/wp-json\/wp\/v2\/media\/4321"}],"wp:attachment":[{"href":"https:\/\/www.atlatl.center\/fr\/wp-json\/wp\/v2\/media?parent=4232"}],"curies":[{"name":"wp","href":"https:\/\/api.w.org\/{rel}","templated":true}]}}