{"id":3717,"date":"2026-04-21T16:55:32","date_gmt":"2026-04-21T08:55:32","guid":{"rendered":"https:\/\/www.atlatl.center\/?page_id=3717"},"modified":"2026-04-21T20:05:37","modified_gmt":"2026-04-21T12:05:37","slug":"core-facilities-equipment","status":"publish","type":"page","link":"https:\/\/www.atlatl.center\/fr\/core-facilities-equipment\/","title":{"rendered":"Core Facilities &#038; Equipment"},"content":{"rendered":"<div data-elementor-type=\"wp-page\" data-elementor-id=\"3717\" class=\"elementor elementor-3717\">\n\t\t\t\t<div class=\"elementor-element elementor-element-cd2ee9f e-flex e-con-boxed elementor-invisible e-con e-parent\" data-id=\"cd2ee9f\" data-element_type=\"container\" data-e-type=\"container\" data-settings=\"{&quot;animation&quot;:&quot;fadeInUp&quot;}\">\n\t\t\t\t\t<div class=\"e-con-inner\">\n\t\t\t\t<div class=\"elementor-element elementor-element-e030c04 elementor-widget elementor-widget-text-editor\" data-id=\"e030c04\" data-element_type=\"widget\" data-e-type=\"widget\" data-widget_type=\"text-editor.default\">\n\t\t\t\t<div class=\"elementor-widget-container\">\n\t\t\t\t\t\t\t\t\t<p>ATLATL provides a comprehensive <b>core facility system<\/b> designed to support day-to-day research and enable teams to <b>start immediately without building their own infrastructure<\/b>. These facilities form the <b>foundation of R&amp;D operations<\/b>, covering essential workflows across biology, chemistry, and data analysis.<\/p>\t\t\t\t\t\t\t\t<\/div>\n\t\t\t\t<\/div>\n\t\t\t\t<div class=\"elementor-element elementor-element-20081ee elementor-widget-divider--view-line elementor-widget elementor-widget-divider\" data-id=\"20081ee\" data-element_type=\"widget\" data-e-type=\"widget\" data-widget_type=\"divider.default\">\n\t\t\t\t<div class=\"elementor-widget-container\">\n\t\t\t\t\t\t\t<div class=\"elementor-divider\">\n\t\t\t<span class=\"elementor-divider-separator\">\n\t\t\t\t\t\t<\/span>\n\t\t<\/div>\n\t\t\t\t\t\t<\/div>\n\t\t\t\t<\/div>\n\t\t\t\t\t<\/div>\n\t\t\t\t<\/div>\n\t\t<div class=\"elementor-element elementor-element-f9b8f37 e-flex e-con-boxed elementor-invisible e-con e-parent\" data-id=\"f9b8f37\" data-element_type=\"container\" data-e-type=\"container\" id=\"general-core-facilities\" data-settings=\"{&quot;animation&quot;:&quot;fadeInUp&quot;}\">\n\t\t\t\t\t<div class=\"e-con-inner\">\n\t\t\t\t<div class=\"elementor-element elementor-element-8dbdcb8 elementor-widget elementor-widget-heading\" data-id=\"8dbdcb8\" data-element_type=\"widget\" data-e-type=\"widget\" data-widget_type=\"heading.default\">\n\t\t\t\t<div class=\"elementor-widget-container\">\n\t\t\t\t\t<h4 class=\"elementor-heading-title elementor-size-default\">General Core Facilities<\/h4>\t\t\t\t<\/div>\n\t\t\t\t<\/div>\n\t\t\t\t<div class=\"elementor-element elementor-element-8825012 elementor-widget elementor-widget-text-editor\" data-id=\"8825012\" data-element_type=\"widget\" data-e-type=\"widget\" data-widget_type=\"text-editor.default\">\n\t\t\t\t<div class=\"elementor-widget-container\">\n\t\t\t\t\t\t\t\t\t<p>Our <b>generalized core facilities<\/b> provide the most fundamental support for research and development. These shared resources are fully integrated into our lab environment and are readily accessible to all teams, ensuring efficient, reliable execution of routine and foundational experiments.<\/p>\t\t\t\t\t\t\t\t<\/div>\n\t\t\t\t<\/div>\n\t\t\t\t<div class=\"elementor-element elementor-element-6de2acf elementor-widget elementor-widget-image\" data-id=\"6de2acf\" data-element_type=\"widget\" data-e-type=\"widget\" data-widget_type=\"image.default\">\n\t\t\t\t<div class=\"elementor-widget-container\">\n\t\t\t\t\t\t\t\t\t\t\t\t\t\t\t<img fetchpriority=\"high\" decoding=\"async\" width=\"444\" height=\"295\" src=\"https:\/\/www.atlatl.center\/wp-content\/uploads\/2026\/04\/tu-pian-1-3.png\" class=\"attachment-large size-large wp-image-3725\" alt=\"Image 1\" srcset=\"https:\/\/www.atlatl.center\/wp-content\/uploads\/2026\/04\/tu-pian-1-3.png 444w, https:\/\/www.atlatl.center\/wp-content\/uploads\/2026\/04\/tu-pian-1-3-18x12.png 18w\" sizes=\"(max-width: 444px) 100vw, 444px\" \/>\t\t\t\t\t\t\t\t\t\t\t\t\t\t\t<\/div>\n\t\t\t\t<\/div>\n\t\t\t\t<div class=\"elementor-element elementor-element-10e7494 elementor-widget elementor-widget-text-editor\" data-id=\"10e7494\" data-element_type=\"widget\" data-e-type=\"widget\" data-widget_type=\"text-editor.default\">\n\t\t\t\t<div class=\"elementor-widget-container\">\n\t\t\t\t\t\t\t\t\t<p><b>Pathology &amp; Tissue Processing<\/b><\/p><p>Supports sample preparation and analysis for histological studies, including tissue processing, sectioning, staining, and microscopy, enabling basic pathology and translational workflows.<\/p><p><b>Biochemical &amp; Analytical Systems<\/b><\/p><p>Core tools for protein, enzyme, and molecular analysis, supporting assays such as quantification, activity measurement, and biochemical characterization.<\/p><p><b>Cell Biology Support<\/b><\/p><p>Infrastructure and equipment for cell culture, cell-based assays, and basic functional studies, including incubators, biosafety cabinets, and cell analysis tools.<\/p><p><b>Bioinformatics &amp; Data Support<\/b><\/p><p>Basic computational support for data processing, analysis, and interpretation, enabling teams to manage and extract insights from experimental data.<\/p><p>These general core facilities ensure that teams have immediate access to essential research capabilities, reducing setup time and enabling faster progress from idea to experiment.<\/p>\t\t\t\t\t\t\t\t<\/div>\n\t\t\t\t<\/div>\n\t\t\t\t<div class=\"elementor-element elementor-element-283b3a0 elementor-widget-divider--view-line elementor-widget elementor-widget-divider\" data-id=\"283b3a0\" data-element_type=\"widget\" data-e-type=\"widget\" data-widget_type=\"divider.default\">\n\t\t\t\t<div class=\"elementor-widget-container\">\n\t\t\t\t\t\t\t<div class=\"elementor-divider\">\n\t\t\t<span class=\"elementor-divider-separator\">\n\t\t\t\t\t\t<\/span>\n\t\t<\/div>\n\t\t\t\t\t\t<\/div>\n\t\t\t\t<\/div>\n\t\t\t\t\t<\/div>\n\t\t\t\t<\/div>\n\t\t<div class=\"elementor-element elementor-element-d559dcf e-flex e-con-boxed e-con e-parent\" data-id=\"d559dcf\" data-element_type=\"container\" data-e-type=\"container\" id=\"specialized-core-platforms\">\n\t\t\t\t\t<div class=\"e-con-inner\">\n\t\t\t\t<div class=\"elementor-element elementor-element-0e7d3d4 elementor-widget elementor-widget-heading\" data-id=\"0e7d3d4\" data-element_type=\"widget\" data-e-type=\"widget\" data-widget_type=\"heading.default\">\n\t\t\t\t<div class=\"elementor-widget-container\">\n\t\t\t\t\t<h4 class=\"elementor-heading-title elementor-size-default\">Specialized Core Platforms\n<\/h4>\t\t\t\t<\/div>\n\t\t\t\t<\/div>\n\t\t\t\t<div class=\"elementor-element elementor-element-f8628bc elementor-widget elementor-widget-text-editor\" data-id=\"f8628bc\" data-element_type=\"widget\" data-e-type=\"widget\" data-widget_type=\"text-editor.default\">\n\t\t\t\t<div class=\"elementor-widget-container\">\n\t\t\t\t\t\t\t\t\t<p>In addition to general facilities, ATLATL co-builds advanced, specialized platforms with <b>leading global instrument companies and CRO partners<\/b>. These platforms provide <b>high-end, application-specific capabilities<\/b> and are fully integrated into our on-site R&amp;D environment. Detailed capabilities are introduced in our <b>R&amp;D Platforms<\/b> section.<\/p>\t\t\t\t\t\t\t\t<\/div>\n\t\t\t\t<\/div>\n\t\t\t\t<div class=\"elementor-element elementor-element-049c836 elementor-widget elementor-widget-image\" data-id=\"049c836\" data-element_type=\"widget\" data-e-type=\"widget\" data-widget_type=\"image.default\">\n\t\t\t\t<div class=\"elementor-widget-container\">\n\t\t\t\t\t\t\t\t\t\t\t\t\t\t\t<img decoding=\"async\" width=\"730\" height=\"640\" src=\"https:\/\/www.atlatl.center\/wp-content\/uploads\/2026\/04\/tu-pian-2-2.png\" class=\"attachment-large size-large wp-image-3730\" alt=\"Image 2\" srcset=\"https:\/\/www.atlatl.center\/wp-content\/uploads\/2026\/04\/tu-pian-2-2.png 730w, https:\/\/www.atlatl.center\/wp-content\/uploads\/2026\/04\/tu-pian-2-2-14x12.png 14w\" sizes=\"(max-width: 730px) 100vw, 730px\" \/>\t\t\t\t\t\t\t\t\t\t\t\t\t\t\t<\/div>\n\t\t\t\t<\/div>\n\t\t\t\t<div class=\"elementor-element elementor-element-0a5d157 elementor-widget elementor-widget-text-editor\" data-id=\"0a5d157\" data-element_type=\"widget\" data-e-type=\"widget\" data-widget_type=\"text-editor.default\">\n\t\t\t\t<div class=\"elementor-widget-container\">\n\t\t\t\t\t\t\t\t\t<p><b>ATLATL Specialized Platforms include:<\/b><\/p><p>Cell &amp; Gene Therapy (CGT) Center<\/p><p>Centre de Fabrication de Cellules<\/p><p>Spatial Transcriptomics &amp; Single-Cell Center<\/p><p>Centre Multi-Omics<\/p><p>Centre de d\u00e9pistage de drogues<\/p><p>Organoid &amp; Organ-on-Chip Center<\/p><p>Centre d'imagerie<\/p><p>Centre de pathologie<\/p><p>Flow Cytometry &amp; Cell Sorting Platform<\/p><p>Exosome &amp; Extracellular Vesicle (EV) Platform<\/p><p>CRADL\u00ae Animal Research Center (in partnership with Charles River)<\/p>\t\t\t\t\t\t\t\t<\/div>\n\t\t\t\t<\/div>\n\t\t\t\t<div class=\"elementor-element elementor-element-6c49c91 elementor-widget-divider--view-line elementor-widget elementor-widget-divider\" data-id=\"6c49c91\" data-element_type=\"widget\" data-e-type=\"widget\" data-widget_type=\"divider.default\">\n\t\t\t\t<div class=\"elementor-widget-container\">\n\t\t\t\t\t\t\t<div class=\"elementor-divider\">\n\t\t\t<span class=\"elementor-divider-separator\">\n\t\t\t\t\t\t<\/span>\n\t\t<\/div>\n\t\t\t\t\t\t<\/div>\n\t\t\t\t<\/div>\n\t\t\t\t\t<\/div>\n\t\t\t\t<\/div>\n\t\t<div class=\"elementor-element elementor-element-bd11a4f e-flex e-con-boxed elementor-invisible e-con e-parent\" data-id=\"bd11a4f\" data-element_type=\"container\" data-e-type=\"container\" id=\"equipments253\" data-settings=\"{&quot;animation&quot;:&quot;fadeInUp&quot;}\">\n\t\t\t\t\t<div class=\"e-con-inner\">\n\t\t\t\t<div class=\"elementor-element elementor-element-4e7e96b elementor-widget elementor-widget-heading\" data-id=\"4e7e96b\" data-element_type=\"widget\" data-e-type=\"widget\" data-widget_type=\"heading.default\">\n\t\t\t\t<div class=\"elementor-widget-container\">\n\t\t\t\t\t<h4 class=\"elementor-heading-title elementor-size-default\">Equipments<\/h4>\t\t\t\t<\/div>\n\t\t\t\t<\/div>\n\t\t\t\t<div class=\"elementor-element elementor-element-4c35a6f elementor-widget elementor-widget-text-editor\" data-id=\"4c35a6f\" data-element_type=\"widget\" data-e-type=\"widget\" data-widget_type=\"text-editor.default\">\n\t\t\t\t<div class=\"elementor-widget-container\">\n\t\t\t\t\t\t\t\t\t<p>Our facilities provide access to a wide range of <b>shared, high-end instruments<\/b>, organized by category to support diverse research workflows:<\/p>\t\t\t\t\t\t\t\t<\/div>\n\t\t\t\t<\/div>\n\t\t\t\t<div class=\"elementor-element elementor-element-e9d5fc0 elementor-widget elementor-widget-image\" data-id=\"e9d5fc0\" data-element_type=\"widget\" data-e-type=\"widget\" data-widget_type=\"image.default\">\n\t\t\t\t<div class=\"elementor-widget-container\">\n\t\t\t\t\t\t\t\t\t\t\t\t\t\t\t<img decoding=\"async\" width=\"576\" height=\"299\" src=\"https:\/\/www.atlatl.center\/wp-content\/uploads\/2026\/04\/tu-pian-3-1.jpg\" class=\"attachment-large size-large wp-image-3736\" alt=\"Image 3\" srcset=\"https:\/\/www.atlatl.center\/wp-content\/uploads\/2026\/04\/tu-pian-3-1.jpg 576w, https:\/\/www.atlatl.center\/wp-content\/uploads\/2026\/04\/tu-pian-3-1-18x9.jpg 18w\" sizes=\"(max-width: 576px) 100vw, 576px\" \/>\t\t\t\t\t\t\t\t\t\t\t\t\t\t\t<\/div>\n\t\t\t\t<\/div>\n\t\t\t\t<div class=\"elementor-element elementor-element-275abc6 elementor-widget elementor-widget-text-editor\" data-id=\"275abc6\" data-element_type=\"widget\" data-e-type=\"widget\" data-widget_type=\"text-editor.default\">\n\t\t\t\t<div class=\"elementor-widget-container\">\n\t\t\t\t\t\t\t\t\t<p><strong>Automatisation, manipulation liquide et criblage sur plaques<\/strong><\/p><p>Lecteur de microplaques MD SpectraMax ABS Plus<br \/>Lecteur de microplaques multimodes MD SpectraMax i3x<br \/>Rewvity EnVision\u2122 Microplate Reader<br \/>Lecteur de plaques Tecan Spark Cyto<br \/>Lecteur de microplaques Thermo Multiskan Sky<br \/>ZUOFEl Automatic Liquid Handing Solution<\/p>\t\t\t\t\t\t\t\t<\/div>\n\t\t\t\t<\/div>\n\t\t\t\t<div class=\"elementor-element elementor-element-4757006 elementor-widget elementor-widget-text-editor\" data-id=\"4757006\" data-element_type=\"widget\" data-e-type=\"widget\" data-widget_type=\"text-editor.default\">\n\t\t\t\t<div class=\"elementor-widget-container\">\n\t\t\t\t\t\t\t\t\t<p><strong>Biologie cellulaire et cytom\u00e9trie<\/strong><\/p><p>Cytom\u00e8tre en flux Beckman CytoFLEX<br \/>Bio-Rad Gene Pulser Xcell<br \/>Syst\u00e8me d'\u00e9lectroporation cellulaire Celetrix LE<br \/>Miltenyi Biotec AutOMACS NEO<br \/>Miltenyi Biotec MAcsQuant Analyzer X<br \/>Miltenyi Biotec MACsQuant\u00ae Analyzer 10<br \/>Miltenyi Biotec MAcSQuant\u00ae Analyzer 16<br \/>Miltenyi Biotec MAcsQuant\u00ae Tyto<br \/>Miltenyi Biotec gentle MACS\u2122 Octo Dissociator avec Chauffage<br \/>NanoFCM Cytom\u00e9trie en flux nano<br \/>Rewvity Cellometer K2 Fluorescent Cell Counter<br \/>Compteur de cellules automatis\u00e9 Thermo Countess 3<\/p>\t\t\t\t\t\t\t\t<\/div>\n\t\t\t\t<\/div>\n\t\t\t\t<div class=\"elementor-element elementor-element-dfd525f elementor-widget elementor-widget-text-editor\" data-id=\"dfd525f\" data-element_type=\"widget\" data-e-type=\"widget\" data-widget_type=\"text-editor.default\">\n\t\t\t\t<div class=\"elementor-widget-container\">\n\t\t\t\t\t\t\t\t\t<p><strong>Chromatographie, Spectrom\u00e9trie de masse et Analyse chimique<\/strong><\/p><p>Agilent 1260 infinity ll HPLC<br \/>Agilent 6475 Triple Quadrupole LC Ms<br \/>Syst\u00e8me de chromatographie liquide-spectrom\u00e9trie de masse triple quadrip\u00f4le Agilent<br \/>Rewvity GX ll Touch Labchip<br \/>Syst\u00e8me d'\u00e9lectrophor\u00e8se capillaire SCIEX PA 800 Plus<br \/>Shimadzu Nexis GC 2030 Chromatographe en phase gazeuse<br \/>Syst\u00e8me HPLC Thermo Scientific UltiMate 3000<br \/>Waters Alliance e2695 Syst\u00e8me HPLC<\/p>\t\t\t\t\t\t\t\t<\/div>\n\t\t\t\t<\/div>\n\t\t\t\t\t<\/div>\n\t\t\t\t<\/div>\n\t\t\t\t<\/div>","protected":false},"excerpt":{"rendered":"<p>ATLATL provides a comprehensive core facility system designed to support day-to-day research and enable teams to start immediately without building their own infrastructure. These facilities form the foundation of R&amp;D operations, covering essential workflows across biology, chemistry, and data analysis. [&hellip;]<\/p>\n","protected":false},"author":3,"featured_media":0,"parent":0,"menu_order":0,"comment_status":"closed","ping_status":"closed","template":"","meta":{"_seopress_robots_primary_cat":"","_seopress_titles_title":"","_seopress_titles_desc":"","_seopress_robots_index":"","site-sidebar-layout":"left-sidebar","site-content-layout":"page-builder","ast-site-content-layout":"normal-width-container","site-content-style":"default","site-sidebar-style":"boxed","ast-global-header-display":"","ast-banner-title-visibility":"","ast-main-header-display":"","ast-hfb-above-header-display":"","ast-hfb-below-header-display":"","ast-hfb-mobile-header-display":"","site-post-title":"","ast-breadcrumbs-content":"","ast-featured-img":"disabled","footer-sml-layout":"","ast-disable-related-posts":"","theme-transparent-header-meta":"","adv-header-id-meta":"659","stick-header-meta":"","header-above-stick-meta":"","header-main-stick-meta":"","header-below-stick-meta":"","astra-migrate-meta-layouts":"set","ast-page-background-enabled":"default","ast-page-background-meta":{"desktop":{"background-color":"var(--ast-global-color-4)","background-image":"","background-repeat":"repeat","background-position":"center center","background-size":"auto","background-attachment":"scroll","background-type":"","background-media":"","overlay-type":"","overlay-color":"","overlay-opacity":"","overlay-gradient":""},"tablet":{"background-color":"","background-image":"","background-repeat":"repeat","background-position":"center center","background-size":"auto","background-attachment":"scroll","background-type":"","background-media":"","overlay-type":"","overlay-color":"","overlay-opacity":"","overlay-gradient":""},"mobile":{"background-color":"","background-image":"","background-repeat":"repeat","background-position":"center center","background-size":"auto","background-attachment":"scroll","background-type":"","background-media":"","overlay-type":"","overlay-color":"","overlay-opacity":"","overlay-gradient":""}},"ast-content-background-meta":{"desktop":{"background-color":"var(--ast-global-color-5)","background-image":"","background-repeat":"repeat","background-position":"center center","background-size":"auto","background-attachment":"scroll","background-type":"","background-media":"","overlay-type":"","overlay-color":"","overlay-opacity":"","overlay-gradient":""},"tablet":{"background-color":"var(--ast-global-color-5)","background-image":"","background-repeat":"repeat","background-position":"center center","background-size":"auto","background-attachment":"scroll","background-type":"","background-media":"","overlay-type":"","overlay-color":"","overlay-opacity":"","overlay-gradient":""},"mobile":{"background-color":"var(--ast-global-color-5)","background-image":"","background-repeat":"repeat","background-position":"center center","background-size":"auto","background-attachment":"scroll","background-type":"","background-media":"","overlay-type":"","overlay-color":"","overlay-opacity":"","overlay-gradient":""}},"footnotes":""},"class_list":["post-3717","page","type-page","status-publish"],"acf":[],"_links":{"self":[{"href":"https:\/\/www.atlatl.center\/fr\/wp-json\/wp\/v2\/pages\/3717","targetHints":{"allow":["GET"]}}],"collection":[{"href":"https:\/\/www.atlatl.center\/fr\/wp-json\/wp\/v2\/pages"}],"about":[{"href":"https:\/\/www.atlatl.center\/fr\/wp-json\/wp\/v2\/types\/page"}],"author":[{"embeddable":true,"href":"https:\/\/www.atlatl.center\/fr\/wp-json\/wp\/v2\/users\/3"}],"replies":[{"embeddable":true,"href":"https:\/\/www.atlatl.center\/fr\/wp-json\/wp\/v2\/comments?post=3717"}],"version-history":[{"count":7,"href":"https:\/\/www.atlatl.center\/fr\/wp-json\/wp\/v2\/pages\/3717\/revisions"}],"predecessor-version":[{"id":3796,"href":"https:\/\/www.atlatl.center\/fr\/wp-json\/wp\/v2\/pages\/3717\/revisions\/3796"}],"wp:attachment":[{"href":"https:\/\/www.atlatl.center\/fr\/wp-json\/wp\/v2\/media?parent=3717"}],"curies":[{"name":"wp","href":"https:\/\/api.w.org\/{rel}","templated":true}]}}