{"id":1892,"date":"2022-08-29T14:58:40","date_gmt":"2022-08-29T06:58:40","guid":{"rendered":"https:\/\/atlatl.wpkz.cc\/?page_id=1892"},"modified":"2022-09-03T12:33:05","modified_gmt":"2022-09-03T04:33:05","slug":"r-d-services","status":"publish","type":"page","link":"https:\/\/www.atlatl.center\/fr\/contact\/r-d-services\/","title":{"rendered":"Services de R&amp;D"},"content":{"rendered":"<div data-elementor-type=\"wp-page\" data-elementor-id=\"1892\" class=\"elementor elementor-1892\">\n\t\t\t\t\t\t<section class=\"elementor-section elementor-top-section elementor-element elementor-element-f7a2102 elementor-hidden-mobile elementor-section-boxed elementor-section-height-default elementor-section-height-default\" data-id=\"f7a2102\" data-element_type=\"section\" data-e-type=\"section\" data-settings=\"{&quot;background_background&quot;:&quot;classic&quot;}\">\n\t\t\t\t\t\t<div class=\"elementor-container elementor-column-gap-default\">\n\t\t\t\t\t<div class=\"elementor-column elementor-col-100 elementor-top-column elementor-element elementor-element-01bc0d5\" data-id=\"01bc0d5\" data-element_type=\"column\" data-e-type=\"column\">\n\t\t\t<div class=\"elementor-widget-wrap elementor-element-populated\">\n\t\t\t\t\t\t<div class=\"elementor-element elementor-element-a420e4a uael-nav-menu__breakpoint-none uael-nav-menu__align-left uael-submenu-open-hover uael-submenu-icon-arrow uael-submenu-animation-none uael-link-redirect-child elementor-widget elementor-widget-uael-nav-menu\" data-id=\"a420e4a\" data-element_type=\"widget\" data-e-type=\"widget\" data-settings=\"{&quot;distance_from_menu&quot;:{&quot;unit&quot;:&quot;px&quot;,&quot;size&quot;:&quot;&quot;,&quot;sizes&quot;:[]},&quot;distance_from_menu_tablet&quot;:{&quot;unit&quot;:&quot;px&quot;,&quot;size&quot;:&quot;&quot;,&quot;sizes&quot;:[]},&quot;distance_from_menu_mobile&quot;:{&quot;unit&quot;:&quot;px&quot;,&quot;size&quot;:&quot;&quot;,&quot;sizes&quot;:[]}}\" data-widget_type=\"uael-nav-menu.default\">\n\t\t\t\t<div class=\"elementor-widget-container\">\n\t\t\t\t\t\t\t<div class=\"uael-nav-menu uael-layout-horizontal uael-nav-menu-layout uael-pointer__none\" data-layout=\"horizontal\">\n\t\t\t\t<div role=\"button\" class=\"uael-nav-menu__toggle elementor-clickable\">\n\t\t\t\t\t<span class=\"screen-reader-text\">Menu principal<\/span>\n\t\t\t\t\t<div class=\"uael-nav-menu-icon\">\n\t\t\t\t\t\t\t\t\t\t\t<\/div>\n\t\t\t\t\t\t\t\t\t<\/div>\n\t\t\t\t\t\t\t<nav class=\"uael-nav-menu__layout-horizontal uael-nav-menu__submenu-arrow\" data-toggle-icon=\"\" data-close-icon=\"\" data-full-width=\"\"><ul id=\"menu-1-a420e4a\" class=\"uael-nav-menu\"><li id=\"menu-item-2327\" class=\"menu-item menu-item-type-post_type menu-item-object-page parent uael-creative-menu\"><a href=\"https:\/\/www.atlatl.center\/fr\/contact\/schedule-a-tour\/\" class = \"uael-menu-item\">Planifier une visite<\/a><\/li>\n<li id=\"menu-item-1897\" class=\"menu-item menu-item-type-post_type menu-item-object-page parent uael-creative-menu\"><a href=\"https:\/\/www.atlatl.center\/fr\/contact\/apply-for-a-space\/\" class = \"uael-menu-item\">Demande d'espace<\/a><\/li>\n<li id=\"menu-item-1898\" class=\"menu-item menu-item-type-post_type menu-item-object-page parent uael-creative-menu\"><a href=\"https:\/\/www.atlatl.center\/fr\/contact\/r-d-services\/\" class = \"uael-menu-item\">Services de R&amp;D<\/a><\/li>\n<li id=\"menu-item-1249\" class=\"menu-item menu-item-type-post_type menu-item-object-page parent uael-creative-menu\"><a href=\"https:\/\/www.atlatl.center\/fr\/contact\/partnership\/\" class = \"uael-menu-item\">Partenariat<\/a><\/li>\n<li id=\"menu-item-1250\" class=\"menu-item menu-item-type-post_type menu-item-object-page parent uael-creative-menu\"><a href=\"https:\/\/www.atlatl.center\/fr\/contact\/career\/\" class = \"uael-menu-item\">Carri\u00e8re<\/a><\/li>\n<\/ul><\/nav>\n\t\t\t\t\t<\/div>\n\t\t\t\t\t\t\t<\/div>\n\t\t\t\t<\/div>\n\t\t\t\t\t<\/div>\n\t\t<\/div>\n\t\t\t\t\t<\/div>\n\t\t<\/section>\n\t\t\t\t<section class=\"elementor-section elementor-top-section elementor-element elementor-element-8ee765a elementor-section-boxed elementor-section-height-default elementor-section-height-default elementor-invisible\" data-id=\"8ee765a\" data-element_type=\"section\" data-e-type=\"section\" data-settings=\"{&quot;animation&quot;:&quot;fadeInUp&quot;}\">\n\t\t\t\t\t\t<div class=\"elementor-container elementor-column-gap-default\">\n\t\t\t\t\t<div class=\"elementor-column elementor-col-33 elementor-top-column elementor-element elementor-element-cb68e37\" data-id=\"cb68e37\" data-element_type=\"column\" data-e-type=\"column\" data-settings=\"{&quot;background_background&quot;:&quot;classic&quot;}\">\n\t\t\t<div class=\"elementor-widget-wrap elementor-element-populated\">\n\t\t\t\t\t\t<div class=\"elementor-element elementor-element-427b600 elementor-widget elementor-widget-spacer\" data-id=\"427b600\" data-element_type=\"widget\" data-e-type=\"widget\" data-widget_type=\"spacer.default\">\n\t\t\t\t<div class=\"elementor-widget-container\">\n\t\t\t\t\t\t\t<div class=\"elementor-spacer\">\n\t\t\t<div class=\"elementor-spacer-inner\"><\/div>\n\t\t<\/div>\n\t\t\t\t\t\t<\/div>\n\t\t\t\t<\/div>\n\t\t\t\t\t<\/div>\n\t\t<\/div>\n\t\t\t\t<div class=\"elementor-column elementor-col-66 elementor-top-column elementor-element elementor-element-46b4ff9\" data-id=\"46b4ff9\" data-element_type=\"column\" data-e-type=\"column\" data-settings=\"{&quot;background_background&quot;:&quot;classic&quot;}\">\n\t\t\t<div class=\"elementor-widget-wrap elementor-element-populated\">\n\t\t\t\t\t\t<div class=\"elementor-element elementor-element-9902921 elementor-widget elementor-widget-heading\" data-id=\"9902921\" data-element_type=\"widget\" data-e-type=\"widget\" data-widget_type=\"heading.default\">\n\t\t\t\t<div class=\"elementor-widget-container\">\n\t\t\t\t\t<h2 class=\"elementor-heading-title elementor-size-default\">Services de R&amp;D<\/h2>\t\t\t\t<\/div>\n\t\t\t\t<\/div>\n\t\t\t\t<div class=\"elementor-element elementor-element-f6ad6e3 elementor-widget elementor-widget-text-editor\" data-id=\"f6ad6e3\" data-element_type=\"widget\" data-e-type=\"widget\" data-widget_type=\"text-editor.default\">\n\t\t\t\t<div class=\"elementor-widget-container\">\n\t\t\t\t\t\t\t\t\t<p>En tant qu'experts en sciences, nous fournissons des ORC sur site pour soutenir les scientifiques et les entrepreneurs dans le monde entier. Avec nos partenaires strat\u00e9giques, nous optimisons la cha\u00eene de montage de la R&amp;D et offrons aux innovateurs un large \u00e9ventail de possibilit\u00e9s de co-cr\u00e9ation.<\/p>\t\t\t\t\t\t\t\t<\/div>\n\t\t\t\t<\/div>\n\t\t\t\t<div class=\"elementor-element elementor-element-fb8507f elementor-widget elementor-widget-shortcode\" data-id=\"fb8507f\" data-element_type=\"widget\" data-e-type=\"widget\" data-widget_type=\"shortcode.default\">\n\t\t\t\t<div class=\"elementor-widget-container\">\n\t\t\t\t\t\t\t<div class=\"elementor-shortcode\"><div class=\"forminator-ui forminator-custom-form forminator-custom-form-2196 forminator-design--default  forminator_ajax\" data-forminator-render=\"0\" data-form=\"forminator-module-2196\" data-uid=\"69f2bde6074ef\"><br\/><\/div><form\n\t\t\t\tid=\"forminator-module-2196\"\n\t\t\t\tclass=\"forminator-ui forminator-custom-form forminator-custom-form-2196 forminator-design--default  forminator_ajax\"\n\t\t\t\tmethod=\"post\"\n\t\t\t\tdata-forminator-render=\"0\"\n\t\t\t\tdata-form-id=\"2196\"\n\t\t\t\t data-color-option=\"default\" data-design=\"default\" data-grid=\"open\" style=\"display: none;\"\n\t\t\t\tdata-uid=\"69f2bde6074ef\" action=\"\"\n\t\t\t><div role=\"alert\" aria-live=\"polite\" class=\"forminator-response-message forminator-error\" aria-hidden=\"true\"><\/div><div class=\"forminator-row\"><div id=\"name-1\" class=\"forminator-field-name forminator-col forminator-col-12\"><div class=\"forminator-field\"><label for=\"forminator-field-name-1_69f2bde6074ef\" id=\"forminator-field-name-1_69f2bde6074ef-label\" class=\"forminator-label\">Nom <span class=\"forminator-required\">*<\/span><\/label><input type=\"text\" name=\"name-1\" value=\"\" placeholder=\"Par exemple, John\" id=\"forminator-field-name-1_69f2bde6074ef\" class=\"forminator-input forminator-name--field\" aria-required=\"true\" autocomplete=\"name\" \/><\/div><\/div><\/div><div class=\"forminator-row\"><div id=\"text-1\" class=\"forminator-field-text forminator-col forminator-col-12\"><div class=\"forminator-field\"><label for=\"forminator-field-text-1_69f2bde6074ef\" id=\"forminator-field-text-1_69f2bde6074ef-label\" class=\"forminator-label\">Votre Organisation<\/label><input type=\"text\" name=\"text-1\" value=\"\" placeholder=\"\" id=\"forminator-field-text-1_69f2bde6074ef\" class=\"forminator-input forminator-name--field\" data-required=\"\" \/><span id=\"forminator-field-text-1_69f2bde6074ef-description\" class=\"forminator-description\"><span data-limit=\"300\" data-type=\"words\">0 \/ 300<\/span><\/span><\/div><\/div><\/div><div class=\"forminator-row\"><div id=\"email-1\" class=\"forminator-field-email forminator-col forminator-col-12\"><div class=\"forminator-field\"><label for=\"forminator-field-email-1_69f2bde6074ef\" id=\"forminator-field-email-1_69f2bde6074ef-label\" class=\"forminator-label\">Courriel <span class=\"forminator-required\">*<\/span><\/label><input type=\"email\" name=\"email-1\" value=\"\" placeholder=\"Par exemple : john@doe.com\" id=\"forminator-field-email-1_69f2bde6074ef\" class=\"forminator-input forminator-email--field\" data-required=\"true\" aria-required=\"true\" autocomplete=\"email\" \/><\/div><\/div><\/div><div class=\"forminator-row\"><div id=\"phone-1\" class=\"forminator-field-phone forminator-col forminator-col-12\"><div class=\"forminator-field\"><label for=\"forminator-field-phone-1_69f2bde6074ef\" id=\"forminator-field-phone-1_69f2bde6074ef-label\" class=\"forminator-label\">T\u00e9l\u00e9phone <span class=\"forminator-required\">*<\/span><\/label><input type=\"text\" name=\"phone-1\" value=\"\" placeholder=\"Par exemple : +1 300 400 5000\" id=\"forminator-field-phone-1_69f2bde6074ef\" class=\"forminator-input forminator-field--phone\" data-required=\"1\" aria-required=\"true\" autocomplete=\"off\" \/><\/div><\/div><\/div><div class=\"forminator-row\"><div id=\"select-1\" class=\"forminator-field-select forminator-col forminator-col-12\"><div class=\"forminator-field\"><label for=\"forminator-form-2196__field--select-1_69f2bde6074ef\" id=\"forminator-form-2196__field--select-1_69f2bde6074ef-label\" class=\"forminator-label\">Qu'avez-vous besoin ?<\/label><div class=\"forminator-multiselect\" aria-labelledby=\"forminator-form-2196__field--select-1_69f2bde6074ef-label\" aria-describedby=\"forminator-form-2196__field--select-1_69f2bde6074ef-description\"><label id=\"forminator-form-2196__field--select-1_69f2bde6074ef-1-label\" for=\"forminator-form-2196__field--select-1_69f2bde6074ef-1\" class=\"forminator-option\"><input type=\"checkbox\" name=\"select-1[]\" value=\"Research-Services\" id=\"forminator-form-2196__field--select-1_69f2bde6074ef-1\" aria-labelledby=\"forminator-form-2196__field--select-1_69f2bde6074ef-1-label\" data-calculation=\"0\"  data-hidden-behavior=\"zero\"  \/>Services de recherche<\/label><label id=\"forminator-form-2196__field--select-1_69f2bde6074ef-2-label\" for=\"forminator-form-2196__field--select-1_69f2bde6074ef-2\" class=\"forminator-option\"><input type=\"checkbox\" name=\"select-1[]\" value=\"one\" id=\"forminator-form-2196__field--select-1_69f2bde6074ef-2\" aria-labelledby=\"forminator-form-2196__field--select-1_69f2bde6074ef-2-label\" data-calculation=\"0\"  data-hidden-behavior=\"zero\"  \/>\u00c9tudes de preuve de concept (POC)<\/label><label id=\"forminator-form-2196__field--select-1_69f2bde6074ef-3-label\" for=\"forminator-form-2196__field--select-1_69f2bde6074ef-3\" class=\"forminator-option\"><input type=\"checkbox\" name=\"select-1[]\" value=\"two\" id=\"forminator-form-2196__field--select-1_69f2bde6074ef-3\" aria-labelledby=\"forminator-form-2196__field--select-1_69f2bde6074ef-3-label\" data-calculation=\"0\"  data-hidden-behavior=\"zero\"  \/>Financement d'amor\u00e7age pour la validation<\/label><label id=\"forminator-form-2196__field--select-1_69f2bde6074ef-4-label\" for=\"forminator-form-2196__field--select-1_69f2bde6074ef-4\" class=\"forminator-option\"><input type=\"checkbox\" name=\"select-1[]\" value=\"Seeds-Fund-for-Validation\" id=\"forminator-form-2196__field--select-1_69f2bde6074ef-4\" aria-labelledby=\"forminator-form-2196__field--select-1_69f2bde6074ef-4-label\" data-calculation=\"0\"  data-hidden-behavior=\"zero\"  \/>Solutions de laboratoire cl\u00e9s en main<\/label><label id=\"forminator-form-2196__field--select-1_69f2bde6074ef-5-label\" for=\"forminator-form-2196__field--select-1_69f2bde6074ef-5\" class=\"forminator-option\"><input type=\"checkbox\" name=\"select-1[]\" value=\"Turnkey-Labs\" id=\"forminator-form-2196__field--select-1_69f2bde6074ef-5\" aria-labelledby=\"forminator-form-2196__field--select-1_69f2bde6074ef-5-label\" data-calculation=\"0\"  data-hidden-behavior=\"zero\"  \/>Pr\u00e9sentations des partenaires industriels<\/label><label id=\"forminator-form-2196__field--select-1_69f2bde6074ef-6-label\" for=\"forminator-form-2196__field--select-1_69f2bde6074ef-6\" class=\"forminator-option\"><input type=\"checkbox\" name=\"select-1[]\" value=\"Others\" id=\"forminator-form-2196__field--select-1_69f2bde6074ef-6\" aria-labelledby=\"forminator-form-2196__field--select-1_69f2bde6074ef-6-label\" data-calculation=\"0\"  data-hidden-behavior=\"zero\"  \/>Autres<\/label><input type='hidden' name='select-1-multiselect-default-values' class='multiselect-default-values' value='' \/><\/div><span id=\"forminator-form-2196__field--select-1_69f2bde6074ef-description\" class=\"forminator-description\">Veuillez s\u00e9lectionner une ou plusieurs options.<\/span><\/div><\/div><\/div><div class=\"forminator-row\"><div id=\"textarea-1\" class=\"forminator-field-textarea forminator-col forminator-col-12\"><div class=\"forminator-field\"><label for=\"forminator-field-textarea-1_69f2bde6074ef\" id=\"forminator-field-textarea-1_69f2bde6074ef-label\" class=\"forminator-label\">Message<\/label><textarea name=\"textarea-1\" placeholder=\"Saisissez votre message...\" id=\"forminator-field-textarea-1_69f2bde6074ef\" class=\"forminator-textarea\" rows=\"6\" style=\"min-height:120px;\" ><\/textarea><span id=\"forminator-field-textarea-1_69f2bde6074ef-description\" class=\"forminator-description\"><span data-limit=\"300\" data-type=\"words\" data-editor=\"\">0 \/ 300<\/span><\/span><\/div><\/div><\/div><input type=\"hidden\" name=\"referer_url\" value=\"\" \/><div class=\"forminator-row forminator-row-last\"><div class=\"forminator-col\"><div class=\"forminator-field\"><button class=\"forminator-button forminator-button-submit\">Envoyer un message<\/button><\/div><\/div><\/div><input type=\"hidden\" id=\"forminator_nonce\" name=\"forminator_nonce\" value=\"19ec01ffbb\" \/><input type=\"hidden\" name=\"_wp_http_referer\" value=\"\/fr\/wp-json\/wp\/v2\/pages\/1892\" \/><input type=\"hidden\" name=\"form_id\" value=\"2196\"><input type=\"hidden\" name=\"page_id\" value=\"1892\"><input type=\"hidden\" name=\"form_type\" value=\"default\"><input type=\"hidden\" name=\"current_url\" value=\"https:\/\/www.atlatl.center\/fr\/contact\/r-d-services\/\"><input type=\"hidden\" name=\"render_id\" value=\"0\"><input type=\"hidden\" name=\"action\" value=\"forminator_submit_form_custom-forms\"><label for=\"input_7\" class=\"forminator-hidden\" aria-hidden=\"true\">Veuillez ne pas remplir ce champ. <input id=\"input_7\" type=\"text\" name=\"input_7\" value=\"\" autocomplete=\"off\"><\/label><input type=\"hidden\" name=\"trp-form-language\" value=\"fr\"\/><\/form><\/div>\n\t\t\t\t\t\t<\/div>\n\t\t\t\t<\/div>\n\t\t\t\t\t<\/div>\n\t\t<\/div>\n\t\t\t\t\t<\/div>\n\t\t<\/section>\n\t\t\t\t<\/div>","protected":false},"excerpt":{"rendered":"<p>Apply for a space R&#038;D Services Partnership Career R&#038;D Services As experts in science, we provide on-site CRO to support scientists and entrepreneurs around the world. With our strategic partners, we optimize the R&amp;D assembly line and offer a wide [&hellip;]<\/p>\n","protected":false},"author":1,"featured_media":0,"parent":34,"menu_order":0,"comment_status":"closed","ping_status":"closed","template":"","meta":{"_seopress_robots_primary_cat":"","_seopress_titles_title":"","_seopress_titles_desc":"","_seopress_robots_index":"","site-sidebar-layout":"no-sidebar","site-content-layout":"page-builder","ast-site-content-layout":"default","site-content-style":"default","site-sidebar-style":"default","ast-global-header-display":"","ast-banner-title-visibility":"","ast-main-header-display":"","ast-hfb-above-header-display":"","ast-hfb-below-header-display":"","ast-hfb-mobile-header-display":"","site-post-title":"disabled","ast-breadcrumbs-content":"","ast-featured-img":"disabled","footer-sml-layout":"","ast-disable-related-posts":"","theme-transparent-header-meta":"","adv-header-id-meta":"","stick-header-meta":"","header-above-stick-meta":"","header-main-stick-meta":"","header-below-stick-meta":"","astra-migrate-meta-layouts":"default","ast-page-background-enabled":"default","ast-page-background-meta":{"desktop":{"background-color":"var(--ast-global-color-4)","background-image":"","background-repeat":"repeat","background-position":"center center","background-size":"auto","background-attachment":"scroll","background-type":"","background-media":"","overlay-type":"","overlay-color":"","overlay-opacity":"","overlay-gradient":""},"tablet":{"background-color":"","background-image":"","background-repeat":"repeat","background-position":"center center","background-size":"auto","background-attachment":"scroll","background-type":"","background-media":"","overlay-type":"","overlay-color":"","overlay-opacity":"","overlay-gradient":""},"mobile":{"background-color":"","background-image":"","background-repeat":"repeat","background-position":"center center","background-size":"auto","background-attachment":"scroll","background-type":"","background-media":"","overlay-type":"","overlay-color":"","overlay-opacity":"","overlay-gradient":""}},"ast-content-background-meta":{"desktop":{"background-color":"var(--ast-global-color-5)","background-image":"","background-repeat":"repeat","background-position":"center center","background-size":"auto","background-attachment":"scroll","background-type":"","background-media":"","overlay-type":"","overlay-color":"","overlay-opacity":"","overlay-gradient":""},"tablet":{"background-color":"var(--ast-global-color-5)","background-image":"","background-repeat":"repeat","background-position":"center center","background-size":"auto","background-attachment":"scroll","background-type":"","background-media":"","overlay-type":"","overlay-color":"","overlay-opacity":"","overlay-gradient":""},"mobile":{"background-color":"var(--ast-global-color-5)","background-image":"","background-repeat":"repeat","background-position":"center center","background-size":"auto","background-attachment":"scroll","background-type":"","background-media":"","overlay-type":"","overlay-color":"","overlay-opacity":"","overlay-gradient":""}},"footnotes":""},"class_list":["post-1892","page","type-page","status-publish"],"acf":[],"_links":{"self":[{"href":"https:\/\/www.atlatl.center\/fr\/wp-json\/wp\/v2\/pages\/1892","targetHints":{"allow":["GET"]}}],"collection":[{"href":"https:\/\/www.atlatl.center\/fr\/wp-json\/wp\/v2\/pages"}],"about":[{"href":"https:\/\/www.atlatl.center\/fr\/wp-json\/wp\/v2\/types\/page"}],"author":[{"embeddable":true,"href":"https:\/\/www.atlatl.center\/fr\/wp-json\/wp\/v2\/users\/1"}],"replies":[{"embeddable":true,"href":"https:\/\/www.atlatl.center\/fr\/wp-json\/wp\/v2\/comments?post=1892"}],"version-history":[{"count":1,"href":"https:\/\/www.atlatl.center\/fr\/wp-json\/wp\/v2\/pages\/1892\/revisions"}],"predecessor-version":[{"id":4079,"href":"https:\/\/www.atlatl.center\/fr\/wp-json\/wp\/v2\/pages\/1892\/revisions\/4079"}],"up":[{"embeddable":true,"href":"https:\/\/www.atlatl.center\/fr\/wp-json\/wp\/v2\/pages\/34"}],"wp:attachment":[{"href":"https:\/\/www.atlatl.center\/fr\/wp-json\/wp\/v2\/media?parent=1892"}],"curies":[{"name":"wp","href":"https:\/\/api.w.org\/{rel}","templated":true}]}}