{"id":1800,"date":"2022-08-26T17:53:28","date_gmt":"2022-08-26T09:53:28","guid":{"rendered":"https:\/\/atlatl.wpkz.cc\/?page_id=1800"},"modified":"2026-04-22T17:48:37","modified_gmt":"2026-04-22T09:48:37","slug":"facilities","status":"publish","type":"page","link":"https:\/\/www.atlatl.center\/fr\/labs-facilities\/facilities\/","title":{"rendered":"R\u00e9seau et ex\u00e9cution mondiaux"},"content":{"rendered":"<div data-elementor-type=\"wp-page\" data-elementor-id=\"1800\" class=\"elementor elementor-1800\">\n\t\t\t\t<div class=\"elementor-element elementor-element-9bb486d e-flex e-con-boxed elementor-invisible e-con e-parent\" data-id=\"9bb486d\" data-element_type=\"container\" data-e-type=\"container\" data-settings=\"{&quot;animation&quot;:&quot;fadeInUp&quot;}\">\n\t\t\t\t\t<div class=\"e-con-inner\">\n\t\t\t\t<div class=\"elementor-element elementor-element-686794b elementor-widget elementor-widget-text-editor\" data-id=\"686794b\" data-element_type=\"widget\" data-e-type=\"widget\" data-widget_type=\"text-editor.default\">\n\t\t\t\t<div class=\"elementor-widget-container\">\n\t\t\t\t\t\t\t\t\t<p>ATLATL fonctionne comme une <b>r\u00e9seau mondial de R&amp;D connect\u00e9<\/b>, permettant aux \u00e9quipes de concevoir, d'ex\u00e9cuter et de mettre \u00e0 l'\u00e9chelle des programmes sur diff\u00e9rents sites sans avoir \u00e0 construire de nouvelles infrastructures. En int\u00e9grant <b>laboratoires, logistique et ex\u00e9cution sur site<\/b>, nous fournissons un environnement sans couture o\u00f9 la recherche peut passer efficacement de l'\u00e9chantillon aux donn\u00e9es, puis \u00e0 la d\u00e9cision.<\/p>\t\t\t\t\t\t\t\t<\/div>\n\t\t\t\t<\/div>\n\t\t\t\t<div class=\"elementor-element elementor-element-b0479b6 elementor-widget-divider--view-line elementor-widget elementor-widget-divider\" data-id=\"b0479b6\" data-element_type=\"widget\" data-e-type=\"widget\" data-widget_type=\"divider.default\">\n\t\t\t\t<div class=\"elementor-widget-container\">\n\t\t\t\t\t\t\t<div class=\"elementor-divider\">\n\t\t\t<span class=\"elementor-divider-separator\">\n\t\t\t\t\t\t<\/span>\n\t\t<\/div>\n\t\t\t\t\t\t<\/div>\n\t\t\t\t<\/div>\n\t\t\t\t\t<\/div>\n\t\t\t\t<\/div>\n\t\t<div class=\"elementor-element elementor-element-4e64a56 e-flex e-con-boxed elementor-invisible e-con e-parent\" data-id=\"4e64a56\" data-element_type=\"container\" data-e-type=\"container\" id=\"network-access\" data-settings=\"{&quot;animation&quot;:&quot;fadeInUp&quot;}\">\n\t\t\t\t\t<div class=\"e-con-inner\">\n\t\t\t\t<div class=\"elementor-element elementor-element-72682df elementor-widget elementor-widget-heading\" data-id=\"72682df\" data-element_type=\"widget\" data-e-type=\"widget\" data-widget_type=\"heading.default\">\n\t\t\t\t<div class=\"elementor-widget-container\">\n\t\t\t\t\t<h3 class=\"elementor-heading-title elementor-size-default\">R\u00e9seau et acc\u00e8s<\/h3>\t\t\t\t<\/div>\n\t\t\t\t<\/div>\n\t\t\t\t<div class=\"elementor-element elementor-element-0064052 elementor-widget elementor-widget-text-editor\" data-id=\"0064052\" data-element_type=\"widget\" data-e-type=\"widget\" data-widget_type=\"text-editor.default\">\n\t\t\t\t<div class=\"elementor-widget-container\">\n\t\t\t\t\t\t\t\t\t<p>ATLATL fournit un <b>r\u00e9seau d'innovation multi-sites<\/b> qui permet aux \u00e9quipes de fonctionner localement tout en collaborant mondialement. Notre empreinte s'\u00e9tend \u00e0 travers <b>P\u00f4les d'innovation APAC<\/b>, avec un acc\u00e8s prolong\u00e9 \u00e0 <b>laboratoires partenaires aux \u00c9tats-Unis et en Europe<\/b>, permettant aux entreprises de tirer parti des bonnes capacit\u00e9s l\u00e0 o\u00f9 elles sont n\u00e9cessaires.<\/p><p>Avec <b>environnements de laboratoire standardis\u00e9s, flux de travail align\u00e9s et support op\u00e9rationnel int\u00e9gr\u00e9<\/b>, les projets peuvent fonctionner de mani\u00e8re transparente dans diff\u00e9rents endroits, que ce soit pour une expansion, une collaboration ou des exigences r\u00e9glementaires. Ce mod\u00e8le permet <b>une ex\u00e9cution plus rapide, une utilisation efficace des ressources et une \u00e9volutivit\u00e9 internationale<\/b> sans qu'il soit n\u00e9cessaire de reconstruire l'infrastructure.<\/p>\t\t\t\t\t\t\t\t<\/div>\n\t\t\t\t<\/div>\n\t\t\t\t<div class=\"elementor-element elementor-element-cd97471 elementor-widget elementor-widget-image\" data-id=\"cd97471\" data-element_type=\"widget\" data-e-type=\"widget\" data-widget_type=\"image.default\">\n\t\t\t\t<div class=\"elementor-widget-container\">\n\t\t\t\t\t\t\t\t\t\t\t\t\t\t\t<img fetchpriority=\"high\" decoding=\"async\" width=\"568\" height=\"1024\" src=\"https:\/\/www.atlatl.center\/wp-content\/uploads\/2026\/04\/tu-pian-1-2-568x1024.png\" class=\"attachment-large size-large wp-image-3709\" alt=\"Image 1\" srcset=\"https:\/\/www.atlatl.center\/wp-content\/uploads\/2026\/04\/tu-pian-1-2-568x1024.png 568w, https:\/\/www.atlatl.center\/wp-content\/uploads\/2026\/04\/tu-pian-1-2-7x12.png 7w, https:\/\/www.atlatl.center\/wp-content\/uploads\/2026\/04\/tu-pian-1-2.png 742w\" sizes=\"(max-width: 568px) 100vw, 568px\" \/>\t\t\t\t\t\t\t\t\t\t\t\t\t\t\t<\/div>\n\t\t\t\t<\/div>\n\t\t\t\t<div class=\"elementor-element elementor-element-fb6a167 elementor-widget-divider--view-line elementor-widget elementor-widget-divider\" data-id=\"fb6a167\" data-element_type=\"widget\" data-e-type=\"widget\" data-widget_type=\"divider.default\">\n\t\t\t\t<div class=\"elementor-widget-container\">\n\t\t\t\t\t\t\t<div class=\"elementor-divider\">\n\t\t\t<span class=\"elementor-divider-separator\">\n\t\t\t\t\t\t<\/span>\n\t\t<\/div>\n\t\t\t\t\t\t<\/div>\n\t\t\t\t<\/div>\n\t\t\t\t\t<\/div>\n\t\t\t\t<\/div>\n\t\t<div class=\"elementor-element elementor-element-29926f1 e-flex e-con-boxed elementor-invisible e-con e-parent\" data-id=\"29926f1\" data-element_type=\"container\" data-e-type=\"container\" data-settings=\"{&quot;animation&quot;:&quot;fadeInUp&quot;}\">\n\t\t\t\t\t<div class=\"e-con-inner\">\n\t\t\t\t<div class=\"elementor-element elementor-element-25f2fdf elementor-widget elementor-widget-heading\" data-id=\"25f2fdf\" data-element_type=\"widget\" data-e-type=\"widget\" id=\"global-processing-logistics-execution\" data-widget_type=\"heading.default\">\n\t\t\t\t<div class=\"elementor-widget-container\">\n\t\t\t\t\t<h4 class=\"elementor-heading-title elementor-size-default\">Traitement, Logistique et Ex\u00e9cution Mondiaux<\/h4>\t\t\t\t<\/div>\n\t\t\t\t<\/div>\n\t\t\t\t<div class=\"elementor-element elementor-element-eb3bdf4 elementor-widget elementor-widget-text-editor\" data-id=\"eb3bdf4\" data-element_type=\"widget\" data-e-type=\"widget\" data-widget_type=\"text-editor.default\">\n\t\t\t\t<div class=\"elementor-widget-container\">\n\t\t\t\t\t\t\t\t\t<p>ATLATL soutient les projets de <b>collecte d'\u00e9chantillons \u00e0 la livraison des donn\u00e9es<\/b> gr\u00e2ce \u00e0 des flux de travail int\u00e9gr\u00e9s de traitement, de logistique et d'ex\u00e9cution sur site.<\/p><ul><li><b>Gestion d'\u00e9chantillons de bout en bout<\/b> \u2014 de la collecte, au traitement et au stockage en passant par l'analyse en aval<\/li><li><b>Coordination mondiale<\/b> \u00e0 travers les hubs ATLATL et les laboratoires partenaires<\/li><li><b>Solutions de kitting personnalis\u00e9es<\/b> adapt\u00e9 aux exigences sp\u00e9cifiques de l'\u00e9tude<\/li><li><b>Soutien r\u00e9glementaire<\/b> pour les permis d'importation\/exportation et la conformit\u00e9<\/li><li><b>Op\u00e9rations flexibles<\/b>, y compris des heures d'ouverture prolong\u00e9es pour les livraisons urgentes<\/li><li><b>Planification logistique optimis\u00e9e<\/b> pour un transport s\u00e9curis\u00e9 et efficace<\/li><li><b>Exp\u00e9rience avec des coursiers mondiaux<\/b>, y compris World Courier, Marken, FedEx, et d'autres<\/li><\/ul>\t\t\t\t\t\t\t\t<\/div>\n\t\t\t\t<\/div>\n\t\t\t\t\t<\/div>\n\t\t\t\t<\/div>\n\t\t\t\t<\/div>","protected":false},"excerpt":{"rendered":"<p>ATLATL operates as a connected global R&amp;D network, enabling teams to design, execute, and scale programs across locations without building new infrastructure. By integrating labs, logistics, and on-site execution, we provide a seamless environment where research can move efficiently from [&hellip;]<\/p>\n","protected":false},"author":1,"featured_media":0,"parent":742,"menu_order":2,"comment_status":"closed","ping_status":"closed","template":"","meta":{"_seopress_robots_primary_cat":"","_seopress_titles_title":"","_seopress_titles_desc":"","_seopress_robots_index":"","site-sidebar-layout":"left-sidebar","site-content-layout":"boxed-container","ast-site-content-layout":"normal-width-container","site-content-style":"boxed","site-sidebar-style":"boxed","ast-global-header-display":"","ast-banner-title-visibility":"","ast-main-header-display":"","ast-hfb-above-header-display":"","ast-hfb-below-header-display":"","ast-hfb-mobile-header-display":"","site-post-title":"disabled","ast-breadcrumbs-content":"","ast-featured-img":"disabled","footer-sml-layout":"","ast-disable-related-posts":"","theme-transparent-header-meta":"","adv-header-id-meta":"","stick-header-meta":"","header-above-stick-meta":"","header-main-stick-meta":"","header-below-stick-meta":"","astra-migrate-meta-layouts":"set","ast-page-background-enabled":"default","ast-page-background-meta":{"desktop":{"background-color":"var(--ast-global-color-4)","background-image":"","background-repeat":"repeat","background-position":"center center","background-size":"auto","background-attachment":"scroll","background-type":"","background-media":"","overlay-type":"","overlay-color":"","overlay-opacity":"","overlay-gradient":""},"tablet":{"background-color":"","background-image":"","background-repeat":"repeat","background-position":"center center","background-size":"auto","background-attachment":"scroll","background-type":"","background-media":"","overlay-type":"","overlay-color":"","overlay-opacity":"","overlay-gradient":""},"mobile":{"background-color":"","background-image":"","background-repeat":"repeat","background-position":"center center","background-size":"auto","background-attachment":"scroll","background-type":"","background-media":"","overlay-type":"","overlay-color":"","overlay-opacity":"","overlay-gradient":""}},"ast-content-background-meta":{"desktop":{"background-color":"var(--ast-global-color-5)","background-image":"","background-repeat":"repeat","background-position":"center center","background-size":"auto","background-attachment":"scroll","background-type":"","background-media":"","overlay-type":"","overlay-color":"","overlay-opacity":"","overlay-gradient":""},"tablet":{"background-color":"var(--ast-global-color-5)","background-image":"","background-repeat":"repeat","background-position":"center center","background-size":"auto","background-attachment":"scroll","background-type":"","background-media":"","overlay-type":"","overlay-color":"","overlay-opacity":"","overlay-gradient":""},"mobile":{"background-color":"var(--ast-global-color-5)","background-image":"","background-repeat":"repeat","background-position":"center center","background-size":"auto","background-attachment":"scroll","background-type":"","background-media":"","overlay-type":"","overlay-color":"","overlay-opacity":"","overlay-gradient":""}},"footnotes":""},"class_list":["post-1800","page","type-page","status-publish"],"acf":[],"_links":{"self":[{"href":"https:\/\/www.atlatl.center\/fr\/wp-json\/wp\/v2\/pages\/1800","targetHints":{"allow":["GET"]}}],"collection":[{"href":"https:\/\/www.atlatl.center\/fr\/wp-json\/wp\/v2\/pages"}],"about":[{"href":"https:\/\/www.atlatl.center\/fr\/wp-json\/wp\/v2\/types\/page"}],"author":[{"embeddable":true,"href":"https:\/\/www.atlatl.center\/fr\/wp-json\/wp\/v2\/users\/1"}],"replies":[{"embeddable":true,"href":"https:\/\/www.atlatl.center\/fr\/wp-json\/wp\/v2\/comments?post=1800"}],"version-history":[{"count":10,"href":"https:\/\/www.atlatl.center\/fr\/wp-json\/wp\/v2\/pages\/1800\/revisions"}],"predecessor-version":[{"id":4011,"href":"https:\/\/www.atlatl.center\/fr\/wp-json\/wp\/v2\/pages\/1800\/revisions\/4011"}],"up":[{"embeddable":true,"href":"https:\/\/www.atlatl.center\/fr\/wp-json\/wp\/v2\/pages\/742"}],"wp:attachment":[{"href":"https:\/\/www.atlatl.center\/fr\/wp-json\/wp\/v2\/media?parent=1800"}],"curies":[{"name":"wp","href":"https:\/\/api.w.org\/{rel}","templated":true}]}}