{"id":1796,"date":"2022-08-26T17:52:31","date_gmt":"2022-08-26T09:52:31","guid":{"rendered":"https:\/\/atlatl.wpkz.cc\/?page_id=1796"},"modified":"2026-04-22T17:46:15","modified_gmt":"2026-04-22T09:46:15","slug":"by-function","status":"publish","type":"page","link":"https:\/\/www.atlatl.center\/fr\/labs-facilities\/lab-space\/by-function\/","title":{"rendered":"Par conformit\u00e9"},"content":{"rendered":"<div data-elementor-type=\"wp-page\" data-elementor-id=\"1796\" class=\"elementor elementor-1796\">\n\t\t\t\t<div class=\"elementor-element elementor-element-95516fd e-flex e-con-boxed elementor-invisible e-con e-parent\" data-id=\"95516fd\" data-element_type=\"container\" data-e-type=\"container\" data-settings=\"{&quot;animation&quot;:&quot;fadeInUp&quot;}\">\n\t\t\t\t\t<div class=\"e-con-inner\">\n\t\t\t\t<div class=\"elementor-element elementor-element-5ef44f4 elementor-widget elementor-widget-text-editor\" data-id=\"5ef44f4\" data-element_type=\"widget\" data-e-type=\"widget\" data-widget_type=\"text-editor.default\">\n\t\t\t\t<div class=\"elementor-widget-container\">\n\t\t\t\t\t\t\t\t\t<p>ATLATL propose des environnements de laboratoire con\u00e7us pour r\u00e9pondre \u00e0 un \u00e9ventail d'exigences r\u00e9glementaires et de recherche, permettant aux \u00e9quipes de choisir le niveau de conformit\u00e9 appropri\u00e9 \u00e0 leur \u00e9tape de d\u00e9veloppement \u2014 de la d\u00e9couverte pr\u00e9coce \u00e0 la fabrication r\u00e9glement\u00e9e. Chaque type de laboratoire est soutenu par des syst\u00e8mes professionnels EHS (environnement, hygi\u00e8ne et s\u00e9curit\u00e9), une gestion des installations et des protocoles op\u00e9rationnels standardis\u00e9s, garantissant la s\u00e9curit\u00e9, la fiabilit\u00e9 et la pr\u00e9paration \u00e0 l'\u00e9chelle.<\/p>\t\t\t\t\t\t\t\t<\/div>\n\t\t\t\t<\/div>\n\t\t\t\t<div class=\"elementor-element elementor-element-2d27989 elementor-widget-divider--view-line elementor-widget elementor-widget-divider\" data-id=\"2d27989\" data-element_type=\"widget\" data-e-type=\"widget\" data-widget_type=\"divider.default\">\n\t\t\t\t<div class=\"elementor-widget-container\">\n\t\t\t\t\t\t\t<div class=\"elementor-divider\">\n\t\t\t<span class=\"elementor-divider-separator\">\n\t\t\t\t\t\t<\/span>\n\t\t<\/div>\n\t\t\t\t\t\t<\/div>\n\t\t\t\t<\/div>\n\t\t\t\t\t<\/div>\n\t\t\t\t<\/div>\n\t\t<div class=\"elementor-element elementor-element-f9e3f42 e-flex e-con-boxed elementor-invisible e-con e-parent\" data-id=\"f9e3f42\" data-element_type=\"container\" data-e-type=\"container\" data-settings=\"{&quot;animation&quot;:&quot;fadeInUp&quot;}\">\n\t\t\t\t\t<div class=\"e-con-inner\">\n\t\t\t\t<div class=\"elementor-element elementor-element-ead8847 elementor-widget elementor-widget-heading\" data-id=\"ead8847\" data-element_type=\"widget\" data-e-type=\"widget\" data-widget_type=\"heading.default\">\n\t\t\t\t<div class=\"elementor-widget-container\">\n\t\t\t\t\t<h4 class=\"elementor-heading-title elementor-size-default\">Laboratoires de R&amp;D standard\n<\/h4>\t\t\t\t<\/div>\n\t\t\t\t<\/div>\n\t\t<div class=\"elementor-element elementor-element-7904775 e-con-full e-flex elementor-invisible e-con e-child\" data-id=\"7904775\" data-element_type=\"container\" data-e-type=\"container\" data-settings=\"{&quot;animation&quot;:&quot;fadeInUp&quot;}\">\n\t\t\t\t<div class=\"elementor-element elementor-element-c68e45d elementor-widget elementor-widget-text-editor\" data-id=\"c68e45d\" data-element_type=\"widget\" data-e-type=\"widget\" data-widget_type=\"text-editor.default\">\n\t\t\t\t<div class=\"elementor-widget-container\">\n\t\t\t\t\t\t\t\t\t<p>Environnements de laboratoire flexibles et polyvalents con\u00e7us pour <strong>biologie, chimie et recherche mol\u00e9culaire de routine<\/strong>. Ces laboratoires soutiennent un large \u00e9ventail d'activit\u00e9s pr\u00e9coces, y compris <strong>d\u00e9couverte de cibles, d\u00e9veloppement de tests et exp\u00e9riences exploratoires<\/strong>. Avec des agencements adaptables et une infrastructure partag\u00e9e, ils offrent un environnement efficace et \u00e9conomique aux \u00e9quipes pour <strong>initier la recherche rapidement et it\u00e9rer librement. <\/strong><\/p>\t\t\t\t\t\t\t\t<\/div>\n\t\t\t\t<\/div>\n\t\t\t\t<\/div>\n\t\t\t\t<div class=\"elementor-element elementor-element-7875822 elementor-widget elementor-widget-heading\" data-id=\"7875822\" data-element_type=\"widget\" data-e-type=\"widget\" data-widget_type=\"heading.default\">\n\t\t\t\t<div class=\"elementor-widget-container\">\n\t\t\t\t\t<h4 class=\"elementor-heading-title elementor-size-default\">Laboratoires de chimie<\/h4>\t\t\t\t<\/div>\n\t\t\t\t<\/div>\n\t\t\t\t<div class=\"elementor-element elementor-element-9ff20a7 elementor-widget elementor-widget-text-editor\" data-id=\"9ff20a7\" data-element_type=\"widget\" data-e-type=\"widget\" data-widget_type=\"text-editor.default\">\n\t\t\t\t<div class=\"elementor-widget-container\">\n\t\t\t\t\t\t\t\t\t<p>Con\u00e7u pour <strong>synth\u00e8se de petites mol\u00e9cules, r\u00e9actions chimiques et flux de travail analytiques<\/strong>, soutenant la d\u00e9couverte et le d\u00e9veloppement de m\u00e9dicaments \u00e0 un stade pr\u00e9coce.<\/p><p><strong> Utilisations applicables :<\/strong><\/p><ul><li>Synth\u00e8se organique et d\u00e9veloppement de compos\u00e9s<\/li><li>Analyse chimique et purification<\/li><li>Chimie des proc\u00e9d\u00e9s et optimisation de la r\u00e9action<\/li><\/ul><p><strong>Caract\u00e9ristiques cl\u00e9s et \u00e9quipement :<\/strong><\/p><ul><li>Hottes de laboratoire<\/li><li>\u00c9vaporateurs rotatifs<\/li><li>Syst\u00e8mes de gaz comprim\u00e9<\/li><li>Armoires de s\u00e9chage \/ fours<\/li><\/ul><p>Ces laboratoires sont \u00e9quip\u00e9s de <strong>ventilation, syst\u00e8mes de s\u00e9curit\u00e9 et infrastructures de manutention des produits chimiques<\/strong> pour soutenir la recherche chimique s\u00fbre et efficace.<\/p>\t\t\t\t\t\t\t\t<\/div>\n\t\t\t\t<\/div>\n\t\t\t\t<div class=\"elementor-element elementor-element-4964aa3 elementor-widget elementor-widget-image\" data-id=\"4964aa3\" data-element_type=\"widget\" data-e-type=\"widget\" data-widget_type=\"image.default\">\n\t\t\t\t<div class=\"elementor-widget-container\">\n\t\t\t\t\t\t\t\t\t\t\t\t\t\t\t<img fetchpriority=\"high\" decoding=\"async\" width=\"1000\" height=\"500\" src=\"https:\/\/www.atlatl.center\/wp-content\/uploads\/2026\/04\/tu-pian-2-1.png\" class=\"attachment-large size-large wp-image-3659\" alt=\"Image 2\" srcset=\"https:\/\/www.atlatl.center\/wp-content\/uploads\/2026\/04\/tu-pian-2-1.png 1000w, https:\/\/www.atlatl.center\/wp-content\/uploads\/2026\/04\/tu-pian-2-1-768x384.png 768w, https:\/\/www.atlatl.center\/wp-content\/uploads\/2026\/04\/tu-pian-2-1-18x9.png 18w\" sizes=\"(max-width: 1000px) 100vw, 1000px\" \/>\t\t\t\t\t\t\t\t\t\t\t\t\t\t\t<\/div>\n\t\t\t\t<\/div>\n\t\t\t\t<div class=\"elementor-element elementor-element-fb1e20b elementor-widget-divider--view-line elementor-widget elementor-widget-divider\" data-id=\"fb1e20b\" data-element_type=\"widget\" data-e-type=\"widget\" data-widget_type=\"divider.default\">\n\t\t\t\t<div class=\"elementor-widget-container\">\n\t\t\t\t\t\t\t<div class=\"elementor-divider\">\n\t\t\t<span class=\"elementor-divider-separator\">\n\t\t\t\t\t\t<\/span>\n\t\t<\/div>\n\t\t\t\t\t\t<\/div>\n\t\t\t\t<\/div>\n\t\t\t\t\t<\/div>\n\t\t\t\t<\/div>\n\t\t<div class=\"elementor-element elementor-element-5eb64bc e-flex e-con-boxed elementor-invisible e-con e-parent\" data-id=\"5eb64bc\" data-element_type=\"container\" data-e-type=\"container\" data-settings=\"{&quot;animation&quot;:&quot;fadeInUp&quot;}\">\n\t\t\t\t\t<div class=\"e-con-inner\">\n\t\t\t\t<div class=\"elementor-element elementor-element-f8978da elementor-widget elementor-widget-heading\" data-id=\"f8978da\" data-element_type=\"widget\" data-e-type=\"widget\" data-widget_type=\"heading.default\">\n\t\t\t\t<div class=\"elementor-widget-container\">\n\t\t\t\t\t<h4 class=\"elementor-heading-title elementor-size-default\">Laboratoires de culture cellulaire (BSL-1 et BSL-2)<\/h4>\t\t\t\t<\/div>\n\t\t\t\t<\/div>\n\t\t\t\t<div class=\"elementor-element elementor-element-e39f43b elementor-widget elementor-widget-text-editor\" data-id=\"e39f43b\" data-element_type=\"widget\" data-e-type=\"widget\" data-widget_type=\"text-editor.default\">\n\t\t\t\t<div class=\"elementor-widget-container\">\n\t\t\t\t\t\t\t\t\t<p>Con\u00e7u pour<strong> recherche bas\u00e9e sur les cellules et flux de travail biologiques,<\/strong> notamment la culture cellulaire, la transfection, le d\u00e9veloppement de lign\u00e9es cellulaires mod\u00e8les et la production virale (BSL-2).<\/p><p><strong> Utilisations applicables :<\/strong><\/p><ul><li>Culture et expansion de cellules de mammif\u00e8res<\/li><li>\u00c9dition g\u00e9nique et transfection (CRISPR, vecteurs viraux)<\/li><li>D\u00e9veloppement de lign\u00e9es cellulaires<\/li><li>Production de virus (environnements BSL-2 uniquement)<\/li><\/ul><p><strong>Caract\u00e9ristiques cl\u00e9s et \u00e9quipement :<\/strong><\/p><ul><li>Hottes de laboratoire (Classe II)<\/li><li>Incubateurs \u00e0 CO\u2082<\/li><li>Agitateurs et agitateurs orbitaux<\/li><li>Centrifugeuses<\/li><li>Microscope invers\u00e9<\/li><li>Compteurs de cellules automatiques<\/li><li>Syst\u00e8mes d'\u00e9lectroporation<\/li><\/ul><p>Ces laboratoires sont construits avec des \u00e9l\u00e9ments appropri\u00e9s <strong>contr\u00f4les de bios\u00e9curit\u00e9, syst\u00e8mes de flux d'air et gestion des acc\u00e8s<\/strong> pour assurer une recherche biologique s\u00fbre et conforme.<\/p>\t\t\t\t\t\t\t\t<\/div>\n\t\t\t\t<\/div>\n\t\t\t\t<div class=\"elementor-element elementor-element-444046e elementor-widget elementor-widget-image\" data-id=\"444046e\" data-element_type=\"widget\" data-e-type=\"widget\" data-widget_type=\"image.default\">\n\t\t\t\t<div class=\"elementor-widget-container\">\n\t\t\t\t\t\t\t\t\t\t\t\t\t\t\t<img decoding=\"async\" width=\"1000\" height=\"500\" src=\"https:\/\/www.atlatl.center\/wp-content\/uploads\/2026\/04\/tu-pian-3-1.png\" class=\"attachment-large size-large wp-image-3660\" alt=\"Image 3\" srcset=\"https:\/\/www.atlatl.center\/wp-content\/uploads\/2026\/04\/tu-pian-3-1.png 1000w, https:\/\/www.atlatl.center\/wp-content\/uploads\/2026\/04\/tu-pian-3-1-768x384.png 768w, https:\/\/www.atlatl.center\/wp-content\/uploads\/2026\/04\/tu-pian-3-1-18x9.png 18w\" sizes=\"(max-width: 1000px) 100vw, 1000px\" \/>\t\t\t\t\t\t\t\t\t\t\t\t\t\t\t<\/div>\n\t\t\t\t<\/div>\n\t\t\t\t<div class=\"elementor-element elementor-element-7b60d56 elementor-widget-divider--view-line elementor-widget elementor-widget-divider\" data-id=\"7b60d56\" data-element_type=\"widget\" data-e-type=\"widget\" data-widget_type=\"divider.default\">\n\t\t\t\t<div class=\"elementor-widget-container\">\n\t\t\t\t\t\t\t<div class=\"elementor-divider\">\n\t\t\t<span class=\"elementor-divider-separator\">\n\t\t\t\t\t\t<\/span>\n\t\t<\/div>\n\t\t\t\t\t\t<\/div>\n\t\t\t\t<\/div>\n\t\t\t\t\t<\/div>\n\t\t\t\t<\/div>\n\t\t<div class=\"elementor-element elementor-element-d7bb11c e-flex e-con-boxed elementor-invisible e-con e-parent\" data-id=\"d7bb11c\" data-element_type=\"container\" data-e-type=\"container\" data-settings=\"{&quot;animation&quot;:&quot;fadeInUp&quot;}\">\n\t\t\t\t\t<div class=\"e-con-inner\">\n\t\t<div class=\"elementor-element elementor-element-264fa8b e-con-full e-flex e-con e-child\" data-id=\"264fa8b\" data-element_type=\"container\" data-e-type=\"container\">\n\t\t\t\t<div class=\"elementor-element elementor-element-3f506f0 elementor-widget elementor-widget-heading\" data-id=\"3f506f0\" data-element_type=\"widget\" data-e-type=\"widget\" data-widget_type=\"heading.default\">\n\t\t\t\t<div class=\"elementor-widget-container\">\n\t\t\t\t\t<h4 class=\"elementor-heading-title elementor-size-default\">Laboratoires conformes aux BPF \/ BPL<\/h4>\t\t\t\t<\/div>\n\t\t\t\t<\/div>\n\t\t\t\t<div class=\"elementor-element elementor-element-11d1798 elementor-widget elementor-widget-text-editor\" data-id=\"11d1798\" data-element_type=\"widget\" data-e-type=\"widget\" data-widget_type=\"text-editor.default\">\n\t\t\t\t<div class=\"elementor-widget-container\">\n\t\t\t\t\t\t\t\t\t<p>Con\u00e7u pour soutenir <strong>flux de travail r\u00e9glement\u00e9s<\/strong> pour les activit\u00e9s de d\u00e9veloppement, de validation et de fabrication pr\u00e9coce.<\/p><p><strong>Utilisations applicables :<\/strong><\/p><ul><li>D\u00e9veloppement de proc\u00e9d\u00e9s pour la th\u00e9rapie cellulaire et g\u00e9nique<\/li><li>Validation d'essai et contr\u00f4le qualit\u00e9<\/li><li>Pr\u00e9paration d'\u00e9chantillons pr\u00e9cliniques et cliniques<\/li><li>Production \u00e0 l'\u00e9chelle pilote et mise \u00e0 l'\u00e9chelle<\/li><\/ul><p><strong>Caract\u00e9ristiques Cl\u00e9s et Infrastructure :<\/strong><\/p><ul><li>Environnements contr\u00f4l\u00e9s avec <strong>conception compatible avec les salles blanches<\/strong><\/li><li><strong> Filtration HEPA et syst\u00e8mes de d\u00e9bit d'air contr\u00f4l\u00e9<\/strong><\/li><li>Flux mat\u00e9riel et personnel d\u00e9di\u00e9<\/li><li>Infrastructure pr\u00eate pour la documentation pour la conformit\u00e9<\/li><li>Support pour les syst\u00e8mes qualit\u00e9 et les flux de travail de validation<\/li><\/ul><p>Ces laboratoires permettent aux \u00e9quipes de <strong>transitionner de la recherche au d\u00e9veloppement r\u00e9glement\u00e9 en toute transparence<\/strong>, r\u00e9duisant le besoin de relocalisation et acc\u00e9l\u00e9rant la voie vers la pr\u00e9paration clinique et commerciale.<\/p>\t\t\t\t\t\t\t\t<\/div>\n\t\t\t\t<\/div>\n\t\t\t\t<div class=\"elementor-element elementor-element-c90305e elementor-widget elementor-widget-image\" data-id=\"c90305e\" data-element_type=\"widget\" data-e-type=\"widget\" data-widget_type=\"image.default\">\n\t\t\t\t<div class=\"elementor-widget-container\">\n\t\t\t\t\t\t\t\t\t\t\t\t\t\t\t<img decoding=\"async\" src=\"https:\/\/www.atlatl.center\/wp-content\/uploads\/elementor\/thumbs\/tu-pian-11-scaled-e1776750226560-rmbj8huuvolyztetzpm468zfsxx1hti63lt0cfhjt4.png\" title=\"Image 1(1)\" alt=\"Image 1(1)\" loading=\"lazy\" \/>\t\t\t\t\t\t\t\t\t\t\t\t\t\t\t<\/div>\n\t\t\t\t<\/div>\n\t\t\t\t<\/div>\n\t\t\t\t\t<\/div>\n\t\t\t\t<\/div>\n\t\t\t\t<\/div>","protected":false},"excerpt":{"rendered":"<p>ATLATL offers lab environments designed to meet a range of regulatory and research requirements, enabling teams to select the right level of compliance for their stage of development\u2014from early discovery to regulated manufacturing. Each lab type is supported by professional [&hellip;]<\/p>\n","protected":false},"author":1,"featured_media":0,"parent":1792,"menu_order":1,"comment_status":"closed","ping_status":"closed","template":"","meta":{"_seopress_robots_primary_cat":"","_seopress_titles_title":"","_seopress_titles_desc":"","_seopress_robots_index":"","site-sidebar-layout":"left-sidebar","site-content-layout":"boxed-container","ast-site-content-layout":"normal-width-container","site-content-style":"boxed","site-sidebar-style":"boxed","ast-global-header-display":"","ast-banner-title-visibility":"","ast-main-header-display":"","ast-hfb-above-header-display":"","ast-hfb-below-header-display":"","ast-hfb-mobile-header-display":"","site-post-title":"disabled","ast-breadcrumbs-content":"","ast-featured-img":"disabled","footer-sml-layout":"","ast-disable-related-posts":"","theme-transparent-header-meta":"","adv-header-id-meta":"","stick-header-meta":"","header-above-stick-meta":"","header-main-stick-meta":"","header-below-stick-meta":"","astra-migrate-meta-layouts":"set","ast-page-background-enabled":"default","ast-page-background-meta":{"desktop":{"background-color":"var(--ast-global-color-4)","background-image":"","background-repeat":"repeat","background-position":"center center","background-size":"auto","background-attachment":"scroll","background-type":"","background-media":"","overlay-type":"","overlay-color":"","overlay-opacity":"","overlay-gradient":""},"tablet":{"background-color":"","background-image":"","background-repeat":"repeat","background-position":"center center","background-size":"auto","background-attachment":"scroll","background-type":"","background-media":"","overlay-type":"","overlay-color":"","overlay-opacity":"","overlay-gradient":""},"mobile":{"background-color":"","background-image":"","background-repeat":"repeat","background-position":"center center","background-size":"auto","background-attachment":"scroll","background-type":"","background-media":"","overlay-type":"","overlay-color":"","overlay-opacity":"","overlay-gradient":""}},"ast-content-background-meta":{"desktop":{"background-color":"var(--ast-global-color-5)","background-image":"","background-repeat":"repeat","background-position":"center center","background-size":"auto","background-attachment":"scroll","background-type":"","background-media":"","overlay-type":"","overlay-color":"","overlay-opacity":"","overlay-gradient":""},"tablet":{"background-color":"var(--ast-global-color-5)","background-image":"","background-repeat":"repeat","background-position":"center center","background-size":"auto","background-attachment":"scroll","background-type":"","background-media":"","overlay-type":"","overlay-color":"","overlay-opacity":"","overlay-gradient":""},"mobile":{"background-color":"var(--ast-global-color-5)","background-image":"","background-repeat":"repeat","background-position":"center center","background-size":"auto","background-attachment":"scroll","background-type":"","background-media":"","overlay-type":"","overlay-color":"","overlay-opacity":"","overlay-gradient":""}},"footnotes":""},"class_list":["post-1796","page","type-page","status-publish"],"acf":[],"_links":{"self":[{"href":"https:\/\/www.atlatl.center\/fr\/wp-json\/wp\/v2\/pages\/1796","targetHints":{"allow":["GET"]}}],"collection":[{"href":"https:\/\/www.atlatl.center\/fr\/wp-json\/wp\/v2\/pages"}],"about":[{"href":"https:\/\/www.atlatl.center\/fr\/wp-json\/wp\/v2\/types\/page"}],"author":[{"embeddable":true,"href":"https:\/\/www.atlatl.center\/fr\/wp-json\/wp\/v2\/users\/1"}],"replies":[{"embeddable":true,"href":"https:\/\/www.atlatl.center\/fr\/wp-json\/wp\/v2\/comments?post=1796"}],"version-history":[{"count":10,"href":"https:\/\/www.atlatl.center\/fr\/wp-json\/wp\/v2\/pages\/1796\/revisions"}],"predecessor-version":[{"id":4005,"href":"https:\/\/www.atlatl.center\/fr\/wp-json\/wp\/v2\/pages\/1796\/revisions\/4005"}],"up":[{"embeddable":true,"href":"https:\/\/www.atlatl.center\/fr\/wp-json\/wp\/v2\/pages\/1792"}],"wp:attachment":[{"href":"https:\/\/www.atlatl.center\/fr\/wp-json\/wp\/v2\/media?parent=1796"}],"curies":[{"name":"wp","href":"https:\/\/api.w.org\/{rel}","templated":true}]}}