{"id":748,"date":"2022-08-20T11:27:19","date_gmt":"2022-08-20T03:27:19","guid":{"rendered":"https:\/\/atlatl.wpkz.cc\/?page_id=748"},"modified":"2026-04-26T16:21:16","modified_gmt":"2026-04-26T08:21:16","slug":"ventures","status":"publish","type":"page","link":"https:\/\/www.atlatl.center\/de\/ventures\/","title":{"rendered":"Unternehmungen"},"content":{"rendered":"<div data-elementor-type=\"wp-page\" data-elementor-id=\"748\" class=\"elementor elementor-748\">\n\t\t\t\t\t\t<section class=\"elementor-section elementor-top-section elementor-element elementor-element-2d33127 elementor-section-boxed elementor-section-height-default elementor-section-height-default elementor-invisible\" data-id=\"2d33127\" data-element_type=\"section\" data-e-type=\"section\" data-settings=\"{&quot;animation&quot;:&quot;fadeInUp&quot;}\">\n\t\t\t\t\t\t<div class=\"elementor-container elementor-column-gap-default\">\n\t\t\t\t\t<div class=\"elementor-column elementor-col-50 elementor-top-column elementor-element elementor-element-0b07140\" data-id=\"0b07140\" data-element_type=\"column\" data-e-type=\"column\">\n\t\t\t<div class=\"elementor-widget-wrap elementor-element-populated\">\n\t\t\t\t\t\t<div class=\"elementor-element elementor-element-4b8123c elementor-widget elementor-widget-text-editor\" data-id=\"4b8123c\" data-element_type=\"widget\" data-e-type=\"widget\" data-widget_type=\"text-editor.default\">\n\t\t\t\t<div class=\"elementor-widget-container\">\n\t\t\t\t\t\t\t\t\t<p><strong>ATLATL Ventures<\/strong> eine koordinierte Matrix von Innovationsfonds \u00fcbernimmt, unterst\u00fctzt durch das ATLATL Innovation Center, angetrieben von Industrie und Kapital, um<br \/>komplement\u00e4re Vorteile erzielen.<\/p><p>Das ATLATL Innovation Center bietet Plattformunterst\u00fctzung, die von Laboreinrichtungen bis hin zu industriellen Netzwerken reicht, um die F&amp;E-Beschleunigung zu erm\u00f6glichen und Engp\u00e4sse bei der Kommerzialisierung zu \u00fcberwinden. Dadurch sinken die Innovationskosten, w\u00e4hrend die Kapitalnutzung von Fr\u00fchphaseninvestitionen erh\u00f6ht wird.<\/p><p>ATLATL Ventures konzentriert sich auf Biotechnologie und Gesundheitswesen und unterst\u00fctzt die disruptivsten Projekte, um ein weltweit f\u00fchrendes Portal f\u00fcr Innovationen in den Biowissenschaften aufzubauen.<\/p>\t\t\t\t\t\t\t\t<\/div>\n\t\t\t\t<\/div>\n\t\t\t\t\t<\/div>\n\t\t<\/div>\n\t\t\t\t<div class=\"elementor-column elementor-col-50 elementor-top-column elementor-element elementor-element-67e2c51\" data-id=\"67e2c51\" data-element_type=\"column\" data-e-type=\"column\">\n\t\t\t<div class=\"elementor-widget-wrap elementor-element-populated\">\n\t\t\t\t\t\t<div class=\"elementor-element elementor-element-bcc960d elementor-widget elementor-widget-heading\" data-id=\"bcc960d\" data-element_type=\"widget\" data-e-type=\"widget\" data-widget_type=\"heading.default\">\n\t\t\t\t<div class=\"elementor-widget-container\">\n\t\t\t\t\t<h5 class=\"elementor-heading-title elementor-size-default\">Ausgew\u00e4hlte Inkubations- \/ Investitionsunternehmen<\/h5>\t\t\t\t<\/div>\n\t\t\t\t<\/div>\n\t\t\t\t<div class=\"elementor-element elementor-element-b1c2e3a elementor-widget elementor-widget-image\" data-id=\"b1c2e3a\" data-element_type=\"widget\" data-e-type=\"widget\" data-widget_type=\"image.default\">\n\t\t\t\t<div class=\"elementor-widget-container\">\n\t\t\t\t\t\t\t\t\t\t\t\t\t\t\t<img fetchpriority=\"high\" decoding=\"async\" width=\"1024\" height=\"463\" src=\"https:\/\/www.atlatl.center\/wp-content\/uploads\/2026\/04\/20260422-194037-1024x463.jpg\" class=\"attachment-large size-large wp-image-4060\" alt=\"20260422 194037\" srcset=\"https:\/\/www.atlatl.center\/wp-content\/uploads\/2026\/04\/20260422-194037-1024x463.jpg 1024w, https:\/\/www.atlatl.center\/wp-content\/uploads\/2026\/04\/20260422-194037-768x347.jpg 768w, https:\/\/www.atlatl.center\/wp-content\/uploads\/2026\/04\/20260422-194037-18x8.jpg 18w, https:\/\/www.atlatl.center\/wp-content\/uploads\/2026\/04\/20260422-194037.jpg 1509w\" sizes=\"(max-width: 1024px) 100vw, 1024px\" \/>\t\t\t\t\t\t\t\t\t\t\t\t\t\t\t<\/div>\n\t\t\t\t<\/div>\n\t\t\t\t\t<\/div>\n\t\t<\/div>\n\t\t\t\t\t<\/div>\n\t\t<\/section>\n\t\t<div class=\"elementor-element elementor-element-9b08ac4 e-flex e-con-boxed e-con e-parent\" data-id=\"9b08ac4\" data-element_type=\"container\" data-e-type=\"container\">\n\t\t\t\t\t<div class=\"e-con-inner\">\n\t\t<div class=\"elementor-element elementor-element-13e5d3d e-con-full e-flex e-con e-child\" data-id=\"13e5d3d\" data-element_type=\"container\" data-e-type=\"container\">\n\t\t\t\t<\/div>\n\t\t<div class=\"elementor-element elementor-element-f7c75b4 e-con-full e-flex e-con e-child\" data-id=\"f7c75b4\" data-element_type=\"container\" data-e-type=\"container\">\n\t\t\t\t<\/div>\n\t\t\t\t\t<\/div>\n\t\t\t\t<\/div>\n\t\t<div class=\"elementor-element elementor-element-bb9eaa3 e-flex e-con-boxed elementor-invisible e-con e-parent\" data-id=\"bb9eaa3\" data-element_type=\"container\" data-e-type=\"container\" data-settings=\"{&quot;animation&quot;:&quot;fadeInUp&quot;}\">\n\t\t\t\t\t<div class=\"e-con-inner\">\n\t\t\t\t<div class=\"elementor-element elementor-element-86b17a5 elementor-widget elementor-widget-image\" data-id=\"86b17a5\" data-element_type=\"widget\" data-e-type=\"widget\" data-widget_type=\"image.default\">\n\t\t\t\t<div class=\"elementor-widget-container\">\n\t\t\t\t\t\t\t\t\t\t\t\t\t\t\t<img decoding=\"async\" width=\"1681\" height=\"935\" src=\"https:\/\/www.atlatl.center\/wp-content\/uploads\/2026\/04\/BMS-IPC.jpg\" class=\"attachment-2048x2048 size-2048x2048 wp-image-4202\" alt=\"bms ipc\" srcset=\"https:\/\/www.atlatl.center\/wp-content\/uploads\/2026\/04\/BMS-IPC.jpg 1681w, https:\/\/www.atlatl.center\/wp-content\/uploads\/2026\/04\/BMS-IPC-1024x570.jpg 1024w, https:\/\/www.atlatl.center\/wp-content\/uploads\/2026\/04\/BMS-IPC-768x427.jpg 768w, https:\/\/www.atlatl.center\/wp-content\/uploads\/2026\/04\/BMS-IPC-18x10.jpg 18w\" sizes=\"(max-width: 1681px) 100vw, 1681px\" \/>\t\t\t\t\t\t\t\t\t\t\t\t\t\t\t<\/div>\n\t\t\t\t<\/div>\n\t\t\t\t\t<\/div>\n\t\t\t\t<\/div>\n\t\t\t\t<section class=\"elementor-section elementor-top-section elementor-element elementor-element-e2caeb3 elementor-section-boxed elementor-section-height-default elementor-section-height-default elementor-invisible\" data-id=\"e2caeb3\" data-element_type=\"section\" data-e-type=\"section\" data-settings=\"{&quot;animation&quot;:&quot;fadeInUp&quot;}\">\n\t\t\t\t\t\t<div class=\"elementor-container elementor-column-gap-default\">\n\t\t\t\t\t<div class=\"elementor-column elementor-col-100 elementor-top-column elementor-element elementor-element-3c4f328\" data-id=\"3c4f328\" data-element_type=\"column\" data-e-type=\"column\" data-settings=\"{&quot;background_background&quot;:&quot;classic&quot;}\">\n\t\t\t<div class=\"elementor-widget-wrap elementor-element-populated\">\n\t\t\t\t\t\t<div class=\"elementor-element elementor-element-a99bc6e elementor-widget elementor-widget-image\" data-id=\"a99bc6e\" data-element_type=\"widget\" data-e-type=\"widget\" data-widget_type=\"image.default\">\n\t\t\t\t<div class=\"elementor-widget-container\">\n\t\t\t\t\t\t\t\t\t\t\t\t\t\t\t\t<a href=\"https:\/\/www.atlatl.center\/de\/servier\/\">\n\t\t\t\t\t\t\t<img decoding=\"async\" width=\"1206\" height=\"1381\" src=\"https:\/\/www.atlatl.center\/wp-content\/uploads\/2026\/04\/IMG_2519.jpg\" class=\"attachment-2048x2048 size-2048x2048 wp-image-4322\" alt=\"Screenshot\" srcset=\"https:\/\/www.atlatl.center\/wp-content\/uploads\/2026\/04\/IMG_2519.jpg 1206w, https:\/\/www.atlatl.center\/wp-content\/uploads\/2026\/04\/IMG_2519-894x1024.jpg 894w, https:\/\/www.atlatl.center\/wp-content\/uploads\/2026\/04\/IMG_2519-768x879.jpg 768w, https:\/\/www.atlatl.center\/wp-content\/uploads\/2026\/04\/IMG_2519-10x12.jpg 10w\" sizes=\"(max-width: 1206px) 100vw, 1206px\" \/>\t\t\t\t\t\t\t\t<\/a>\n\t\t\t\t\t\t\t\t\t\t\t\t\t\t\t<\/div>\n\t\t\t\t<\/div>\n\t\t\t\t<section class=\"elementor-section elementor-inner-section elementor-element elementor-element-050cfd2 elementor-section-boxed elementor-section-height-default elementor-section-height-default\" data-id=\"050cfd2\" data-element_type=\"section\" data-e-type=\"section\">\n\t\t\t\t\t\t<div class=\"elementor-container elementor-column-gap-default\">\n\t\t\t\t\t<div class=\"elementor-column elementor-col-100 elementor-inner-column elementor-element elementor-element-dc0920e\" data-id=\"dc0920e\" data-element_type=\"column\" data-e-type=\"column\" data-settings=\"{&quot;background_background&quot;:&quot;classic&quot;}\">\n\t\t\t<div class=\"elementor-widget-wrap elementor-element-populated\">\n\t\t\t\t\t\t<div class=\"elementor-element elementor-element-b32c86d elementor-widget elementor-widget-heading\" data-id=\"b32c86d\" data-element_type=\"widget\" data-e-type=\"widget\" data-widget_type=\"heading.default\">\n\t\t\t\t<div class=\"elementor-widget-container\">\n\t\t\t\t\t<h2 class=\"elementor-heading-title elementor-size-default\">Kontakt<\/h2>\t\t\t\t<\/div>\n\t\t\t\t<\/div>\n\t\t\t\t<div class=\"elementor-element elementor-element-c8d4d94 elementor-widget elementor-widget-text-editor\" data-id=\"c8d4d94\" data-element_type=\"widget\" data-e-type=\"widget\" data-widget_type=\"text-editor.default\">\n\t\t\t\t<div class=\"elementor-widget-container\">\n\t\t\t\t\t\t\t\t\t<p>Kontaktieren Sie ATLATL Ventures f\u00fcr Unterst\u00fctzung bei Inkubation und Investmentfonds. F\u00fcllen Sie das Formular aus und wir werden Sie in K\u00fcrze kontaktieren.<\/p>\t\t\t\t\t\t\t\t<\/div>\n\t\t\t\t<\/div>\n\t\t\t\t<div class=\"elementor-element elementor-element-c185d37 elementor-widget elementor-widget-shortcode\" data-id=\"c185d37\" data-element_type=\"widget\" data-e-type=\"widget\" data-widget_type=\"shortcode.default\">\n\t\t\t\t<div class=\"elementor-widget-container\">\n\t\t\t\t\t\t\t<div class=\"elementor-shortcode\"><div class=\"forminator-ui forminator-custom-form forminator-custom-form-2410 forminator-design--default  forminator_ajax\" data-forminator-render=\"0\" data-form=\"forminator-module-2410\" data-uid=\"6a0415e9f0ab9\"><br\/><\/div><form\n\t\t\t\tid=\"forminator-module-2410\"\n\t\t\t\tclass=\"forminator-ui forminator-custom-form forminator-custom-form-2410 forminator-design--default  forminator_ajax\"\n\t\t\t\tmethod=\"post\"\n\t\t\t\tdata-forminator-render=\"0\"\n\t\t\t\tdata-form-id=\"2410\"\n\t\t\t\t data-color-option=\"default\" data-design=\"default\" data-grid=\"open\" style=\"display: none;\"\n\t\t\t\tdata-uid=\"6a0415e9f0ab9\" action=\"\"\n\t\t\t><div role=\"alert\" aria-live=\"polite\" class=\"forminator-response-message forminator-error\" aria-hidden=\"true\"><\/div><div class=\"forminator-row\"><div id=\"name-1\" class=\"forminator-field-name forminator-col forminator-col-12\"><div class=\"forminator-field\"><label for=\"forminator-field-name-1_6a0415e9f0ab9\" id=\"forminator-field-name-1_6a0415e9f0ab9-label\" class=\"forminator-label\">Name <span class=\"forminator-required\">*<\/span><\/label><input type=\"text\" name=\"name-1\" value=\"\" placeholder=\"Z.B. Johannes\" id=\"forminator-field-name-1_6a0415e9f0ab9\" class=\"forminator-input forminator-name--field\" aria-required=\"true\" autocomplete=\"name\" \/><\/div><\/div><\/div><div class=\"forminator-row\"><div id=\"email-1\" class=\"forminator-field-email forminator-col forminator-col-12\"><div class=\"forminator-field\"><label for=\"forminator-field-email-1_6a0415e9f0ab9\" id=\"forminator-field-email-1_6a0415e9f0ab9-label\" class=\"forminator-label\">E-Mail <span class=\"forminator-required\">*<\/span><\/label><input type=\"email\" name=\"email-1\" value=\"\" placeholder=\"Z.B. john@doe.com\" id=\"forminator-field-email-1_6a0415e9f0ab9\" class=\"forminator-input forminator-email--field\" data-required=\"true\" aria-required=\"true\" autocomplete=\"email\" \/><\/div><\/div><\/div><div class=\"forminator-row\"><div id=\"text-1\" class=\"forminator-field-text forminator-col forminator-col-12\"><div class=\"forminator-field\"><label for=\"forminator-field-text-1_6a0415e9f0ab9\" id=\"forminator-field-text-1_6a0415e9f0ab9-label\" class=\"forminator-label\">Name des Unternehmens<\/label><input type=\"text\" name=\"text-1\" value=\"\" placeholder=\"\" id=\"forminator-field-text-1_6a0415e9f0ab9\" class=\"forminator-input forminator-name--field\" data-required=\"\" \/><\/div><\/div><\/div><div class=\"forminator-row\"><div id=\"phone-1\" class=\"forminator-field-phone forminator-col forminator-col-12\"><div class=\"forminator-field\"><label for=\"forminator-field-phone-1_6a0415e9f0ab9\" id=\"forminator-field-phone-1_6a0415e9f0ab9-label\" class=\"forminator-label\">Telefon<\/label><input type=\"text\" name=\"phone-1\" value=\"\" placeholder=\"z.B. +1 300 400 5000\" id=\"forminator-field-phone-1_6a0415e9f0ab9\" class=\"forminator-input forminator-field--phone\" data-required=\"\" aria-required=\"false\" autocomplete=\"off\" \/><\/div><\/div><\/div><div class=\"forminator-row\"><div id=\"textarea-1\" class=\"forminator-field-textarea forminator-col forminator-col-12\"><div class=\"forminator-field\"><label for=\"forminator-field-textarea-1_6a0415e9f0ab9\" id=\"forminator-field-textarea-1_6a0415e9f0ab9-label\" class=\"forminator-label\">Nachricht <span class=\"forminator-required\">*<\/span><\/label><textarea name=\"textarea-1\" placeholder=\"Ihre Nachricht eingeben...\" id=\"forminator-field-textarea-1_6a0415e9f0ab9\" class=\"forminator-textarea\" rows=\"6\" style=\"min-height:120px;\" ><\/textarea><span id=\"forminator-field-textarea-1_6a0415e9f0ab9-description\" class=\"forminator-description\"><span data-limit=\"300\" data-type=\"words\" data-editor=\"\">0 \/ 300<\/span><\/span><\/div><\/div><\/div><input type=\"hidden\" name=\"referer_url\" value=\"\" \/><div class=\"forminator-row forminator-row-last\"><div class=\"forminator-col\"><div class=\"forminator-field\"><button class=\"forminator-button forminator-button-submit\">Nachricht senden<\/button><\/div><\/div><\/div><input type=\"hidden\" id=\"forminator_nonce\" name=\"forminator_nonce\" value=\"39cd32f576\" \/><input type=\"hidden\" name=\"_wp_http_referer\" value=\"\/de\/wp-json\/wp\/v2\/pages\/748\" \/><input type=\"hidden\" name=\"form_id\" value=\"2410\"><input type=\"hidden\" name=\"page_id\" value=\"748\"><input type=\"hidden\" name=\"form_type\" value=\"default\"><input type=\"hidden\" name=\"current_url\" value=\"https:\/\/www.atlatl.center\/de\/ventures\/\"><input type=\"hidden\" name=\"render_id\" value=\"0\"><input type=\"hidden\" name=\"action\" value=\"forminator_submit_form_custom-forms\"><label for=\"input_6\" class=\"forminator-hidden\" aria-hidden=\"true\">Bitte f\u00fcllen Sie dieses Feld nicht aus. <input id=\"input_6\" type=\"text\" name=\"input_6\" value=\"\" autocomplete=\"off\"><\/label><input type=\"hidden\" name=\"trp-form-language\" value=\"de\"\/><\/form><\/div>\n\t\t\t\t\t\t<\/div>\n\t\t\t\t<\/div>\n\t\t\t\t\t<\/div>\n\t\t<\/div>\n\t\t\t\t\t<\/div>\n\t\t<\/section>\n\t\t\t\t\t<\/div>\n\t\t<\/div>\n\t\t\t\t\t<\/div>\n\t\t<\/section>\n\t\t\t\t<\/div>","protected":false},"excerpt":{"rendered":"<p>ATLATL Ventures adopts a coordinated matrix of innovation funds, backed up by ATLATL Innovation Center, driven by industry and capital toachieve complementary advantages. ATLATL Innovation Center provides the platform support ranging from laboratory infrastructure to industrial networks, empowering R&amp;D acceleration [&hellip;]<\/p>\n","protected":false},"author":1,"featured_media":0,"parent":0,"menu_order":5,"comment_status":"closed","ping_status":"closed","template":"","meta":{"_seopress_robots_primary_cat":"","_seopress_titles_title":"","_seopress_titles_desc":"","_seopress_robots_index":"","site-sidebar-layout":"no-sidebar","site-content-layout":"page-builder","ast-site-content-layout":"normal-width-container","site-content-style":"default","site-sidebar-style":"default","ast-global-header-display":"","ast-banner-title-visibility":"","ast-main-header-display":"","ast-hfb-above-header-display":"","ast-hfb-below-header-display":"","ast-hfb-mobile-header-display":"","site-post-title":"disabled","ast-breadcrumbs-content":"","ast-featured-img":"disabled","footer-sml-layout":"","ast-disable-related-posts":"","theme-transparent-header-meta":"","adv-header-id-meta":"659","stick-header-meta":"","header-above-stick-meta":"","header-main-stick-meta":"","header-below-stick-meta":"","astra-migrate-meta-layouts":"set","ast-page-background-enabled":"default","ast-page-background-meta":{"desktop":{"background-color":"var(--ast-global-color-4)","background-image":"","background-repeat":"repeat","background-position":"center center","background-size":"auto","background-attachment":"scroll","background-type":"","background-media":"","overlay-type":"","overlay-color":"","overlay-opacity":"","overlay-gradient":""},"tablet":{"background-color":"","background-image":"","background-repeat":"repeat","background-position":"center center","background-size":"auto","background-attachment":"scroll","background-type":"","background-media":"","overlay-type":"","overlay-color":"","overlay-opacity":"","overlay-gradient":""},"mobile":{"background-color":"","background-image":"","background-repeat":"repeat","background-position":"center center","background-size":"auto","background-attachment":"scroll","background-type":"","background-media":"","overlay-type":"","overlay-color":"","overlay-opacity":"","overlay-gradient":""}},"ast-content-background-meta":{"desktop":{"background-color":"var(--ast-global-color-5)","background-image":"","background-repeat":"repeat","background-position":"center center","background-size":"auto","background-attachment":"scroll","background-type":"","background-media":"","overlay-type":"","overlay-color":"","overlay-opacity":"","overlay-gradient":""},"tablet":{"background-color":"var(--ast-global-color-5)","background-image":"","background-repeat":"repeat","background-position":"center center","background-size":"auto","background-attachment":"scroll","background-type":"","background-media":"","overlay-type":"","overlay-color":"","overlay-opacity":"","overlay-gradient":""},"mobile":{"background-color":"var(--ast-global-color-5)","background-image":"","background-repeat":"repeat","background-position":"center center","background-size":"auto","background-attachment":"scroll","background-type":"","background-media":"","overlay-type":"","overlay-color":"","overlay-opacity":"","overlay-gradient":""}},"footnotes":""},"class_list":["post-748","page","type-page","status-publish"],"acf":[],"_links":{"self":[{"href":"https:\/\/www.atlatl.center\/de\/wp-json\/wp\/v2\/pages\/748","targetHints":{"allow":["GET"]}}],"collection":[{"href":"https:\/\/www.atlatl.center\/de\/wp-json\/wp\/v2\/pages"}],"about":[{"href":"https:\/\/www.atlatl.center\/de\/wp-json\/wp\/v2\/types\/page"}],"author":[{"embeddable":true,"href":"https:\/\/www.atlatl.center\/de\/wp-json\/wp\/v2\/users\/1"}],"replies":[{"embeddable":true,"href":"https:\/\/www.atlatl.center\/de\/wp-json\/wp\/v2\/comments?post=748"}],"version-history":[{"count":10,"href":"https:\/\/www.atlatl.center\/de\/wp-json\/wp\/v2\/pages\/748\/revisions"}],"predecessor-version":[{"id":4334,"href":"https:\/\/www.atlatl.center\/de\/wp-json\/wp\/v2\/pages\/748\/revisions\/4334"}],"wp:attachment":[{"href":"https:\/\/www.atlatl.center\/de\/wp-json\/wp\/v2\/media?parent=748"}],"curies":[{"name":"wp","href":"https:\/\/api.w.org\/{rel}","templated":true}]}}