{"id":1800,"date":"2022-08-26T17:53:28","date_gmt":"2022-08-26T09:53:28","guid":{"rendered":"https:\/\/atlatl.wpkz.cc\/?page_id=1800"},"modified":"2026-04-22T17:48:37","modified_gmt":"2026-04-22T09:48:37","slug":"facilities","status":"publish","type":"page","link":"https:\/\/www.atlatl.center\/de\/labs-facilities\/facilities\/","title":{"rendered":"Globales Netzwerk &amp; Ausf\u00fchrung"},"content":{"rendered":"<div data-elementor-type=\"wp-page\" data-elementor-id=\"1800\" class=\"elementor elementor-1800\">\n\t\t\t\t<div class=\"elementor-element elementor-element-9bb486d e-flex e-con-boxed elementor-invisible e-con e-parent\" data-id=\"9bb486d\" data-element_type=\"container\" data-e-type=\"container\" data-settings=\"{&quot;animation&quot;:&quot;fadeInUp&quot;}\">\n\t\t\t\t\t<div class=\"e-con-inner\">\n\t\t\t\t<div class=\"elementor-element elementor-element-686794b elementor-widget elementor-widget-text-editor\" data-id=\"686794b\" data-element_type=\"widget\" data-e-type=\"widget\" data-widget_type=\"text-editor.default\">\n\t\t\t\t<div class=\"elementor-widget-container\">\n\t\t\t\t\t\t\t\t\t<p>ATLATL fungiert als <b>vernetztes globales F&amp;E-Netzwerk<\/b>, was es Teams erm\u00f6glicht, Programme standort\u00fcbergreifend zu entwerfen, auszuf\u00fchren und zu skalieren, ohne neue Infrastrukturen aufbauen zu m\u00fcssen. Durch die Integration <b>Labore, Logistik und Ausf\u00fchrung vor Ort<\/b>, Wir bieten eine nahtlose Umgebung, in der die Forschung effizient von der Probe \u00fcber die Daten bis hin zur Entscheidung fortschreiten kann.<\/p>\t\t\t\t\t\t\t\t<\/div>\n\t\t\t\t<\/div>\n\t\t\t\t<div class=\"elementor-element elementor-element-b0479b6 elementor-widget-divider--view-line elementor-widget elementor-widget-divider\" data-id=\"b0479b6\" data-element_type=\"widget\" data-e-type=\"widget\" data-widget_type=\"divider.default\">\n\t\t\t\t<div class=\"elementor-widget-container\">\n\t\t\t\t\t\t\t<div class=\"elementor-divider\">\n\t\t\t<span class=\"elementor-divider-separator\">\n\t\t\t\t\t\t<\/span>\n\t\t<\/div>\n\t\t\t\t\t\t<\/div>\n\t\t\t\t<\/div>\n\t\t\t\t\t<\/div>\n\t\t\t\t<\/div>\n\t\t<div class=\"elementor-element elementor-element-4e64a56 e-flex e-con-boxed elementor-invisible e-con e-parent\" data-id=\"4e64a56\" data-element_type=\"container\" data-e-type=\"container\" id=\"network-access\" data-settings=\"{&quot;animation&quot;:&quot;fadeInUp&quot;}\">\n\t\t\t\t\t<div class=\"e-con-inner\">\n\t\t\t\t<div class=\"elementor-element elementor-element-72682df elementor-widget elementor-widget-heading\" data-id=\"72682df\" data-element_type=\"widget\" data-e-type=\"widget\" data-widget_type=\"heading.default\">\n\t\t\t\t<div class=\"elementor-widget-container\">\n\t\t\t\t\t<h3 class=\"elementor-heading-title elementor-size-default\">Netzwerk &amp; Zugriff<\/h3>\t\t\t\t<\/div>\n\t\t\t\t<\/div>\n\t\t\t\t<div class=\"elementor-element elementor-element-0064052 elementor-widget elementor-widget-text-editor\" data-id=\"0064052\" data-element_type=\"widget\" data-e-type=\"widget\" data-widget_type=\"text-editor.default\">\n\t\t\t\t<div class=\"elementor-widget-container\">\n\t\t\t\t\t\t\t\t\t<p>ATLATL liefert eine <b>Innovationsnetzwerk f\u00fcr mehrere Standorte<\/b> die es Teams erm\u00f6glicht, lokal zu agieren und gleichzeitig global zusammenzuarbeiten. Unser Fu\u00dfabdruck erstreckt sich <b>Innovationszentren f\u00fcr den asiatisch-pazifischen Raum<\/b>, mit erweitertem Zugang zu <b>Partnerlabore in den USA und Europa<\/b>, damit Unternehmen die richtigen F\u00e4higkeiten dort einsetzen k\u00f6nnen, wo sie ben\u00f6tigt werden.<\/p><p>Mit <b>standardisierte Laborumgebungen, abgestimmte Arbeitsabl\u00e4ufe und integrierter operativer Support<\/b>, Projekte k\u00f6nnen nahtlos standort\u00fcbergreifend laufen \u2013 sei es f\u00fcr Expansion, Zusammenarbeit oder regulatorische Anforderungen. Dieses Modell erm\u00f6glicht <b>schnellere Ausf\u00fchrung, effiziente Ressourcennutzung und internationale Skalierbarkeit<\/b> ohne die Notwendigkeit, die Infrastruktur neu zu erstellen.<\/p>\t\t\t\t\t\t\t\t<\/div>\n\t\t\t\t<\/div>\n\t\t\t\t<div class=\"elementor-element elementor-element-cd97471 elementor-widget elementor-widget-image\" data-id=\"cd97471\" data-element_type=\"widget\" data-e-type=\"widget\" data-widget_type=\"image.default\">\n\t\t\t\t<div class=\"elementor-widget-container\">\n\t\t\t\t\t\t\t\t\t\t\t\t\t\t\t<img fetchpriority=\"high\" decoding=\"async\" width=\"568\" height=\"1024\" src=\"https:\/\/www.atlatl.center\/wp-content\/uploads\/2026\/04\/tu-pian-1-2-568x1024.png\" class=\"attachment-large size-large wp-image-3709\" alt=\"Bild 1\" srcset=\"https:\/\/www.atlatl.center\/wp-content\/uploads\/2026\/04\/tu-pian-1-2-568x1024.png 568w, https:\/\/www.atlatl.center\/wp-content\/uploads\/2026\/04\/tu-pian-1-2-7x12.png 7w, https:\/\/www.atlatl.center\/wp-content\/uploads\/2026\/04\/tu-pian-1-2.png 742w\" sizes=\"(max-width: 568px) 100vw, 568px\" \/>\t\t\t\t\t\t\t\t\t\t\t\t\t\t\t<\/div>\n\t\t\t\t<\/div>\n\t\t\t\t<div class=\"elementor-element elementor-element-fb6a167 elementor-widget-divider--view-line elementor-widget elementor-widget-divider\" data-id=\"fb6a167\" data-element_type=\"widget\" data-e-type=\"widget\" data-widget_type=\"divider.default\">\n\t\t\t\t<div class=\"elementor-widget-container\">\n\t\t\t\t\t\t\t<div class=\"elementor-divider\">\n\t\t\t<span class=\"elementor-divider-separator\">\n\t\t\t\t\t\t<\/span>\n\t\t<\/div>\n\t\t\t\t\t\t<\/div>\n\t\t\t\t<\/div>\n\t\t\t\t\t<\/div>\n\t\t\t\t<\/div>\n\t\t<div class=\"elementor-element elementor-element-29926f1 e-flex e-con-boxed elementor-invisible e-con e-parent\" data-id=\"29926f1\" data-element_type=\"container\" data-e-type=\"container\" data-settings=\"{&quot;animation&quot;:&quot;fadeInUp&quot;}\">\n\t\t\t\t\t<div class=\"e-con-inner\">\n\t\t\t\t<div class=\"elementor-element elementor-element-25f2fdf elementor-widget elementor-widget-heading\" data-id=\"25f2fdf\" data-element_type=\"widget\" data-e-type=\"widget\" id=\"global-processing-logistics-execution\" data-widget_type=\"heading.default\">\n\t\t\t\t<div class=\"elementor-widget-container\">\n\t\t\t\t\t<h4 class=\"elementor-heading-title elementor-size-default\">Globales Processing, Logistik &amp; Abwicklung<\/h4>\t\t\t\t<\/div>\n\t\t\t\t<\/div>\n\t\t\t\t<div class=\"elementor-element elementor-element-eb3bdf4 elementor-widget elementor-widget-text-editor\" data-id=\"eb3bdf4\" data-element_type=\"widget\" data-e-type=\"widget\" data-widget_type=\"text-editor.default\">\n\t\t\t\t<div class=\"elementor-widget-container\">\n\t\t\t\t\t\t\t\t\t<p>ATLATL unterst\u00fctzt Projekte aus <b>Probensammlung zur Datenlieferung<\/b> durch integrierte Verarbeitungs-, Logistik- und On-Site-Ausf\u00fchrungsabl\u00e4ufe.<\/p><ul><li><b>End-to-end-Probenverwaltung<\/b> \u2014 von Sammlung, Verarbeitung und Speicherung bis hin zur nachgelagerten Analyse<\/li><li><b>Globale Koordination<\/b> in \u00fcber ATLATL Hubs und Partnerlaboren<\/li><li><b>Ma\u00dfgeschneiderte Kitting-L\u00f6sungen<\/b> zugeschnitten auf studienspezifische Anforderungen<\/li><li><b>Regulatorische Unterst\u00fctzung<\/b> f\u00fcr Ein- und Ausfuhrgenehmigungen und die Einhaltung von Vorschriften<\/li><li><b>Flexible Abl\u00e4ufe<\/b>, einschlie\u00dflich erweiterter \u00d6ffnungszeiten f\u00fcr zeitkritische Lieferungen<\/li><li><b>Optimierte Logistikplanung<\/b> f\u00fcr sicheren und effizienten Transport<\/li><li><b>Erfahrung mit globalen Kurierdiensten<\/b>, einschlie\u00dflich World Courier, Marken, FedEx und andere<\/li><\/ul>\t\t\t\t\t\t\t\t<\/div>\n\t\t\t\t<\/div>\n\t\t\t\t\t<\/div>\n\t\t\t\t<\/div>\n\t\t\t\t<\/div>","protected":false},"excerpt":{"rendered":"<p>ATLATL operates as a connected global R&amp;D network, enabling teams to design, execute, and scale programs across locations without building new infrastructure. By integrating labs, logistics, and on-site execution, we provide a seamless environment where research can move efficiently from [&hellip;]<\/p>\n","protected":false},"author":1,"featured_media":0,"parent":742,"menu_order":2,"comment_status":"closed","ping_status":"closed","template":"","meta":{"_seopress_robots_primary_cat":"","_seopress_titles_title":"","_seopress_titles_desc":"","_seopress_robots_index":"","site-sidebar-layout":"left-sidebar","site-content-layout":"boxed-container","ast-site-content-layout":"normal-width-container","site-content-style":"boxed","site-sidebar-style":"boxed","ast-global-header-display":"","ast-banner-title-visibility":"","ast-main-header-display":"","ast-hfb-above-header-display":"","ast-hfb-below-header-display":"","ast-hfb-mobile-header-display":"","site-post-title":"disabled","ast-breadcrumbs-content":"","ast-featured-img":"disabled","footer-sml-layout":"","ast-disable-related-posts":"","theme-transparent-header-meta":"","adv-header-id-meta":"","stick-header-meta":"","header-above-stick-meta":"","header-main-stick-meta":"","header-below-stick-meta":"","astra-migrate-meta-layouts":"set","ast-page-background-enabled":"default","ast-page-background-meta":{"desktop":{"background-color":"var(--ast-global-color-4)","background-image":"","background-repeat":"repeat","background-position":"center center","background-size":"auto","background-attachment":"scroll","background-type":"","background-media":"","overlay-type":"","overlay-color":"","overlay-opacity":"","overlay-gradient":""},"tablet":{"background-color":"","background-image":"","background-repeat":"repeat","background-position":"center center","background-size":"auto","background-attachment":"scroll","background-type":"","background-media":"","overlay-type":"","overlay-color":"","overlay-opacity":"","overlay-gradient":""},"mobile":{"background-color":"","background-image":"","background-repeat":"repeat","background-position":"center center","background-size":"auto","background-attachment":"scroll","background-type":"","background-media":"","overlay-type":"","overlay-color":"","overlay-opacity":"","overlay-gradient":""}},"ast-content-background-meta":{"desktop":{"background-color":"var(--ast-global-color-5)","background-image":"","background-repeat":"repeat","background-position":"center center","background-size":"auto","background-attachment":"scroll","background-type":"","background-media":"","overlay-type":"","overlay-color":"","overlay-opacity":"","overlay-gradient":""},"tablet":{"background-color":"var(--ast-global-color-5)","background-image":"","background-repeat":"repeat","background-position":"center center","background-size":"auto","background-attachment":"scroll","background-type":"","background-media":"","overlay-type":"","overlay-color":"","overlay-opacity":"","overlay-gradient":""},"mobile":{"background-color":"var(--ast-global-color-5)","background-image":"","background-repeat":"repeat","background-position":"center center","background-size":"auto","background-attachment":"scroll","background-type":"","background-media":"","overlay-type":"","overlay-color":"","overlay-opacity":"","overlay-gradient":""}},"footnotes":""},"class_list":["post-1800","page","type-page","status-publish"],"acf":[],"_links":{"self":[{"href":"https:\/\/www.atlatl.center\/de\/wp-json\/wp\/v2\/pages\/1800","targetHints":{"allow":["GET"]}}],"collection":[{"href":"https:\/\/www.atlatl.center\/de\/wp-json\/wp\/v2\/pages"}],"about":[{"href":"https:\/\/www.atlatl.center\/de\/wp-json\/wp\/v2\/types\/page"}],"author":[{"embeddable":true,"href":"https:\/\/www.atlatl.center\/de\/wp-json\/wp\/v2\/users\/1"}],"replies":[{"embeddable":true,"href":"https:\/\/www.atlatl.center\/de\/wp-json\/wp\/v2\/comments?post=1800"}],"version-history":[{"count":10,"href":"https:\/\/www.atlatl.center\/de\/wp-json\/wp\/v2\/pages\/1800\/revisions"}],"predecessor-version":[{"id":4011,"href":"https:\/\/www.atlatl.center\/de\/wp-json\/wp\/v2\/pages\/1800\/revisions\/4011"}],"up":[{"embeddable":true,"href":"https:\/\/www.atlatl.center\/de\/wp-json\/wp\/v2\/pages\/742"}],"wp:attachment":[{"href":"https:\/\/www.atlatl.center\/de\/wp-json\/wp\/v2\/media?parent=1800"}],"curies":[{"name":"wp","href":"https:\/\/api.w.org\/{rel}","templated":true}]}}