{"id":1796,"date":"2022-08-26T17:52:31","date_gmt":"2022-08-26T09:52:31","guid":{"rendered":"https:\/\/atlatl.wpkz.cc\/?page_id=1796"},"modified":"2026-04-22T17:46:15","modified_gmt":"2026-04-22T09:46:15","slug":"by-function","status":"publish","type":"page","link":"https:\/\/www.atlatl.center\/de\/labs-facilities\/lab-space\/by-function\/","title":{"rendered":"Nach Compliance"},"content":{"rendered":"<div data-elementor-type=\"wp-page\" data-elementor-id=\"1796\" class=\"elementor elementor-1796\">\n\t\t\t\t<div class=\"elementor-element elementor-element-95516fd e-flex e-con-boxed elementor-invisible e-con e-parent\" data-id=\"95516fd\" data-element_type=\"container\" data-e-type=\"container\" data-settings=\"{&quot;animation&quot;:&quot;fadeInUp&quot;}\">\n\t\t\t\t\t<div class=\"e-con-inner\">\n\t\t\t\t<div class=\"elementor-element elementor-element-5ef44f4 elementor-widget elementor-widget-text-editor\" data-id=\"5ef44f4\" data-element_type=\"widget\" data-e-type=\"widget\" data-widget_type=\"text-editor.default\">\n\t\t\t\t<div class=\"elementor-widget-container\">\n\t\t\t\t\t\t\t\t\t<p>ATLATL bietet Laborumgebungen, die auf eine Reihe von regulatorischen und Forschungsanforderungen zugeschnitten sind und es den Teams erm\u00f6glichen, das richtige Ma\u00df an Compliance f\u00fcr ihre Entwicklungsphase zu w\u00e4hlen \u2013 von der fr\u00fchen Entdeckung bis zur regulierten Fertigung. Jeder Labortyp wird durch professionelle EHS-Systeme, Facility Management und standardisierte Betriebsprotokolle unterst\u00fctzt, um Sicherheit, Zuverl\u00e4ssigkeit und Skalierbarkeit zu gew\u00e4hrleisten.<\/p>\t\t\t\t\t\t\t\t<\/div>\n\t\t\t\t<\/div>\n\t\t\t\t<div class=\"elementor-element elementor-element-2d27989 elementor-widget-divider--view-line elementor-widget elementor-widget-divider\" data-id=\"2d27989\" data-element_type=\"widget\" data-e-type=\"widget\" data-widget_type=\"divider.default\">\n\t\t\t\t<div class=\"elementor-widget-container\">\n\t\t\t\t\t\t\t<div class=\"elementor-divider\">\n\t\t\t<span class=\"elementor-divider-separator\">\n\t\t\t\t\t\t<\/span>\n\t\t<\/div>\n\t\t\t\t\t\t<\/div>\n\t\t\t\t<\/div>\n\t\t\t\t\t<\/div>\n\t\t\t\t<\/div>\n\t\t<div class=\"elementor-element elementor-element-f9e3f42 e-flex e-con-boxed elementor-invisible e-con e-parent\" data-id=\"f9e3f42\" data-element_type=\"container\" data-e-type=\"container\" data-settings=\"{&quot;animation&quot;:&quot;fadeInUp&quot;}\">\n\t\t\t\t\t<div class=\"e-con-inner\">\n\t\t\t\t<div class=\"elementor-element elementor-element-ead8847 elementor-widget elementor-widget-heading\" data-id=\"ead8847\" data-element_type=\"widget\" data-e-type=\"widget\" data-widget_type=\"heading.default\">\n\t\t\t\t<div class=\"elementor-widget-container\">\n\t\t\t\t\t<h4 class=\"elementor-heading-title elementor-size-default\">Standard Forschungs- und Entwicklungslabore\n<\/h4>\t\t\t\t<\/div>\n\t\t\t\t<\/div>\n\t\t<div class=\"elementor-element elementor-element-7904775 e-con-full e-flex elementor-invisible e-con e-child\" data-id=\"7904775\" data-element_type=\"container\" data-e-type=\"container\" data-settings=\"{&quot;animation&quot;:&quot;fadeInUp&quot;}\">\n\t\t\t\t<div class=\"elementor-element elementor-element-c68e45d elementor-widget elementor-widget-text-editor\" data-id=\"c68e45d\" data-element_type=\"widget\" data-e-type=\"widget\" data-widget_type=\"text-editor.default\">\n\t\t\t\t<div class=\"elementor-widget-container\">\n\t\t\t\t\t\t\t\t\t<p>Flexible, vielseitig einsetzbare Laborumgebungen, die f\u00fcr <strong>Routinebiologie, -chemie und -molekularforschung<\/strong>. Diese Labore unterst\u00fctzen eine breite Palette von Aktivit\u00e4ten im fr\u00fchen Stadium, einschlie\u00dflich <strong>Zielentdeckung, Assay-Entwicklung und explorative Experimente<\/strong>. Mit anpassbaren Layouts und gemeinsamer Infrastruktur bieten sie eine effiziente, kosteng\u00fcnstige Umgebung f\u00fcr Teams <strong>Forschen Sie schnell und iterieren Sie frei. <\/strong><\/p>\t\t\t\t\t\t\t\t<\/div>\n\t\t\t\t<\/div>\n\t\t\t\t<\/div>\n\t\t\t\t<div class=\"elementor-element elementor-element-7875822 elementor-widget elementor-widget-heading\" data-id=\"7875822\" data-element_type=\"widget\" data-e-type=\"widget\" data-widget_type=\"heading.default\">\n\t\t\t\t<div class=\"elementor-widget-container\">\n\t\t\t\t\t<h4 class=\"elementor-heading-title elementor-size-default\">Chemie-Laboratorien<\/h4>\t\t\t\t<\/div>\n\t\t\t\t<\/div>\n\t\t\t\t<div class=\"elementor-element elementor-element-9ff20a7 elementor-widget elementor-widget-text-editor\" data-id=\"9ff20a7\" data-element_type=\"widget\" data-e-type=\"widget\" data-widget_type=\"text-editor.default\">\n\t\t\t\t<div class=\"elementor-widget-container\">\n\t\t\t\t\t\t\t\t\t<p>Entwickelt f\u00fcr <strong>Synthese kleiner Molek\u00fcle, chemische Reaktionen und analytische Arbeitsabl\u00e4ufe<\/strong>, die die fr\u00fche Entdeckung und Entwicklung von Medikamenten unterst\u00fctzt.<\/p><p><strong> Anwendbare Verwendungszwecke:<\/strong><\/p><ul><li>Organische Synthese und die Entwicklung von Verbindungen<\/li><li>Chemische Analyse und Reinigung<\/li><li>Prozesschemie und Reaktionsoptimierung<\/li><\/ul><p><strong>Schl\u00fcsselmerkmale &amp; Ausstattung:<\/strong><\/p><ul><li>Abz\u00fcge<\/li><li>Rotationsverdampfer<\/li><li>Druckgassysteme<\/li><li>Trockenschr\u00e4nke \/ Trocken\u00f6fen<\/li><\/ul><p>Diese Labore sind ausgestattet mit <strong>Bel\u00fcftung, Sicherheitssysteme und Infrastruktur f\u00fcr den Chemikalienumgang<\/strong> um sichere und effiziente chemische Forschung zu unterst\u00fctzen.<\/p>\t\t\t\t\t\t\t\t<\/div>\n\t\t\t\t<\/div>\n\t\t\t\t<div class=\"elementor-element elementor-element-4964aa3 elementor-widget elementor-widget-image\" data-id=\"4964aa3\" data-element_type=\"widget\" data-e-type=\"widget\" data-widget_type=\"image.default\">\n\t\t\t\t<div class=\"elementor-widget-container\">\n\t\t\t\t\t\t\t\t\t\t\t\t\t\t\t<img fetchpriority=\"high\" decoding=\"async\" width=\"1000\" height=\"500\" src=\"https:\/\/www.atlatl.center\/wp-content\/uploads\/2026\/04\/tu-pian-2-1.png\" class=\"attachment-large size-large wp-image-3659\" alt=\"Bild 2\" srcset=\"https:\/\/www.atlatl.center\/wp-content\/uploads\/2026\/04\/tu-pian-2-1.png 1000w, https:\/\/www.atlatl.center\/wp-content\/uploads\/2026\/04\/tu-pian-2-1-768x384.png 768w, https:\/\/www.atlatl.center\/wp-content\/uploads\/2026\/04\/tu-pian-2-1-18x9.png 18w\" sizes=\"(max-width: 1000px) 100vw, 1000px\" \/>\t\t\t\t\t\t\t\t\t\t\t\t\t\t\t<\/div>\n\t\t\t\t<\/div>\n\t\t\t\t<div class=\"elementor-element elementor-element-fb1e20b elementor-widget-divider--view-line elementor-widget elementor-widget-divider\" data-id=\"fb1e20b\" data-element_type=\"widget\" data-e-type=\"widget\" data-widget_type=\"divider.default\">\n\t\t\t\t<div class=\"elementor-widget-container\">\n\t\t\t\t\t\t\t<div class=\"elementor-divider\">\n\t\t\t<span class=\"elementor-divider-separator\">\n\t\t\t\t\t\t<\/span>\n\t\t<\/div>\n\t\t\t\t\t\t<\/div>\n\t\t\t\t<\/div>\n\t\t\t\t\t<\/div>\n\t\t\t\t<\/div>\n\t\t<div class=\"elementor-element elementor-element-5eb64bc e-flex e-con-boxed elementor-invisible e-con e-parent\" data-id=\"5eb64bc\" data-element_type=\"container\" data-e-type=\"container\" data-settings=\"{&quot;animation&quot;:&quot;fadeInUp&quot;}\">\n\t\t\t\t\t<div class=\"e-con-inner\">\n\t\t\t\t<div class=\"elementor-element elementor-element-f8978da elementor-widget elementor-widget-heading\" data-id=\"f8978da\" data-element_type=\"widget\" data-e-type=\"widget\" data-widget_type=\"heading.default\">\n\t\t\t\t<div class=\"elementor-widget-container\">\n\t\t\t\t\t<h4 class=\"elementor-heading-title elementor-size-default\">Zellkulturlabore (BSL-1 &amp; BSL-2)<\/h4>\t\t\t\t<\/div>\n\t\t\t\t<\/div>\n\t\t\t\t<div class=\"elementor-element elementor-element-e39f43b elementor-widget elementor-widget-text-editor\" data-id=\"e39f43b\" data-element_type=\"widget\" data-e-type=\"widget\" data-widget_type=\"text-editor.default\">\n\t\t\t\t<div class=\"elementor-widget-container\">\n\t\t\t\t\t\t\t\t\t<p>Entwickelt f\u00fcr<strong> zellbasierte Forschung und biologische Arbeitsabl\u00e4ufe,<\/strong> einschlie\u00dflich Zellkultur, Transfektion, Entwicklung von Modellzellen und Virusproduktion (BSL-2).<\/p><p><strong> Anwendbare Verwendungszwecke:<\/strong><\/p><ul><li>S\u00e4ugerzellkultur und -vermehrung<\/li><li>Genbearbeitung und Transfektion (CRISPR, virale Vektoren)<\/li><li>Zelllinienentwicklung<\/li><li>Virusproduktion (nur in BSL-2-Umgebungen)<\/li><\/ul><p><strong>Schl\u00fcsselmerkmale &amp; Ausstattung:<\/strong><\/p><ul><li>Sicherheitswerkbank (Klasse II)<\/li><li>CO\u2082-Inkubatoren<\/li><li>Sch\u00fcttelapparate und Orbitalmischer<\/li><li>Zentrifugen<\/li><li>Invertierte Mikroskope<\/li><li>Automatisierte Zellz\u00e4hler<\/li><li>Elektroporationssysteme<\/li><\/ul><p>Diese Labore sind mit geeignetem <strong>Biosicherheitskontrollen, Luftstromsysteme und Zugangsmanagement<\/strong> um sichere und konforme biologische Forschung zu gew\u00e4hrleisten.<\/p>\t\t\t\t\t\t\t\t<\/div>\n\t\t\t\t<\/div>\n\t\t\t\t<div class=\"elementor-element elementor-element-444046e elementor-widget elementor-widget-image\" data-id=\"444046e\" data-element_type=\"widget\" data-e-type=\"widget\" data-widget_type=\"image.default\">\n\t\t\t\t<div class=\"elementor-widget-container\">\n\t\t\t\t\t\t\t\t\t\t\t\t\t\t\t<img decoding=\"async\" width=\"1000\" height=\"500\" src=\"https:\/\/www.atlatl.center\/wp-content\/uploads\/2026\/04\/tu-pian-3-1.png\" class=\"attachment-large size-large wp-image-3660\" alt=\"Bild 3\" srcset=\"https:\/\/www.atlatl.center\/wp-content\/uploads\/2026\/04\/tu-pian-3-1.png 1000w, https:\/\/www.atlatl.center\/wp-content\/uploads\/2026\/04\/tu-pian-3-1-768x384.png 768w, https:\/\/www.atlatl.center\/wp-content\/uploads\/2026\/04\/tu-pian-3-1-18x9.png 18w\" sizes=\"(max-width: 1000px) 100vw, 1000px\" \/>\t\t\t\t\t\t\t\t\t\t\t\t\t\t\t<\/div>\n\t\t\t\t<\/div>\n\t\t\t\t<div class=\"elementor-element elementor-element-7b60d56 elementor-widget-divider--view-line elementor-widget elementor-widget-divider\" data-id=\"7b60d56\" data-element_type=\"widget\" data-e-type=\"widget\" data-widget_type=\"divider.default\">\n\t\t\t\t<div class=\"elementor-widget-container\">\n\t\t\t\t\t\t\t<div class=\"elementor-divider\">\n\t\t\t<span class=\"elementor-divider-separator\">\n\t\t\t\t\t\t<\/span>\n\t\t<\/div>\n\t\t\t\t\t\t<\/div>\n\t\t\t\t<\/div>\n\t\t\t\t\t<\/div>\n\t\t\t\t<\/div>\n\t\t<div class=\"elementor-element elementor-element-d7bb11c e-flex e-con-boxed elementor-invisible e-con e-parent\" data-id=\"d7bb11c\" data-element_type=\"container\" data-e-type=\"container\" data-settings=\"{&quot;animation&quot;:&quot;fadeInUp&quot;}\">\n\t\t\t\t\t<div class=\"e-con-inner\">\n\t\t<div class=\"elementor-element elementor-element-264fa8b e-con-full e-flex e-con e-child\" data-id=\"264fa8b\" data-element_type=\"container\" data-e-type=\"container\">\n\t\t\t\t<div class=\"elementor-element elementor-element-3f506f0 elementor-widget elementor-widget-heading\" data-id=\"3f506f0\" data-element_type=\"widget\" data-e-type=\"widget\" data-widget_type=\"heading.default\">\n\t\t\t\t<div class=\"elementor-widget-container\">\n\t\t\t\t\t<h4 class=\"elementor-heading-title elementor-size-default\">GMP \/ GLP-konforme Labore<\/h4>\t\t\t\t<\/div>\n\t\t\t\t<\/div>\n\t\t\t\t<div class=\"elementor-element elementor-element-11d1798 elementor-widget elementor-widget-text-editor\" data-id=\"11d1798\" data-element_type=\"widget\" data-e-type=\"widget\" data-widget_type=\"text-editor.default\">\n\t\t\t\t<div class=\"elementor-widget-container\">\n\t\t\t\t\t\t\t\t\t<p>Entwickelt zur Unterst\u00fctzung <strong>Regulierte Arbeitsabl\u00e4ufe<\/strong> f\u00fcr Entwicklungs-, Validierungs- und fr\u00fche Herstellungsaktivit\u00e4ten.<\/p><p><strong>Anwendbare Verwendungszwecke:<\/strong><\/p><ul><li>Prozessentwicklung f\u00fcr Zell- und Gentherapie<\/li><li>Assay-Validierung und Qualit\u00e4tskontrolle<\/li><li>Pr\u00e4klinische und klinische Probenvorbereitung<\/li><li>Pilotproduktion und Scale-up<\/li><\/ul><p><strong>Hauptmerkmale &amp; Infrastruktur:<\/strong><\/p><ul><li>Kontrollierte Umgebungen mit <strong>Reinraumgerechtes Design<\/strong><\/li><li><strong> HEPA-Filterung und kontrollierte Luftstromsysteme<\/strong><\/li><li>Dedizierter Material- und Personalfluss<\/li><li>Dokumentationsbereite Infrastruktur f\u00fcr Compliance<\/li><li>Unterst\u00fctzung f\u00fcr Qualit\u00e4tssysteme und Validierungs-Workflows<\/li><\/ul><p>Diese Labore erm\u00f6glichen es Teams, <strong>reibungsloser \u00dcbergang von der Forschung zur regulierten Entwicklung<\/strong>, wodurch die Notwendigkeit von Verlagerungen reduziert und der Weg zur klinischen und kommerziellen Bereitschaft beschleunigt wird.<\/p>\t\t\t\t\t\t\t\t<\/div>\n\t\t\t\t<\/div>\n\t\t\t\t<div class=\"elementor-element elementor-element-c90305e elementor-widget elementor-widget-image\" data-id=\"c90305e\" data-element_type=\"widget\" data-e-type=\"widget\" data-widget_type=\"image.default\">\n\t\t\t\t<div class=\"elementor-widget-container\">\n\t\t\t\t\t\t\t\t\t\t\t\t\t\t\t<img decoding=\"async\" src=\"https:\/\/www.atlatl.center\/wp-content\/uploads\/elementor\/thumbs\/tu-pian-11-scaled-e1776750226560-rmbj8huuvolyztetzpm468zfsxx1hti63lt0cfhjt4.png\" title=\"Bild 1(1)\" alt=\"Bild 1(1)\" loading=\"lazy\" \/>\t\t\t\t\t\t\t\t\t\t\t\t\t\t\t<\/div>\n\t\t\t\t<\/div>\n\t\t\t\t<\/div>\n\t\t\t\t\t<\/div>\n\t\t\t\t<\/div>\n\t\t\t\t<\/div>","protected":false},"excerpt":{"rendered":"<p>ATLATL offers lab environments designed to meet a range of regulatory and research requirements, enabling teams to select the right level of compliance for their stage of development\u2014from early discovery to regulated manufacturing. Each lab type is supported by professional [&hellip;]<\/p>\n","protected":false},"author":1,"featured_media":0,"parent":1792,"menu_order":1,"comment_status":"closed","ping_status":"closed","template":"","meta":{"_seopress_robots_primary_cat":"","_seopress_titles_title":"","_seopress_titles_desc":"","_seopress_robots_index":"","site-sidebar-layout":"left-sidebar","site-content-layout":"boxed-container","ast-site-content-layout":"normal-width-container","site-content-style":"boxed","site-sidebar-style":"boxed","ast-global-header-display":"","ast-banner-title-visibility":"","ast-main-header-display":"","ast-hfb-above-header-display":"","ast-hfb-below-header-display":"","ast-hfb-mobile-header-display":"","site-post-title":"disabled","ast-breadcrumbs-content":"","ast-featured-img":"disabled","footer-sml-layout":"","ast-disable-related-posts":"","theme-transparent-header-meta":"","adv-header-id-meta":"","stick-header-meta":"","header-above-stick-meta":"","header-main-stick-meta":"","header-below-stick-meta":"","astra-migrate-meta-layouts":"set","ast-page-background-enabled":"default","ast-page-background-meta":{"desktop":{"background-color":"var(--ast-global-color-4)","background-image":"","background-repeat":"repeat","background-position":"center center","background-size":"auto","background-attachment":"scroll","background-type":"","background-media":"","overlay-type":"","overlay-color":"","overlay-opacity":"","overlay-gradient":""},"tablet":{"background-color":"","background-image":"","background-repeat":"repeat","background-position":"center center","background-size":"auto","background-attachment":"scroll","background-type":"","background-media":"","overlay-type":"","overlay-color":"","overlay-opacity":"","overlay-gradient":""},"mobile":{"background-color":"","background-image":"","background-repeat":"repeat","background-position":"center center","background-size":"auto","background-attachment":"scroll","background-type":"","background-media":"","overlay-type":"","overlay-color":"","overlay-opacity":"","overlay-gradient":""}},"ast-content-background-meta":{"desktop":{"background-color":"var(--ast-global-color-5)","background-image":"","background-repeat":"repeat","background-position":"center center","background-size":"auto","background-attachment":"scroll","background-type":"","background-media":"","overlay-type":"","overlay-color":"","overlay-opacity":"","overlay-gradient":""},"tablet":{"background-color":"var(--ast-global-color-5)","background-image":"","background-repeat":"repeat","background-position":"center center","background-size":"auto","background-attachment":"scroll","background-type":"","background-media":"","overlay-type":"","overlay-color":"","overlay-opacity":"","overlay-gradient":""},"mobile":{"background-color":"var(--ast-global-color-5)","background-image":"","background-repeat":"repeat","background-position":"center center","background-size":"auto","background-attachment":"scroll","background-type":"","background-media":"","overlay-type":"","overlay-color":"","overlay-opacity":"","overlay-gradient":""}},"footnotes":""},"class_list":["post-1796","page","type-page","status-publish"],"acf":[],"_links":{"self":[{"href":"https:\/\/www.atlatl.center\/de\/wp-json\/wp\/v2\/pages\/1796","targetHints":{"allow":["GET"]}}],"collection":[{"href":"https:\/\/www.atlatl.center\/de\/wp-json\/wp\/v2\/pages"}],"about":[{"href":"https:\/\/www.atlatl.center\/de\/wp-json\/wp\/v2\/types\/page"}],"author":[{"embeddable":true,"href":"https:\/\/www.atlatl.center\/de\/wp-json\/wp\/v2\/users\/1"}],"replies":[{"embeddable":true,"href":"https:\/\/www.atlatl.center\/de\/wp-json\/wp\/v2\/comments?post=1796"}],"version-history":[{"count":10,"href":"https:\/\/www.atlatl.center\/de\/wp-json\/wp\/v2\/pages\/1796\/revisions"}],"predecessor-version":[{"id":4005,"href":"https:\/\/www.atlatl.center\/de\/wp-json\/wp\/v2\/pages\/1796\/revisions\/4005"}],"up":[{"embeddable":true,"href":"https:\/\/www.atlatl.center\/de\/wp-json\/wp\/v2\/pages\/1792"}],"wp:attachment":[{"href":"https:\/\/www.atlatl.center\/de\/wp-json\/wp\/v2\/media?parent=1796"}],"curies":[{"name":"wp","href":"https:\/\/api.w.org\/{rel}","templated":true}]}}